{"id":1921,"date":"2025-04-18T05:27:50","date_gmt":"2025-04-18T03:27:50","guid":{"rendered":"https:\/\/www.regionalis.shop\/kolibri-ds\/product\/taschengurt-lilie-gruen\/"},"modified":"2025-04-18T05:27:50","modified_gmt":"2025-04-18T03:27:50","slug":"taschengurt-lilie-gruen","status":"publish","type":"product","link":"https:\/\/www.regionalis.shop\/kolibri-ds\/shop\/taschengurt-lilie-gruen\/","title":{"rendered":"Taschengurt &#8211; Lilie Gr\u00fcn"},"content":{"rendered":"<p>Taschengurt oder Kameragurt<br \/>\nSatinband nach alten Webmustern.<br \/>\nAufgen\u00e4ht auf Baumwollband<br \/>\nL\u00e4nge max. ca. 150cm<br \/>\nOptional mit Federkarbiner oder Karabinerring<br \/>\nSollte die gew\u00fcnschte Kombination gerade ausverkauft sein, bitte einfach melden, kann gerne nach Wunsch assembliert werden.<br \/>\nEine Kooperation mit Kupferdach Productions<\/p>\n","protected":false},"excerpt":{"rendered":"<p>Taschengurt oder Kameragurt Satinband nach alten Webmustern. Aufgen\u00e4ht auf Baumwollband L\u00e4nge max. ca. 150cm Optional mit Federkarbiner oder Karabinerring Sollte die gew\u00fcnschte Kombination gerade ausverkauft sein, bitte einfach melden, kann gerne nach Wunsch assembliert werden. Eine Kooperation mit Kupferdach Productions<\/p>\n","protected":false},"featured_media":1922,"template":"","meta":{"_acf_changed":false},"product_brand":[],"product_cat":[37,82],"product_tag":[],"class_list":{"0":"post-1921","1":"product","2":"type-product","3":"status-publish","4":"has-post-thumbnail","6":"product_cat-accessoires","7":"product_cat-sonstiges-accessoires","9":"first","10":"instock","11":"purchasable","12":"product-type-simple"},"acf":[],"_links":{"self":[{"href":"https:\/\/www.regionalis.shop\/kolibri-ds\/wp-json\/wp\/v2\/product\/1921","targetHints":{"allow":["GET"]}}],"collection":[{"href":"https:\/\/www.regionalis.shop\/kolibri-ds\/wp-json\/wp\/v2\/product"}],"about":[{"href":"https:\/\/www.regionalis.shop\/kolibri-ds\/wp-json\/wp\/v2\/types\/product"}],"wp:featuredmedia":[{"embeddable":true,"href":"https:\/\/www.regionalis.shop\/kolibri-ds\/wp-json\/wp\/v2\/media\/1922"}],"wp:attachment":[{"href":"https:\/\/www.regionalis.shop\/kolibri-ds\/wp-json\/wp\/v2\/media?parent=1921"}],"wp:term":[{"taxonomy":"product_brand","embeddable":true,"href":"https:\/\/www.regionalis.shop\/kolibri-ds\/wp-json\/wp\/v2\/product_brand?post=1921"},{"taxonomy":"product_cat","embeddable":true,"href":"https:\/\/www.regionalis.shop\/kolibri-ds\/wp-json\/wp\/v2\/product_cat?post=1921"},{"taxonomy":"product_tag","embeddable":true,"href":"https:\/\/www.regionalis.shop\/kolibri-ds\/wp-json\/wp\/v2\/product_tag?post=1921"}],"curies":[{"name":"wp","href":"https:\/\/api.w.org\/{rel}","templated":true}]}}