{"id":1961,"date":"2025-04-18T05:18:02","date_gmt":"2025-04-18T03:18:02","guid":{"rendered":"https:\/\/www.regionalis.shop\/kolibri-ds\/product\/kette-schneiderlein\/"},"modified":"2025-04-18T05:18:02","modified_gmt":"2025-04-18T03:18:02","slug":"kette-schneiderlein","status":"publish","type":"product","link":"https:\/\/www.regionalis.shop\/kolibri-ds\/shop\/kette-schneiderlein\/","title":{"rendered":"Kette Schneiderlein"},"content":{"rendered":"<p>Kette mit Seiden &#8211; Quaste, Unterspule und ein Anh\u00e4nger mit Schneiderei-Motiv<br \/>\nZum Beispiel N\u00e4hmaschine, Ma\u00dfband, Fingerhut, Schere,&#8230;..<\/p>\n","protected":false},"excerpt":{"rendered":"<p>Kette mit Seiden &#8211; Quaste, Unterspule und ein Anh\u00e4nger mit Schneiderei-Motiv Zum Beispiel N\u00e4hmaschine, Ma\u00dfband, Fingerhut, Schere,&#8230;..<\/p>\n","protected":false},"featured_media":1962,"template":"","meta":{"_acf_changed":false},"product_brand":[],"product_cat":[141,70],"product_tag":[],"class_list":{"0":"post-1961","1":"product","2":"type-product","3":"status-publish","4":"has-post-thumbnail","6":"product_cat-halsketten","7":"product_cat-schmuck","9":"first","10":"instock","11":"purchasable","12":"product-type-simple"},"acf":[],"_links":{"self":[{"href":"https:\/\/www.regionalis.shop\/kolibri-ds\/wp-json\/wp\/v2\/product\/1961","targetHints":{"allow":["GET"]}}],"collection":[{"href":"https:\/\/www.regionalis.shop\/kolibri-ds\/wp-json\/wp\/v2\/product"}],"about":[{"href":"https:\/\/www.regionalis.shop\/kolibri-ds\/wp-json\/wp\/v2\/types\/product"}],"wp:featuredmedia":[{"embeddable":true,"href":"https:\/\/www.regionalis.shop\/kolibri-ds\/wp-json\/wp\/v2\/media\/1962"}],"wp:attachment":[{"href":"https:\/\/www.regionalis.shop\/kolibri-ds\/wp-json\/wp\/v2\/media?parent=1961"}],"wp:term":[{"taxonomy":"product_brand","embeddable":true,"href":"https:\/\/www.regionalis.shop\/kolibri-ds\/wp-json\/wp\/v2\/product_brand?post=1961"},{"taxonomy":"product_cat","embeddable":true,"href":"https:\/\/www.regionalis.shop\/kolibri-ds\/wp-json\/wp\/v2\/product_cat?post=1961"},{"taxonomy":"product_tag","embeddable":true,"href":"https:\/\/www.regionalis.shop\/kolibri-ds\/wp-json\/wp\/v2\/product_tag?post=1961"}],"curies":[{"name":"wp","href":"https:\/\/api.w.org\/{rel}","templated":true}]}}