{"id":1987,"date":"2025-04-18T04:06:54","date_gmt":"2025-04-18T02:06:54","guid":{"rendered":"https:\/\/www.regionalis.shop\/kolibri-ds\/product\/dekoglas-ganz-viel-liebe\/"},"modified":"2025-04-18T04:06:54","modified_gmt":"2025-04-18T02:06:54","slug":"dekoglas-ganz-viel-liebe","status":"publish","type":"product","link":"https:\/\/www.regionalis.shop\/kolibri-ds\/shop\/dekoglas-ganz-viel-liebe\/","title":{"rendered":"Dekoglas  &#8211; Ganz viel Liebe"},"content":{"rendered":"<p>Ein \u00fcber 50 Jahre altes Einmachglas<br \/>\nmit &#8222;GANZ VIEL LIEBE&#8220; bedruckt, im \u00fcbertragenem, wie im W\u00f6rtlichen Sinn<br \/>\nAls Windlicht, als M\u00fcnzsammelglas, als Geschenkverpackung, als Blumenvase,&#8230;.zu verwenden<\/p>\n","protected":false},"excerpt":{"rendered":"<p>Ein \u00fcber 50 Jahre altes Einmachglas mit &#8222;GANZ VIEL LIEBE&#8220; bedruckt, im \u00fcbertragenem, wie im W\u00f6rtlichen Sinn Als Windlicht, als M\u00fcnzsammelglas, als Geschenkverpackung, als Blumenvase,&#8230;.zu verwenden<\/p>\n","protected":false},"featured_media":1988,"template":"","meta":{"_acf_changed":false},"product_brand":[],"product_cat":[173,103],"product_tag":[],"class_list":{"0":"post-1987","1":"product","2":"type-product","3":"status-publish","4":"has-post-thumbnail","6":"product_cat-weihnachten","7":"product_cat-wohnen-deko","9":"first","10":"instock","11":"purchasable","12":"product-type-simple"},"acf":[],"_links":{"self":[{"href":"https:\/\/www.regionalis.shop\/kolibri-ds\/wp-json\/wp\/v2\/product\/1987","targetHints":{"allow":["GET"]}}],"collection":[{"href":"https:\/\/www.regionalis.shop\/kolibri-ds\/wp-json\/wp\/v2\/product"}],"about":[{"href":"https:\/\/www.regionalis.shop\/kolibri-ds\/wp-json\/wp\/v2\/types\/product"}],"wp:featuredmedia":[{"embeddable":true,"href":"https:\/\/www.regionalis.shop\/kolibri-ds\/wp-json\/wp\/v2\/media\/1988"}],"wp:attachment":[{"href":"https:\/\/www.regionalis.shop\/kolibri-ds\/wp-json\/wp\/v2\/media?parent=1987"}],"wp:term":[{"taxonomy":"product_brand","embeddable":true,"href":"https:\/\/www.regionalis.shop\/kolibri-ds\/wp-json\/wp\/v2\/product_brand?post=1987"},{"taxonomy":"product_cat","embeddable":true,"href":"https:\/\/www.regionalis.shop\/kolibri-ds\/wp-json\/wp\/v2\/product_cat?post=1987"},{"taxonomy":"product_tag","embeddable":true,"href":"https:\/\/www.regionalis.shop\/kolibri-ds\/wp-json\/wp\/v2\/product_tag?post=1987"}],"curies":[{"name":"wp","href":"https:\/\/api.w.org\/{rel}","templated":true}]}}