{"id":2020,"date":"2025-04-18T04:04:06","date_gmt":"2025-04-18T02:04:06","guid":{"rendered":"https:\/\/www.regionalis.shop\/kolibri-ds\/product\/buecherlampe-flucht-aus-dem-bambusgarten\/"},"modified":"2025-04-18T04:04:06","modified_gmt":"2025-04-18T02:04:06","slug":"buecherlampe-flucht-aus-dem-bambusgarten","status":"publish","type":"product","link":"https:\/\/www.regionalis.shop\/kolibri-ds\/shop\/buecherlampe-flucht-aus-dem-bambusgarten\/","title":{"rendered":"B\u00fccherlampe &#8211; Flucht aus dem Bambusgarten"},"content":{"rendered":"<p>Diese Schmuckst\u00fcck von einem Buch war f\u00fcr den M\u00fcll vorgesehen.<br \/>\nNun kann es dich erleuchten.<br \/>\nE27 Fassung, Kippschalter<br \/>\nLED-Leuchtk\u00f6rper im Lieferumfang enthalten<\/p>\n","protected":false},"excerpt":{"rendered":"<p>Diese Schmuckst\u00fcck von einem Buch war f\u00fcr den M\u00fcll vorgesehen. Nun kann es dich erleuchten. E27 Fassung, Kippschalter LED-Leuchtk\u00f6rper im Lieferumfang enthalten<\/p>\n","protected":false},"featured_media":2021,"template":"","meta":{"_acf_changed":false},"product_brand":[],"product_cat":[156,103],"product_tag":[],"class_list":{"0":"post-2020","1":"product","2":"type-product","3":"status-publish","4":"has-post-thumbnail","6":"product_cat-lampen-beleuchtung","7":"product_cat-wohnen-deko","9":"first","10":"instock","11":"purchasable","12":"product-type-simple"},"acf":[],"_links":{"self":[{"href":"https:\/\/www.regionalis.shop\/kolibri-ds\/wp-json\/wp\/v2\/product\/2020","targetHints":{"allow":["GET"]}}],"collection":[{"href":"https:\/\/www.regionalis.shop\/kolibri-ds\/wp-json\/wp\/v2\/product"}],"about":[{"href":"https:\/\/www.regionalis.shop\/kolibri-ds\/wp-json\/wp\/v2\/types\/product"}],"wp:featuredmedia":[{"embeddable":true,"href":"https:\/\/www.regionalis.shop\/kolibri-ds\/wp-json\/wp\/v2\/media\/2021"}],"wp:attachment":[{"href":"https:\/\/www.regionalis.shop\/kolibri-ds\/wp-json\/wp\/v2\/media?parent=2020"}],"wp:term":[{"taxonomy":"product_brand","embeddable":true,"href":"https:\/\/www.regionalis.shop\/kolibri-ds\/wp-json\/wp\/v2\/product_brand?post=2020"},{"taxonomy":"product_cat","embeddable":true,"href":"https:\/\/www.regionalis.shop\/kolibri-ds\/wp-json\/wp\/v2\/product_cat?post=2020"},{"taxonomy":"product_tag","embeddable":true,"href":"https:\/\/www.regionalis.shop\/kolibri-ds\/wp-json\/wp\/v2\/product_tag?post=2020"}],"curies":[{"name":"wp","href":"https:\/\/api.w.org\/{rel}","templated":true}]}}