{"id":2022,"date":"2025-04-18T04:04:06","date_gmt":"2025-04-18T02:04:06","guid":{"rendered":"https:\/\/www.regionalis.shop\/kolibri-ds\/product\/buecherlampe-buecherturm-nesthaekchen\/"},"modified":"2025-04-18T04:04:06","modified_gmt":"2025-04-18T02:04:06","slug":"buecherlampe-buecherturm-nesthaekchen","status":"publish","type":"product","link":"https:\/\/www.regionalis.shop\/kolibri-ds\/shop\/buecherlampe-buecherturm-nesthaekchen\/","title":{"rendered":"B\u00fccherlampe &#8211; B\u00fccherturm &#8222;Nesth\u00e4kchen&#8220;"},"content":{"rendered":"<p>Taschenb\u00fccher von Schund bis Weltliteratur waren f\u00fcr den M\u00fcll vorgesehen.<br \/>\nNun k\u00f6nnen sie dich erleuchten.<br \/>\nE27 Fassung, Kippschalter<br \/>\nLED-Leuchtk\u00f6rper im Lieferumfang enthalten<\/p>\n","protected":false},"excerpt":{"rendered":"<p>Taschenb\u00fccher von Schund bis Weltliteratur waren f\u00fcr den M\u00fcll vorgesehen. Nun k\u00f6nnen sie dich erleuchten. E27 Fassung, Kippschalter LED-Leuchtk\u00f6rper im Lieferumfang enthalten<\/p>\n","protected":false},"featured_media":2023,"template":"","meta":{"_acf_changed":false},"product_brand":[],"product_cat":[156,103],"product_tag":[],"class_list":{"0":"post-2022","1":"product","2":"type-product","3":"status-publish","4":"has-post-thumbnail","6":"product_cat-lampen-beleuchtung","7":"product_cat-wohnen-deko","9":"first","10":"instock","11":"purchasable","12":"product-type-simple"},"acf":[],"_links":{"self":[{"href":"https:\/\/www.regionalis.shop\/kolibri-ds\/wp-json\/wp\/v2\/product\/2022","targetHints":{"allow":["GET"]}}],"collection":[{"href":"https:\/\/www.regionalis.shop\/kolibri-ds\/wp-json\/wp\/v2\/product"}],"about":[{"href":"https:\/\/www.regionalis.shop\/kolibri-ds\/wp-json\/wp\/v2\/types\/product"}],"wp:featuredmedia":[{"embeddable":true,"href":"https:\/\/www.regionalis.shop\/kolibri-ds\/wp-json\/wp\/v2\/media\/2023"}],"wp:attachment":[{"href":"https:\/\/www.regionalis.shop\/kolibri-ds\/wp-json\/wp\/v2\/media?parent=2022"}],"wp:term":[{"taxonomy":"product_brand","embeddable":true,"href":"https:\/\/www.regionalis.shop\/kolibri-ds\/wp-json\/wp\/v2\/product_brand?post=2022"},{"taxonomy":"product_cat","embeddable":true,"href":"https:\/\/www.regionalis.shop\/kolibri-ds\/wp-json\/wp\/v2\/product_cat?post=2022"},{"taxonomy":"product_tag","embeddable":true,"href":"https:\/\/www.regionalis.shop\/kolibri-ds\/wp-json\/wp\/v2\/product_tag?post=2022"}],"curies":[{"name":"wp","href":"https:\/\/api.w.org\/{rel}","templated":true}]}}