{"id":2063,"date":"2025-04-18T04:01:03","date_gmt":"2025-04-18T02:01:03","guid":{"rendered":"https:\/\/www.regionalis.shop\/kolibri-ds\/product\/dreieckstuch-sterne-und-spielplatz\/"},"modified":"2025-04-18T04:01:03","modified_gmt":"2025-04-18T02:01:03","slug":"dreieckstuch-sterne-und-spielplatz","status":"publish","type":"product","link":"https:\/\/www.regionalis.shop\/kolibri-ds\/shop\/dreieckstuch-sterne-und-spielplatz\/","title":{"rendered":"Dreieckstuch Sterne und Spielplatz"},"content":{"rendered":"<p>Gro\u00dfes Dreieckstuch<br \/>\nSchenkell\u00e4nge \u00fcber 140cm<br \/>\nBaumwolle und Satin<br \/>\nKann wendeseitig getragen werden, je nach Laune<\/p>\n","protected":false},"excerpt":{"rendered":"<p>Gro\u00dfes Dreieckstuch Schenkell\u00e4nge \u00fcber 140cm Baumwolle und Satin Kann wendeseitig getragen werden, je nach Laune<\/p>\n","protected":false},"featured_media":2064,"template":"","meta":{"_acf_changed":false},"product_brand":[],"product_cat":[37,67],"product_tag":[],"class_list":{"0":"post-2063","1":"product","2":"type-product","3":"status-publish","4":"has-post-thumbnail","6":"product_cat-accessoires","7":"product_cat-schals-halstuecher","9":"first","10":"instock","11":"purchasable","12":"product-type-simple"},"acf":[],"_links":{"self":[{"href":"https:\/\/www.regionalis.shop\/kolibri-ds\/wp-json\/wp\/v2\/product\/2063","targetHints":{"allow":["GET"]}}],"collection":[{"href":"https:\/\/www.regionalis.shop\/kolibri-ds\/wp-json\/wp\/v2\/product"}],"about":[{"href":"https:\/\/www.regionalis.shop\/kolibri-ds\/wp-json\/wp\/v2\/types\/product"}],"wp:featuredmedia":[{"embeddable":true,"href":"https:\/\/www.regionalis.shop\/kolibri-ds\/wp-json\/wp\/v2\/media\/2064"}],"wp:attachment":[{"href":"https:\/\/www.regionalis.shop\/kolibri-ds\/wp-json\/wp\/v2\/media?parent=2063"}],"wp:term":[{"taxonomy":"product_brand","embeddable":true,"href":"https:\/\/www.regionalis.shop\/kolibri-ds\/wp-json\/wp\/v2\/product_brand?post=2063"},{"taxonomy":"product_cat","embeddable":true,"href":"https:\/\/www.regionalis.shop\/kolibri-ds\/wp-json\/wp\/v2\/product_cat?post=2063"},{"taxonomy":"product_tag","embeddable":true,"href":"https:\/\/www.regionalis.shop\/kolibri-ds\/wp-json\/wp\/v2\/product_tag?post=2063"}],"curies":[{"name":"wp","href":"https:\/\/api.w.org\/{rel}","templated":true}]}}