{"id":2169,"date":"2025-04-18T03:12:49","date_gmt":"2025-04-18T01:12:49","guid":{"rendered":"https:\/\/www.regionalis.shop\/kolibri-ds\/product\/armband-ohm\/"},"modified":"2025-04-18T03:12:49","modified_gmt":"2025-04-18T01:12:49","slug":"armband-ohm","status":"publish","type":"product","link":"https:\/\/www.regionalis.shop\/kolibri-ds\/shop\/armband-ohm\/","title":{"rendered":"Armband  Ohm"},"content":{"rendered":"<p>Gr\u00f6\u00dfenverstellbares Armband. Metall nickelfrei, Band gewachste Baumwolle <\/p>\n<p>Einfach die gew\u00fcnschte Farbe des Bandes bei der Bestellung bekannt geben, es gibt (fast) alle Farben des Regenbogens.<\/p>\n","protected":false},"excerpt":{"rendered":"<p>Gr\u00f6\u00dfenverstellbares Armband. Metall nickelfrei, Band gewachste Baumwolle Einfach die gew\u00fcnschte Farbe des Bandes bei der Bestellung bekannt geben, es gibt (fast) alle Farben des Regenbogens.<\/p>\n","protected":false},"featured_media":2170,"template":"","meta":{"_acf_changed":false},"product_brand":[],"product_cat":[110,70],"product_tag":[],"class_list":{"0":"post-2169","1":"product","2":"type-product","3":"status-publish","4":"has-post-thumbnail","6":"product_cat-armbaender","7":"product_cat-schmuck","9":"first","10":"instock","11":"purchasable","12":"product-type-simple"},"acf":[],"_links":{"self":[{"href":"https:\/\/www.regionalis.shop\/kolibri-ds\/wp-json\/wp\/v2\/product\/2169","targetHints":{"allow":["GET"]}}],"collection":[{"href":"https:\/\/www.regionalis.shop\/kolibri-ds\/wp-json\/wp\/v2\/product"}],"about":[{"href":"https:\/\/www.regionalis.shop\/kolibri-ds\/wp-json\/wp\/v2\/types\/product"}],"wp:featuredmedia":[{"embeddable":true,"href":"https:\/\/www.regionalis.shop\/kolibri-ds\/wp-json\/wp\/v2\/media\/2170"}],"wp:attachment":[{"href":"https:\/\/www.regionalis.shop\/kolibri-ds\/wp-json\/wp\/v2\/media?parent=2169"}],"wp:term":[{"taxonomy":"product_brand","embeddable":true,"href":"https:\/\/www.regionalis.shop\/kolibri-ds\/wp-json\/wp\/v2\/product_brand?post=2169"},{"taxonomy":"product_cat","embeddable":true,"href":"https:\/\/www.regionalis.shop\/kolibri-ds\/wp-json\/wp\/v2\/product_cat?post=2169"},{"taxonomy":"product_tag","embeddable":true,"href":"https:\/\/www.regionalis.shop\/kolibri-ds\/wp-json\/wp\/v2\/product_tag?post=2169"}],"curies":[{"name":"wp","href":"https:\/\/api.w.org\/{rel}","templated":true}]}}