{"id":2202,"date":"2025-04-18T02:44:25","date_gmt":"2025-04-18T00:44:25","guid":{"rendered":"https:\/\/www.regionalis.shop\/kolibri-ds\/product\/upcycling-lampe-plane\/"},"modified":"2025-04-18T02:44:25","modified_gmt":"2025-04-18T00:44:25","slug":"upcycling-lampe-plane","status":"publish","type":"product","link":"https:\/\/www.regionalis.shop\/kolibri-ds\/shop\/upcycling-lampe-plane\/","title":{"rendered":"Upcycling Lampe &#8211; Plane"},"content":{"rendered":"<p>Lampenschirm handbespannt mit Teamplane der &#8222;Dacia Vienna Vikings.<br \/>\nJedes St\u00fcck f\u00fcr sich ein Einzelst\u00fcck<\/p>\n<p>Lampenschirm Zylindrisch, \u00d8 15 cm, 15 cm hoch<\/p>\n<p>Der ca. 50 cm hohe Lampenfu\u00df hat eine quadratischer Bodenplatte, die Fassung ist f\u00fcr 1 Leuchtmittel E27 (EEZ-Klasse A++ bis E) mit einer Leistung von max. 60 Watt ausgelegt. <\/p>\n<p>LED-Leuchtmittel im Lieferumfang enthalten<\/p>\n","protected":false},"excerpt":{"rendered":"<p>Lampenschirm handbespannt mit Teamplane der &#8222;Dacia Vienna Vikings. Jedes St\u00fcck f\u00fcr sich ein Einzelst\u00fcck Lampenschirm Zylindrisch, \u00d8 15 cm, 15 cm hoch Der ca. 50 cm hohe Lampenfu\u00df hat eine quadratischer Bodenplatte, die Fassung ist f\u00fcr 1 Leuchtmittel E27 (EEZ-Klasse A++ bis E) mit einer Leistung von max. 60 Watt ausgelegt. LED-Leuchtmittel im Lieferumfang enthalten<\/p>\n","protected":false},"featured_media":2203,"template":"","meta":{"_acf_changed":false},"product_brand":[],"product_cat":[156,103],"product_tag":[],"class_list":{"0":"post-2202","1":"product","2":"type-product","3":"status-publish","4":"has-post-thumbnail","6":"product_cat-lampen-beleuchtung","7":"product_cat-wohnen-deko","9":"first","10":"instock","11":"purchasable","12":"product-type-simple"},"acf":[],"_links":{"self":[{"href":"https:\/\/www.regionalis.shop\/kolibri-ds\/wp-json\/wp\/v2\/product\/2202","targetHints":{"allow":["GET"]}}],"collection":[{"href":"https:\/\/www.regionalis.shop\/kolibri-ds\/wp-json\/wp\/v2\/product"}],"about":[{"href":"https:\/\/www.regionalis.shop\/kolibri-ds\/wp-json\/wp\/v2\/types\/product"}],"wp:featuredmedia":[{"embeddable":true,"href":"https:\/\/www.regionalis.shop\/kolibri-ds\/wp-json\/wp\/v2\/media\/2203"}],"wp:attachment":[{"href":"https:\/\/www.regionalis.shop\/kolibri-ds\/wp-json\/wp\/v2\/media?parent=2202"}],"wp:term":[{"taxonomy":"product_brand","embeddable":true,"href":"https:\/\/www.regionalis.shop\/kolibri-ds\/wp-json\/wp\/v2\/product_brand?post=2202"},{"taxonomy":"product_cat","embeddable":true,"href":"https:\/\/www.regionalis.shop\/kolibri-ds\/wp-json\/wp\/v2\/product_cat?post=2202"},{"taxonomy":"product_tag","embeddable":true,"href":"https:\/\/www.regionalis.shop\/kolibri-ds\/wp-json\/wp\/v2\/product_tag?post=2202"}],"curies":[{"name":"wp","href":"https:\/\/api.w.org\/{rel}","templated":true}]}}