{"id":2213,"date":"2025-04-18T02:37:04","date_gmt":"2025-04-18T00:37:04","guid":{"rendered":"https:\/\/www.regionalis.shop\/kolibri-ds\/product\/ohrringe-ornament-rund-resin\/"},"modified":"2025-04-18T02:37:04","modified_gmt":"2025-04-18T00:37:04","slug":"ohrringe-ornament-rund-resin","status":"publish","type":"product","link":"https:\/\/www.regionalis.shop\/kolibri-ds\/shop\/ohrringe-ornament-rund-resin\/","title":{"rendered":"Ohrringe &#8211; Ornament Rund Resin"},"content":{"rendered":"<p>Ohrringe mit handgemachtem Resinanh\u00e4nger<br \/>\nDa jedes St\u00fcck quasi ein Einzelst\u00fcck ist, kann es zu Farbabweichungen kommen<br \/>\nVerf\u00fcgbar in Blau, Rosa und Gelb<br \/>\nMit Ohrsteckern jeweils in Gold- oder Silberfarben (Edelstahl)<\/p>\n","protected":false},"excerpt":{"rendered":"<p>Ohrringe mit handgemachtem Resinanh\u00e4nger Da jedes St\u00fcck quasi ein Einzelst\u00fcck ist, kann es zu Farbabweichungen kommen Verf\u00fcgbar in Blau, Rosa und Gelb Mit Ohrsteckern jeweils in Gold- oder Silberfarben (Edelstahl)<\/p>\n","protected":false},"featured_media":2214,"template":"","meta":{"_acf_changed":false},"product_brand":[],"product_cat":[163,70],"product_tag":[],"class_list":{"0":"post-2213","1":"product","2":"type-product","3":"status-publish","4":"has-post-thumbnail","6":"product_cat-ohrringe","7":"product_cat-schmuck","9":"first","10":"instock","11":"purchasable","12":"product-type-simple"},"acf":[],"_links":{"self":[{"href":"https:\/\/www.regionalis.shop\/kolibri-ds\/wp-json\/wp\/v2\/product\/2213","targetHints":{"allow":["GET"]}}],"collection":[{"href":"https:\/\/www.regionalis.shop\/kolibri-ds\/wp-json\/wp\/v2\/product"}],"about":[{"href":"https:\/\/www.regionalis.shop\/kolibri-ds\/wp-json\/wp\/v2\/types\/product"}],"wp:featuredmedia":[{"embeddable":true,"href":"https:\/\/www.regionalis.shop\/kolibri-ds\/wp-json\/wp\/v2\/media\/2214"}],"wp:attachment":[{"href":"https:\/\/www.regionalis.shop\/kolibri-ds\/wp-json\/wp\/v2\/media?parent=2213"}],"wp:term":[{"taxonomy":"product_brand","embeddable":true,"href":"https:\/\/www.regionalis.shop\/kolibri-ds\/wp-json\/wp\/v2\/product_brand?post=2213"},{"taxonomy":"product_cat","embeddable":true,"href":"https:\/\/www.regionalis.shop\/kolibri-ds\/wp-json\/wp\/v2\/product_cat?post=2213"},{"taxonomy":"product_tag","embeddable":true,"href":"https:\/\/www.regionalis.shop\/kolibri-ds\/wp-json\/wp\/v2\/product_tag?post=2213"}],"curies":[{"name":"wp","href":"https:\/\/api.w.org\/{rel}","templated":true}]}}