{"id":2226,"date":"2025-04-18T02:34:14","date_gmt":"2025-04-18T00:34:14","guid":{"rendered":"https:\/\/www.regionalis.shop\/kolibri-ds\/product\/blumenkrone-orange\/"},"modified":"2025-04-18T02:34:14","modified_gmt":"2025-04-18T00:34:14","slug":"blumenkrone-orange","status":"publish","type":"product","link":"https:\/\/www.regionalis.shop\/kolibri-ds\/shop\/blumenkrone-orange\/","title":{"rendered":"Blumenkrone- Orange"},"content":{"rendered":"<p>Ob f\u00fcr die Hochzeit, Erstkommunion oder einfach den n\u00e4chsten Einkauf im Supermarkt.<br \/>\nErwecke dein inneres Blumenkind.<br \/>\nBlumenkrone handgefertigt aus Stoffblumen<br \/>\nDurch B\u00e4nder zu schlie\u00dfen<\/p>\n","protected":false},"excerpt":{"rendered":"<p>Ob f\u00fcr die Hochzeit, Erstkommunion oder einfach den n\u00e4chsten Einkauf im Supermarkt. Erwecke dein inneres Blumenkind. Blumenkrone handgefertigt aus Stoffblumen Durch B\u00e4nder zu schlie\u00dfen<\/p>\n","protected":false},"featured_media":2227,"template":"","meta":{"_acf_changed":false},"product_brand":[],"product_cat":[37,43],"product_tag":[],"class_list":{"0":"post-2226","1":"product","2":"type-product","3":"status-publish","4":"has-post-thumbnail","6":"product_cat-accessoires","7":"product_cat-haaraccessoires","9":"first","10":"instock","11":"purchasable","12":"product-type-simple"},"acf":[],"_links":{"self":[{"href":"https:\/\/www.regionalis.shop\/kolibri-ds\/wp-json\/wp\/v2\/product\/2226","targetHints":{"allow":["GET"]}}],"collection":[{"href":"https:\/\/www.regionalis.shop\/kolibri-ds\/wp-json\/wp\/v2\/product"}],"about":[{"href":"https:\/\/www.regionalis.shop\/kolibri-ds\/wp-json\/wp\/v2\/types\/product"}],"wp:featuredmedia":[{"embeddable":true,"href":"https:\/\/www.regionalis.shop\/kolibri-ds\/wp-json\/wp\/v2\/media\/2227"}],"wp:attachment":[{"href":"https:\/\/www.regionalis.shop\/kolibri-ds\/wp-json\/wp\/v2\/media?parent=2226"}],"wp:term":[{"taxonomy":"product_brand","embeddable":true,"href":"https:\/\/www.regionalis.shop\/kolibri-ds\/wp-json\/wp\/v2\/product_brand?post=2226"},{"taxonomy":"product_cat","embeddable":true,"href":"https:\/\/www.regionalis.shop\/kolibri-ds\/wp-json\/wp\/v2\/product_cat?post=2226"},{"taxonomy":"product_tag","embeddable":true,"href":"https:\/\/www.regionalis.shop\/kolibri-ds\/wp-json\/wp\/v2\/product_tag?post=2226"}],"curies":[{"name":"wp","href":"https:\/\/api.w.org\/{rel}","templated":true}]}}