{"id":2228,"date":"2025-04-18T02:25:51","date_gmt":"2025-04-18T00:25:51","guid":{"rendered":"https:\/\/www.regionalis.shop\/kolibri-ds\/product\/upcycling-platzset-vienna-vikings\/"},"modified":"2025-04-18T02:25:51","modified_gmt":"2025-04-18T00:25:51","slug":"upcycling-platzset-vienna-vikings","status":"publish","type":"product","link":"https:\/\/www.regionalis.shop\/kolibri-ds\/shop\/upcycling-platzset-vienna-vikings\/","title":{"rendered":"Upcycling &#8211; Platzset &#8211; &#8222;Vienna Vikings&#8220;"},"content":{"rendered":"<p>Dieses Platzset ist ein Upcycling-Produkt individuell gefertigt in Wien aus einer Mannschaftsplane der \u201eDacia Vienna Vikings\u201c.<\/p>\n<p>Gelebte Nachhaltigkeit, weshalb auch jedes Set in ihrer Farbkombination ein Unikat ist.<\/p>\n<p>Eine Seite ist Violett, die andere in sich stimmig, kann Gelb sein, oder auch Gro\u00dfteiles eines der Sponsorenlogos beinhalten, zum Beispiel Hellblau<\/p>\n<p>Ma\u00dfe: 41x37cm<\/p>\n<p>Lieferumfang, 1 St\u00fcck<\/p>\n","protected":false},"excerpt":{"rendered":"<p>Dieses Platzset ist ein Upcycling-Produkt individuell gefertigt in Wien aus einer Mannschaftsplane der \u201eDacia Vienna Vikings\u201c. Gelebte Nachhaltigkeit, weshalb auch jedes Set in ihrer Farbkombination ein Unikat ist. Eine Seite ist Violett, die andere in sich stimmig, kann Gelb sein, oder auch Gro\u00dfteiles eines der Sponsorenlogos beinhalten, zum Beispiel Hellblau Ma\u00dfe: 41x37cm Lieferumfang, 1 St\u00fcck<\/p>\n","protected":false},"featured_media":2229,"template":"","meta":{"_acf_changed":false},"product_brand":[],"product_cat":[127,103],"product_tag":[],"class_list":{"0":"post-2228","1":"product","2":"type-product","3":"status-publish","4":"has-post-thumbnail","6":"product_cat-essen-trinken","7":"product_cat-wohnen-deko","9":"first","10":"instock","11":"purchasable","12":"product-type-simple"},"acf":[],"_links":{"self":[{"href":"https:\/\/www.regionalis.shop\/kolibri-ds\/wp-json\/wp\/v2\/product\/2228","targetHints":{"allow":["GET"]}}],"collection":[{"href":"https:\/\/www.regionalis.shop\/kolibri-ds\/wp-json\/wp\/v2\/product"}],"about":[{"href":"https:\/\/www.regionalis.shop\/kolibri-ds\/wp-json\/wp\/v2\/types\/product"}],"wp:featuredmedia":[{"embeddable":true,"href":"https:\/\/www.regionalis.shop\/kolibri-ds\/wp-json\/wp\/v2\/media\/2229"}],"wp:attachment":[{"href":"https:\/\/www.regionalis.shop\/kolibri-ds\/wp-json\/wp\/v2\/media?parent=2228"}],"wp:term":[{"taxonomy":"product_brand","embeddable":true,"href":"https:\/\/www.regionalis.shop\/kolibri-ds\/wp-json\/wp\/v2\/product_brand?post=2228"},{"taxonomy":"product_cat","embeddable":true,"href":"https:\/\/www.regionalis.shop\/kolibri-ds\/wp-json\/wp\/v2\/product_cat?post=2228"},{"taxonomy":"product_tag","embeddable":true,"href":"https:\/\/www.regionalis.shop\/kolibri-ds\/wp-json\/wp\/v2\/product_tag?post=2228"}],"curies":[{"name":"wp","href":"https:\/\/api.w.org\/{rel}","templated":true}]}}