{"id":2234,"date":"2025-04-18T02:25:51","date_gmt":"2025-04-18T00:25:51","guid":{"rendered":"https:\/\/www.regionalis.shop\/kolibri-ds\/product\/upcycling-rucksack-umhaengetasche-vienna-vikings\/"},"modified":"2025-04-18T02:25:51","modified_gmt":"2025-04-18T00:25:51","slug":"upcycling-rucksack-umhaengetasche-vienna-vikings","status":"publish","type":"product","link":"https:\/\/www.regionalis.shop\/kolibri-ds\/shop\/upcycling-rucksack-umhaengetasche-vienna-vikings\/","title":{"rendered":"Upcycling &#8211; Rucksack\/Umh\u00e4ngetasche &#8211; &#8222;Vienna Vikings&#8220;"},"content":{"rendered":"<p>Dieser Rucksack ist ein Upcycling-Produkt individuell gefertigt in Wien aus einer Mannschaftsplane der \u201eDacia Vienna Vikings\u201c.<\/p>\n<p>Kann als Rucksack, aber auch als Umh\u00e4ngetasche getragen werden<\/p>\n<p>Gelebte Nachhaltigkeit, weshalb auch jede Tasche in ihrer Farbkombination ein Unikat ist.<\/p>\n<p>Es gibt eine Au\u00dfentasche sowie eine Innentasche<\/p>\n<p>Ma\u00dfe: 45cm x 56cm beziehungsweise, zusammengerollt 45x45cm<\/p>\n<p>Schultergurt: 150cm &#8211; l\u00e4ngenverstellbar<\/p>\n","protected":false},"excerpt":{"rendered":"<p>Dieser Rucksack ist ein Upcycling-Produkt individuell gefertigt in Wien aus einer Mannschaftsplane der \u201eDacia Vienna Vikings\u201c. Kann als Rucksack, aber auch als Umh\u00e4ngetasche getragen werden Gelebte Nachhaltigkeit, weshalb auch jede Tasche in ihrer Farbkombination ein Unikat ist. Es gibt eine Au\u00dfentasche sowie eine Innentasche Ma\u00dfe: 45cm x 56cm beziehungsweise, zusammengerollt 45x45cm Schultergurt: 150cm &#8211; l\u00e4ngenverstellbar<\/p>\n","protected":false},"featured_media":2235,"template":"","meta":{"_acf_changed":false},"product_brand":[],"product_cat":[170,95],"product_tag":[],"class_list":{"0":"post-2234","1":"product","2":"type-product","3":"status-publish","4":"has-post-thumbnail","6":"product_cat-sport-freizeit","7":"product_cat-taschen","9":"first","10":"instock","11":"purchasable","12":"product-type-simple"},"acf":[],"_links":{"self":[{"href":"https:\/\/www.regionalis.shop\/kolibri-ds\/wp-json\/wp\/v2\/product\/2234","targetHints":{"allow":["GET"]}}],"collection":[{"href":"https:\/\/www.regionalis.shop\/kolibri-ds\/wp-json\/wp\/v2\/product"}],"about":[{"href":"https:\/\/www.regionalis.shop\/kolibri-ds\/wp-json\/wp\/v2\/types\/product"}],"wp:featuredmedia":[{"embeddable":true,"href":"https:\/\/www.regionalis.shop\/kolibri-ds\/wp-json\/wp\/v2\/media\/2235"}],"wp:attachment":[{"href":"https:\/\/www.regionalis.shop\/kolibri-ds\/wp-json\/wp\/v2\/media?parent=2234"}],"wp:term":[{"taxonomy":"product_brand","embeddable":true,"href":"https:\/\/www.regionalis.shop\/kolibri-ds\/wp-json\/wp\/v2\/product_brand?post=2234"},{"taxonomy":"product_cat","embeddable":true,"href":"https:\/\/www.regionalis.shop\/kolibri-ds\/wp-json\/wp\/v2\/product_cat?post=2234"},{"taxonomy":"product_tag","embeddable":true,"href":"https:\/\/www.regionalis.shop\/kolibri-ds\/wp-json\/wp\/v2\/product_tag?post=2234"}],"curies":[{"name":"wp","href":"https:\/\/api.w.org\/{rel}","templated":true}]}}