{"id":2250,"date":"2025-04-18T02:25:15","date_gmt":"2025-04-18T00:25:15","guid":{"rendered":"https:\/\/www.regionalis.shop\/kolibri-ds\/product\/upcycling-sporttasche-vienna-vikings\/"},"modified":"2025-04-18T02:25:15","modified_gmt":"2025-04-18T00:25:15","slug":"upcycling-sporttasche-vienna-vikings","status":"publish","type":"product","link":"https:\/\/www.regionalis.shop\/kolibri-ds\/shop\/upcycling-sporttasche-vienna-vikings\/","title":{"rendered":"Upcycling &#8211; Sporttasche &#8211; &#8222;Vienna Vikings&#8220;"},"content":{"rendered":"<p>Diese Sporttasche ist ein Upcycling-Produkt individuell gefertigt in Wien aus einer Mannschaftsplane der \u201eDacia Vienna Vikings\u201c.<\/p>\n<p>Gelebte Nachhaltigkeit, weshalb auch jede Tasche in ihrer Farbkombination ein Unikat ist.<\/p>\n<p>Der Schultergurt und die dazugeh\u00f6rige Anbringung waren auch Teil der Plane.<\/p>\n<p>Es gibt eine Au\u00dfentasche zwischen den Tr\u00e4gern sowie eine Innentasche<\/p>\n<p>Ma\u00dfe: 60cm x 25cm<\/p>\n<p>Tr\u00e4gerl\u00e4nge: 60cm<\/p>\n<p> Schultergurt: 135cm<\/p>\n","protected":false},"excerpt":{"rendered":"<p>Diese Sporttasche ist ein Upcycling-Produkt individuell gefertigt in Wien aus einer Mannschaftsplane der \u201eDacia Vienna Vikings\u201c. Gelebte Nachhaltigkeit, weshalb auch jede Tasche in ihrer Farbkombination ein Unikat ist. Der Schultergurt und die dazugeh\u00f6rige Anbringung waren auch Teil der Plane. Es gibt eine Au\u00dfentasche zwischen den Tr\u00e4gern sowie eine Innentasche Ma\u00dfe: 60cm x 25cm Tr\u00e4gerl\u00e4nge: 60cm &hellip; <a href=\"https:\/\/www.regionalis.shop\/kolibri-ds\/shop\/upcycling-sporttasche-vienna-vikings\/\">Continued<\/a><\/p>\n","protected":false},"featured_media":2251,"template":"","meta":{"_acf_changed":false},"product_brand":[],"product_cat":[170,95],"product_tag":[],"class_list":{"0":"post-2250","1":"product","2":"type-product","3":"status-publish","4":"has-post-thumbnail","6":"product_cat-sport-freizeit","7":"product_cat-taschen","9":"first","10":"instock","11":"purchasable","12":"product-type-simple"},"acf":[],"_links":{"self":[{"href":"https:\/\/www.regionalis.shop\/kolibri-ds\/wp-json\/wp\/v2\/product\/2250","targetHints":{"allow":["GET"]}}],"collection":[{"href":"https:\/\/www.regionalis.shop\/kolibri-ds\/wp-json\/wp\/v2\/product"}],"about":[{"href":"https:\/\/www.regionalis.shop\/kolibri-ds\/wp-json\/wp\/v2\/types\/product"}],"wp:featuredmedia":[{"embeddable":true,"href":"https:\/\/www.regionalis.shop\/kolibri-ds\/wp-json\/wp\/v2\/media\/2251"}],"wp:attachment":[{"href":"https:\/\/www.regionalis.shop\/kolibri-ds\/wp-json\/wp\/v2\/media?parent=2250"}],"wp:term":[{"taxonomy":"product_brand","embeddable":true,"href":"https:\/\/www.regionalis.shop\/kolibri-ds\/wp-json\/wp\/v2\/product_brand?post=2250"},{"taxonomy":"product_cat","embeddable":true,"href":"https:\/\/www.regionalis.shop\/kolibri-ds\/wp-json\/wp\/v2\/product_cat?post=2250"},{"taxonomy":"product_tag","embeddable":true,"href":"https:\/\/www.regionalis.shop\/kolibri-ds\/wp-json\/wp\/v2\/product_tag?post=2250"}],"curies":[{"name":"wp","href":"https:\/\/api.w.org\/{rel}","templated":true}]}}