{"id":2255,"date":"2025-04-18T02:25:15","date_gmt":"2025-04-18T00:25:15","guid":{"rendered":"https:\/\/www.regionalis.shop\/kolibri-ds\/product\/upcycling-handtasche-vienna-vikings\/"},"modified":"2025-04-18T02:25:15","modified_gmt":"2025-04-18T00:25:15","slug":"upcycling-handtasche-vienna-vikings","status":"publish","type":"product","link":"https:\/\/www.regionalis.shop\/kolibri-ds\/shop\/upcycling-handtasche-vienna-vikings\/","title":{"rendered":"Upcycling &#8211; Handtasche &#8211; &#8222;Vienna Vikings&#8220;"},"content":{"rendered":"<p>Diese Handtasche ist ein Upcycling-Produkt individuell gefertigt in Wien aus einer Mannschaftsplane der \u201eDacia Vienna Vikings\u201c.<\/p>\n<p>Gelebte Nachhaltigkeit, weshalb auch jede Tasche in ihrer Farbkombination ein Unikat ist.<\/p>\n<p>Es gibt eine Au\u00dfentasche sowie eine Innentasche<\/p>\n<p>Ma\u00dfe: 40cm x 35cm<\/p>\n<p> Schultergurt: 145cm &#8211; l\u00e4ngenverstellbar<\/p>\n","protected":false},"excerpt":{"rendered":"<p>Diese Handtasche ist ein Upcycling-Produkt individuell gefertigt in Wien aus einer Mannschaftsplane der \u201eDacia Vienna Vikings\u201c. Gelebte Nachhaltigkeit, weshalb auch jede Tasche in ihrer Farbkombination ein Unikat ist. Es gibt eine Au\u00dfentasche sowie eine Innentasche Ma\u00dfe: 40cm x 35cm Schultergurt: 145cm &#8211; l\u00e4ngenverstellbar<\/p>\n","protected":false},"featured_media":2256,"template":"","meta":{"_acf_changed":false},"product_brand":[],"product_cat":[170,95],"product_tag":[],"class_list":{"0":"post-2255","1":"product","2":"type-product","3":"status-publish","4":"has-post-thumbnail","6":"product_cat-sport-freizeit","7":"product_cat-taschen","9":"first","10":"instock","11":"purchasable","12":"product-type-simple"},"acf":[],"_links":{"self":[{"href":"https:\/\/www.regionalis.shop\/kolibri-ds\/wp-json\/wp\/v2\/product\/2255","targetHints":{"allow":["GET"]}}],"collection":[{"href":"https:\/\/www.regionalis.shop\/kolibri-ds\/wp-json\/wp\/v2\/product"}],"about":[{"href":"https:\/\/www.regionalis.shop\/kolibri-ds\/wp-json\/wp\/v2\/types\/product"}],"wp:featuredmedia":[{"embeddable":true,"href":"https:\/\/www.regionalis.shop\/kolibri-ds\/wp-json\/wp\/v2\/media\/2256"}],"wp:attachment":[{"href":"https:\/\/www.regionalis.shop\/kolibri-ds\/wp-json\/wp\/v2\/media?parent=2255"}],"wp:term":[{"taxonomy":"product_brand","embeddable":true,"href":"https:\/\/www.regionalis.shop\/kolibri-ds\/wp-json\/wp\/v2\/product_brand?post=2255"},{"taxonomy":"product_cat","embeddable":true,"href":"https:\/\/www.regionalis.shop\/kolibri-ds\/wp-json\/wp\/v2\/product_cat?post=2255"},{"taxonomy":"product_tag","embeddable":true,"href":"https:\/\/www.regionalis.shop\/kolibri-ds\/wp-json\/wp\/v2\/product_tag?post=2255"}],"curies":[{"name":"wp","href":"https:\/\/api.w.org\/{rel}","templated":true}]}}