{"id":2274,"date":"2025-04-18T02:22:29","date_gmt":"2025-04-18T00:22:29","guid":{"rendered":"https:\/\/www.regionalis.shop\/kolibri-ds\/product\/ohrringe-tropfen-floral\/"},"modified":"2025-04-18T02:22:29","modified_gmt":"2025-04-18T00:22:29","slug":"ohrringe-tropfen-floral","status":"publish","type":"product","link":"https:\/\/www.regionalis.shop\/kolibri-ds\/shop\/ohrringe-tropfen-floral\/","title":{"rendered":"Ohrringe &#8211; Tropfen Floral"},"content":{"rendered":"<p>Ohrringe mit handgefertigteb Reliefanh\u00e4ngern aus Resin.<br \/>\nAbsolut nicht dezent und doch federleicht<br \/>\nJedes St\u00fcck ist quasi ein Einzelst\u00fcck, daher kann es zu Farbabweichungen kommen.<br \/>\nOhrstecker in Gold-oder Silberfarben erh\u00e4ltilich \/Stahl oder Messing<br \/>\nAnh\u00e4nger erh\u00e4ltlich in Gelb, Rosa, Blau<br \/>\nOder mit etwas Wartezeit (max. 1 Woche) in jeder weiteren Wunschfarbe<\/p>\n","protected":false},"excerpt":{"rendered":"<p>Ohrringe mit handgefertigteb Reliefanh\u00e4ngern aus Resin. Absolut nicht dezent und doch federleicht Jedes St\u00fcck ist quasi ein Einzelst\u00fcck, daher kann es zu Farbabweichungen kommen. Ohrstecker in Gold-oder Silberfarben erh\u00e4ltilich \/Stahl oder Messing Anh\u00e4nger erh\u00e4ltlich in Gelb, Rosa, Blau Oder mit etwas Wartezeit (max. 1 Woche) in jeder weiteren Wunschfarbe<\/p>\n","protected":false},"featured_media":2275,"template":"","meta":{"_acf_changed":false},"product_brand":[],"product_cat":[163,70],"product_tag":[],"class_list":{"0":"post-2274","1":"product","2":"type-product","3":"status-publish","4":"has-post-thumbnail","6":"product_cat-ohrringe","7":"product_cat-schmuck","9":"first","10":"instock","11":"purchasable","12":"product-type-simple"},"acf":[],"_links":{"self":[{"href":"https:\/\/www.regionalis.shop\/kolibri-ds\/wp-json\/wp\/v2\/product\/2274","targetHints":{"allow":["GET"]}}],"collection":[{"href":"https:\/\/www.regionalis.shop\/kolibri-ds\/wp-json\/wp\/v2\/product"}],"about":[{"href":"https:\/\/www.regionalis.shop\/kolibri-ds\/wp-json\/wp\/v2\/types\/product"}],"wp:featuredmedia":[{"embeddable":true,"href":"https:\/\/www.regionalis.shop\/kolibri-ds\/wp-json\/wp\/v2\/media\/2275"}],"wp:attachment":[{"href":"https:\/\/www.regionalis.shop\/kolibri-ds\/wp-json\/wp\/v2\/media?parent=2274"}],"wp:term":[{"taxonomy":"product_brand","embeddable":true,"href":"https:\/\/www.regionalis.shop\/kolibri-ds\/wp-json\/wp\/v2\/product_brand?post=2274"},{"taxonomy":"product_cat","embeddable":true,"href":"https:\/\/www.regionalis.shop\/kolibri-ds\/wp-json\/wp\/v2\/product_cat?post=2274"},{"taxonomy":"product_tag","embeddable":true,"href":"https:\/\/www.regionalis.shop\/kolibri-ds\/wp-json\/wp\/v2\/product_tag?post=2274"}],"curies":[{"name":"wp","href":"https:\/\/api.w.org\/{rel}","templated":true}]}}