{"id":2285,"date":"2025-04-18T02:19:08","date_gmt":"2025-04-18T00:19:08","guid":{"rendered":"https:\/\/www.regionalis.shop\/kolibri-ds\/product\/kannenlampe-weiss-mit-blauen-bluemchen\/"},"modified":"2025-04-18T02:19:08","modified_gmt":"2025-04-18T00:19:08","slug":"kannenlampe-weiss-mit-blauen-bluemchen","status":"publish","type":"product","link":"https:\/\/www.regionalis.shop\/kolibri-ds\/shop\/kannenlampe-weiss-mit-blauen-bluemchen\/","title":{"rendered":"Kannenlampe &#8211; Wei\u00df mit blauen Bl\u00fcmchen"},"content":{"rendered":"<p>Aus diesem ausrangierten Krug, wo ein St\u00fcckerl weggebrochen ist, wurde die Lampe,<br \/>\nFassung E14, Kippschalter, LED Gl\u00fchbirne bei der Lieferung dabei<\/p>\n","protected":false},"excerpt":{"rendered":"<p>Aus diesem ausrangierten Krug, wo ein St\u00fcckerl weggebrochen ist, wurde die Lampe, Fassung E14, Kippschalter, LED Gl\u00fchbirne bei der Lieferung dabei<\/p>\n","protected":false},"featured_media":2286,"template":"","meta":{"_acf_changed":false},"product_brand":[],"product_cat":[156,103],"product_tag":[],"class_list":{"0":"post-2285","1":"product","2":"type-product","3":"status-publish","4":"has-post-thumbnail","6":"product_cat-lampen-beleuchtung","7":"product_cat-wohnen-deko","9":"first","10":"instock","11":"purchasable","12":"product-type-simple"},"acf":[],"_links":{"self":[{"href":"https:\/\/www.regionalis.shop\/kolibri-ds\/wp-json\/wp\/v2\/product\/2285","targetHints":{"allow":["GET"]}}],"collection":[{"href":"https:\/\/www.regionalis.shop\/kolibri-ds\/wp-json\/wp\/v2\/product"}],"about":[{"href":"https:\/\/www.regionalis.shop\/kolibri-ds\/wp-json\/wp\/v2\/types\/product"}],"wp:featuredmedia":[{"embeddable":true,"href":"https:\/\/www.regionalis.shop\/kolibri-ds\/wp-json\/wp\/v2\/media\/2286"}],"wp:attachment":[{"href":"https:\/\/www.regionalis.shop\/kolibri-ds\/wp-json\/wp\/v2\/media?parent=2285"}],"wp:term":[{"taxonomy":"product_brand","embeddable":true,"href":"https:\/\/www.regionalis.shop\/kolibri-ds\/wp-json\/wp\/v2\/product_brand?post=2285"},{"taxonomy":"product_cat","embeddable":true,"href":"https:\/\/www.regionalis.shop\/kolibri-ds\/wp-json\/wp\/v2\/product_cat?post=2285"},{"taxonomy":"product_tag","embeddable":true,"href":"https:\/\/www.regionalis.shop\/kolibri-ds\/wp-json\/wp\/v2\/product_tag?post=2285"}],"curies":[{"name":"wp","href":"https:\/\/api.w.org\/{rel}","templated":true}]}}