{"id":2343,"date":"2025-04-18T02:07:55","date_gmt":"2025-04-18T00:07:55","guid":{"rendered":"https:\/\/www.regionalis.shop\/kolibri-ds\/product\/ring-entenkueken\/"},"modified":"2025-04-18T02:07:55","modified_gmt":"2025-04-18T00:07:55","slug":"ring-entenkueken","status":"publish","type":"product","link":"https:\/\/www.regionalis.shop\/kolibri-ds\/shop\/ring-entenkueken\/","title":{"rendered":"Ring Entenk\u00fcken"},"content":{"rendered":"<p>Gr\u00f6\u00dfenverstellbarer Ring<br \/>\nGrafik aus einem alten Kinderbuch<br \/>\nGlascabochon<\/p>\n","protected":false},"excerpt":{"rendered":"<p>Gr\u00f6\u00dfenverstellbarer Ring Grafik aus einem alten Kinderbuch Glascabochon<\/p>\n","protected":false},"featured_media":2344,"template":"","meta":{"_acf_changed":false},"product_brand":[],"product_cat":[165,70],"product_tag":[],"class_list":{"0":"post-2343","1":"product","2":"type-product","3":"status-publish","4":"has-post-thumbnail","6":"product_cat-ringe","7":"product_cat-schmuck","9":"first","10":"instock","11":"purchasable","12":"product-type-simple"},"acf":[],"_links":{"self":[{"href":"https:\/\/www.regionalis.shop\/kolibri-ds\/wp-json\/wp\/v2\/product\/2343","targetHints":{"allow":["GET"]}}],"collection":[{"href":"https:\/\/www.regionalis.shop\/kolibri-ds\/wp-json\/wp\/v2\/product"}],"about":[{"href":"https:\/\/www.regionalis.shop\/kolibri-ds\/wp-json\/wp\/v2\/types\/product"}],"wp:featuredmedia":[{"embeddable":true,"href":"https:\/\/www.regionalis.shop\/kolibri-ds\/wp-json\/wp\/v2\/media\/2344"}],"wp:attachment":[{"href":"https:\/\/www.regionalis.shop\/kolibri-ds\/wp-json\/wp\/v2\/media?parent=2343"}],"wp:term":[{"taxonomy":"product_brand","embeddable":true,"href":"https:\/\/www.regionalis.shop\/kolibri-ds\/wp-json\/wp\/v2\/product_brand?post=2343"},{"taxonomy":"product_cat","embeddable":true,"href":"https:\/\/www.regionalis.shop\/kolibri-ds\/wp-json\/wp\/v2\/product_cat?post=2343"},{"taxonomy":"product_tag","embeddable":true,"href":"https:\/\/www.regionalis.shop\/kolibri-ds\/wp-json\/wp\/v2\/product_tag?post=2343"}],"curies":[{"name":"wp","href":"https:\/\/api.w.org\/{rel}","templated":true}]}}