{"id":2349,"date":"2025-04-18T02:07:34","date_gmt":"2025-04-18T00:07:34","guid":{"rendered":"https:\/\/www.regionalis.shop\/kolibri-ds\/product\/sitzkissen-grau-weiss\/"},"modified":"2025-04-18T02:07:34","modified_gmt":"2025-04-18T00:07:34","slug":"sitzkissen-grau-weiss","status":"publish","type":"product","link":"https:\/\/www.regionalis.shop\/kolibri-ds\/shop\/sitzkissen-grau-weiss\/","title":{"rendered":"Sitzkissen Grau\/Wei\u00df"},"content":{"rendered":"<p>Sitzkissen\/Yogakissen<br \/>\nNachhaltig gef\u00fcllt, mit Verschnitt aus anderen N\u00e4hartikeln.<br \/>\nMaschinenwaschbar<br \/>\nH\u00f6he ca. 15cm<br \/>\nDurchmesser ca.  35cm<\/p>\n","protected":false},"excerpt":{"rendered":"<p>Sitzkissen\/Yogakissen Nachhaltig gef\u00fcllt, mit Verschnitt aus anderen N\u00e4hartikeln. Maschinenwaschbar H\u00f6he ca. 15cm Durchmesser ca. 35cm<\/p>\n","protected":false},"featured_media":2350,"template":"","meta":{"_acf_changed":false},"product_brand":[],"product_cat":[159,103],"product_tag":[],"class_list":{"0":"post-2349","1":"product","2":"type-product","3":"status-publish","4":"has-post-thumbnail","6":"product_cat-moebel","7":"product_cat-wohnen-deko","9":"first","10":"instock","11":"purchasable","12":"product-type-simple"},"acf":[],"_links":{"self":[{"href":"https:\/\/www.regionalis.shop\/kolibri-ds\/wp-json\/wp\/v2\/product\/2349","targetHints":{"allow":["GET"]}}],"collection":[{"href":"https:\/\/www.regionalis.shop\/kolibri-ds\/wp-json\/wp\/v2\/product"}],"about":[{"href":"https:\/\/www.regionalis.shop\/kolibri-ds\/wp-json\/wp\/v2\/types\/product"}],"wp:featuredmedia":[{"embeddable":true,"href":"https:\/\/www.regionalis.shop\/kolibri-ds\/wp-json\/wp\/v2\/media\/2350"}],"wp:attachment":[{"href":"https:\/\/www.regionalis.shop\/kolibri-ds\/wp-json\/wp\/v2\/media?parent=2349"}],"wp:term":[{"taxonomy":"product_brand","embeddable":true,"href":"https:\/\/www.regionalis.shop\/kolibri-ds\/wp-json\/wp\/v2\/product_brand?post=2349"},{"taxonomy":"product_cat","embeddable":true,"href":"https:\/\/www.regionalis.shop\/kolibri-ds\/wp-json\/wp\/v2\/product_cat?post=2349"},{"taxonomy":"product_tag","embeddable":true,"href":"https:\/\/www.regionalis.shop\/kolibri-ds\/wp-json\/wp\/v2\/product_tag?post=2349"}],"curies":[{"name":"wp","href":"https:\/\/api.w.org\/{rel}","templated":true}]}}