{"id":2359,"date":"2025-04-18T01:54:44","date_gmt":"2025-04-17T23:54:44","guid":{"rendered":"https:\/\/www.regionalis.shop\/kolibri-ds\/product\/origami-tascherl\/"},"modified":"2025-04-18T01:54:44","modified_gmt":"2025-04-17T23:54:44","slug":"origami-tascherl","status":"publish","type":"product","link":"https:\/\/www.regionalis.shop\/kolibri-ds\/shop\/origami-tascherl\/","title":{"rendered":"Origami-Tascherl"},"content":{"rendered":"<p>Baumwolltascherl<br \/>\nBestens geeignet f\u00fcr Krimskrams, Stifte, Kosmetika, Geld,&#8230;<br \/>\nRei\u00dfverschluss<br \/>\nMa\u00dfe 20x9x11cm<\/p>\n","protected":false},"excerpt":{"rendered":"<p>Baumwolltascherl Bestens geeignet f\u00fcr Krimskrams, Stifte, Kosmetika, Geld,&#8230; Rei\u00dfverschluss Ma\u00dfe 20x9x11cm<\/p>\n","protected":false},"featured_media":2360,"template":"","meta":{"_acf_changed":false},"product_brand":[],"product_cat":[168,95],"product_tag":[],"class_list":{"0":"post-2359","1":"product","2":"type-product","3":"status-publish","4":"has-post-thumbnail","6":"product_cat-sonstiges-taschen","7":"product_cat-taschen","9":"first","10":"instock","11":"purchasable","12":"product-type-simple"},"acf":[],"_links":{"self":[{"href":"https:\/\/www.regionalis.shop\/kolibri-ds\/wp-json\/wp\/v2\/product\/2359","targetHints":{"allow":["GET"]}}],"collection":[{"href":"https:\/\/www.regionalis.shop\/kolibri-ds\/wp-json\/wp\/v2\/product"}],"about":[{"href":"https:\/\/www.regionalis.shop\/kolibri-ds\/wp-json\/wp\/v2\/types\/product"}],"wp:featuredmedia":[{"embeddable":true,"href":"https:\/\/www.regionalis.shop\/kolibri-ds\/wp-json\/wp\/v2\/media\/2360"}],"wp:attachment":[{"href":"https:\/\/www.regionalis.shop\/kolibri-ds\/wp-json\/wp\/v2\/media?parent=2359"}],"wp:term":[{"taxonomy":"product_brand","embeddable":true,"href":"https:\/\/www.regionalis.shop\/kolibri-ds\/wp-json\/wp\/v2\/product_brand?post=2359"},{"taxonomy":"product_cat","embeddable":true,"href":"https:\/\/www.regionalis.shop\/kolibri-ds\/wp-json\/wp\/v2\/product_cat?post=2359"},{"taxonomy":"product_tag","embeddable":true,"href":"https:\/\/www.regionalis.shop\/kolibri-ds\/wp-json\/wp\/v2\/product_tag?post=2359"}],"curies":[{"name":"wp","href":"https:\/\/api.w.org\/{rel}","templated":true}]}}