{"id":2362,"date":"2025-04-18T01:49:13","date_gmt":"2025-04-17T23:49:13","guid":{"rendered":"https:\/\/www.regionalis.shop\/kolibri-ds\/product\/armband-bunt-muenze\/"},"modified":"2025-04-18T01:49:13","modified_gmt":"2025-04-17T23:49:13","slug":"armband-bunt-muenze","status":"publish","type":"product","link":"https:\/\/www.regionalis.shop\/kolibri-ds\/shop\/armband-bunt-muenze\/","title":{"rendered":"Armband &#8211; Bunt &#8211; M\u00fcnze"},"content":{"rendered":"<p>Elastisches Armband<br \/>\nBunte Rocailles auf mehreren Str\u00e4ngen werden von einem Anh\u00e4nger in M\u00fcnzform zusammengefasst.<br \/>\nJedes Armband ist ein Einzelst\u00fcck, Farben k\u00f6nnen von den Abbildungen abweichen<\/p>\n","protected":false},"excerpt":{"rendered":"<p>Elastisches Armband Bunte Rocailles auf mehreren Str\u00e4ngen werden von einem Anh\u00e4nger in M\u00fcnzform zusammengefasst. Jedes Armband ist ein Einzelst\u00fcck, Farben k\u00f6nnen von den Abbildungen abweichen<\/p>\n","protected":false},"featured_media":2363,"template":"","meta":{"_acf_changed":false},"product_brand":[],"product_cat":[110,70],"product_tag":[],"class_list":{"0":"post-2362","1":"product","2":"type-product","3":"status-publish","4":"has-post-thumbnail","6":"product_cat-armbaender","7":"product_cat-schmuck","9":"first","10":"instock","11":"purchasable","12":"product-type-simple"},"acf":[],"_links":{"self":[{"href":"https:\/\/www.regionalis.shop\/kolibri-ds\/wp-json\/wp\/v2\/product\/2362","targetHints":{"allow":["GET"]}}],"collection":[{"href":"https:\/\/www.regionalis.shop\/kolibri-ds\/wp-json\/wp\/v2\/product"}],"about":[{"href":"https:\/\/www.regionalis.shop\/kolibri-ds\/wp-json\/wp\/v2\/types\/product"}],"wp:featuredmedia":[{"embeddable":true,"href":"https:\/\/www.regionalis.shop\/kolibri-ds\/wp-json\/wp\/v2\/media\/2363"}],"wp:attachment":[{"href":"https:\/\/www.regionalis.shop\/kolibri-ds\/wp-json\/wp\/v2\/media?parent=2362"}],"wp:term":[{"taxonomy":"product_brand","embeddable":true,"href":"https:\/\/www.regionalis.shop\/kolibri-ds\/wp-json\/wp\/v2\/product_brand?post=2362"},{"taxonomy":"product_cat","embeddable":true,"href":"https:\/\/www.regionalis.shop\/kolibri-ds\/wp-json\/wp\/v2\/product_cat?post=2362"},{"taxonomy":"product_tag","embeddable":true,"href":"https:\/\/www.regionalis.shop\/kolibri-ds\/wp-json\/wp\/v2\/product_tag?post=2362"}],"curies":[{"name":"wp","href":"https:\/\/api.w.org\/{rel}","templated":true}]}}