{"id":2426,"date":"2025-04-18T01:42:50","date_gmt":"2025-04-17T23:42:50","guid":{"rendered":"https:\/\/www.regionalis.shop\/kolibri-ds\/product\/schuesselhauben-set-3xs\/"},"modified":"2025-04-18T01:42:50","modified_gmt":"2025-04-17T23:42:50","slug":"schuesselhauben-set-3xs","status":"publish","type":"product","link":"https:\/\/www.regionalis.shop\/kolibri-ds\/shop\/schuesselhauben-set-3xs\/","title":{"rendered":"Sch\u00fcsselhauben-Set &#8222;3xS\u201c"},"content":{"rendered":"<p>Sch\u00fcsselhaubenset<br \/>\nWas ist das \u00fcberhaupt? Als Abdeckung f\u00fcr Sch\u00fcsseln und T\u00f6pfe, als nachhaltige Alternative zu Alufolie oder Frischhaltefolie<br \/>\nBaumwolle auf der Oberseite, Wachstuch (Vynilbeschichtet) auf der Innenseite<br \/>\n30\u00b0 Waschbar<br \/>\nDas Set deckt die Gr\u00f6\u00dfen 13-17cm<br \/>\nDas Set wird farblich nach Zufallsprinzip zusammengestellt.<\/p>\n","protected":false},"excerpt":{"rendered":"<p>Sch\u00fcsselhaubenset Was ist das \u00fcberhaupt? Als Abdeckung f\u00fcr Sch\u00fcsseln und T\u00f6pfe, als nachhaltige Alternative zu Alufolie oder Frischhaltefolie Baumwolle auf der Oberseite, Wachstuch (Vynilbeschichtet) auf der Innenseite 30\u00b0 Waschbar Das Set deckt die Gr\u00f6\u00dfen 13-17cm Das Set wird farblich nach Zufallsprinzip zusammengestellt.<\/p>\n","protected":false},"featured_media":2427,"template":"","meta":{"_acf_changed":false},"product_brand":[],"product_cat":[127,103],"product_tag":[],"class_list":{"0":"post-2426","1":"product","2":"type-product","3":"status-publish","4":"has-post-thumbnail","6":"product_cat-essen-trinken","7":"product_cat-wohnen-deko","9":"first","10":"instock","11":"purchasable","12":"product-type-simple"},"acf":[],"_links":{"self":[{"href":"https:\/\/www.regionalis.shop\/kolibri-ds\/wp-json\/wp\/v2\/product\/2426","targetHints":{"allow":["GET"]}}],"collection":[{"href":"https:\/\/www.regionalis.shop\/kolibri-ds\/wp-json\/wp\/v2\/product"}],"about":[{"href":"https:\/\/www.regionalis.shop\/kolibri-ds\/wp-json\/wp\/v2\/types\/product"}],"wp:featuredmedia":[{"embeddable":true,"href":"https:\/\/www.regionalis.shop\/kolibri-ds\/wp-json\/wp\/v2\/media\/2427"}],"wp:attachment":[{"href":"https:\/\/www.regionalis.shop\/kolibri-ds\/wp-json\/wp\/v2\/media?parent=2426"}],"wp:term":[{"taxonomy":"product_brand","embeddable":true,"href":"https:\/\/www.regionalis.shop\/kolibri-ds\/wp-json\/wp\/v2\/product_brand?post=2426"},{"taxonomy":"product_cat","embeddable":true,"href":"https:\/\/www.regionalis.shop\/kolibri-ds\/wp-json\/wp\/v2\/product_cat?post=2426"},{"taxonomy":"product_tag","embeddable":true,"href":"https:\/\/www.regionalis.shop\/kolibri-ds\/wp-json\/wp\/v2\/product_tag?post=2426"}],"curies":[{"name":"wp","href":"https:\/\/api.w.org\/{rel}","templated":true}]}}