{"id":2541,"date":"2025-04-18T01:14:09","date_gmt":"2025-04-17T23:14:09","guid":{"rendered":"https:\/\/www.regionalis.shop\/kolibri-ds\/product\/etagere-monochrom\/"},"modified":"2025-04-18T01:14:09","modified_gmt":"2025-04-17T23:14:09","slug":"etagere-monochrom","status":"publish","type":"product","link":"https:\/\/www.regionalis.shop\/kolibri-ds\/shop\/etagere-monochrom\/","title":{"rendered":"Etagere Monochrom"},"content":{"rendered":"<p>Geschirr, zu schade f\u00fcr den M\u00fcll!<br \/>\nUpcycling- in seiner urspr\u00fcnglichsten Form<br \/>\nNat\u00fcrlich arbeite ich hier auch sehr gerne mit beigesellten Tellern f\u00fcr die ganz pers\u00f6nliche Etagere.<\/p>\n","protected":false},"excerpt":{"rendered":"<p>Geschirr, zu schade f\u00fcr den M\u00fcll! Upcycling- in seiner urspr\u00fcnglichsten Form Nat\u00fcrlich arbeite ich hier auch sehr gerne mit beigesellten Tellern f\u00fcr die ganz pers\u00f6nliche Etagere.<\/p>\n","protected":false},"featured_media":2542,"template":"","meta":{"_acf_changed":false},"product_brand":[],"product_cat":[174,103],"product_tag":[],"class_list":{"0":"post-2541","1":"product","2":"type-product","3":"status-publish","4":"has-post-thumbnail","6":"product_cat-wohndekoration","7":"product_cat-wohnen-deko","9":"first","10":"instock","11":"purchasable","12":"product-type-simple"},"acf":[],"_links":{"self":[{"href":"https:\/\/www.regionalis.shop\/kolibri-ds\/wp-json\/wp\/v2\/product\/2541","targetHints":{"allow":["GET"]}}],"collection":[{"href":"https:\/\/www.regionalis.shop\/kolibri-ds\/wp-json\/wp\/v2\/product"}],"about":[{"href":"https:\/\/www.regionalis.shop\/kolibri-ds\/wp-json\/wp\/v2\/types\/product"}],"wp:featuredmedia":[{"embeddable":true,"href":"https:\/\/www.regionalis.shop\/kolibri-ds\/wp-json\/wp\/v2\/media\/2542"}],"wp:attachment":[{"href":"https:\/\/www.regionalis.shop\/kolibri-ds\/wp-json\/wp\/v2\/media?parent=2541"}],"wp:term":[{"taxonomy":"product_brand","embeddable":true,"href":"https:\/\/www.regionalis.shop\/kolibri-ds\/wp-json\/wp\/v2\/product_brand?post=2541"},{"taxonomy":"product_cat","embeddable":true,"href":"https:\/\/www.regionalis.shop\/kolibri-ds\/wp-json\/wp\/v2\/product_cat?post=2541"},{"taxonomy":"product_tag","embeddable":true,"href":"https:\/\/www.regionalis.shop\/kolibri-ds\/wp-json\/wp\/v2\/product_tag?post=2541"}],"curies":[{"name":"wp","href":"https:\/\/api.w.org\/{rel}","templated":true}]}}