{"id":2550,"date":"2025-04-18T01:13:23","date_gmt":"2025-04-17T23:13:23","guid":{"rendered":"https:\/\/www.regionalis.shop\/kolibri-ds\/product\/teelicht-toepfchen-gluehwein\/"},"modified":"2025-04-18T01:13:23","modified_gmt":"2025-04-17T23:13:23","slug":"teelicht-toepfchen-gluehwein","status":"publish","type":"product","link":"https:\/\/www.regionalis.shop\/kolibri-ds\/shop\/teelicht-toepfchen-gluehwein\/","title":{"rendered":"Teelicht -T\u00f6pfchen Gl\u00fchwein"},"content":{"rendered":"<p>Eine Mini &#8211; Cocotte, oder auch Auflauff\u00f6rmchen genannt, wurde hier zur Duftkerze. Die Farbe Orange inspierierte zum Duft &#8211; Orange\/Zimt.<br \/>\nWenn die Kerze aufgebrannt ist, Form gr\u00fcndlich von Wachsresten reinigen und einfach wieder als Auflaufform verwenden.<br \/>\n&#8230;.oder wieder eine Kerze daraus machen<\/p>\n","protected":false},"excerpt":{"rendered":"<p>Eine Mini &#8211; Cocotte, oder auch Auflauff\u00f6rmchen genannt, wurde hier zur Duftkerze. Die Farbe Orange inspierierte zum Duft &#8211; Orange\/Zimt. Wenn die Kerze aufgebrannt ist, Form gr\u00fcndlich von Wachsresten reinigen und einfach wieder als Auflaufform verwenden. &#8230;.oder wieder eine Kerze daraus machen<\/p>\n","protected":false},"featured_media":2551,"template":"","meta":{"_acf_changed":false},"product_brand":[],"product_cat":[151,103],"product_tag":[],"class_list":{"0":"post-2550","1":"product","2":"type-product","3":"status-publish","4":"has-post-thumbnail","6":"product_cat-kerzen-kerzenstaender","7":"product_cat-wohnen-deko","9":"first","10":"instock","11":"purchasable","12":"product-type-simple"},"acf":[],"_links":{"self":[{"href":"https:\/\/www.regionalis.shop\/kolibri-ds\/wp-json\/wp\/v2\/product\/2550","targetHints":{"allow":["GET"]}}],"collection":[{"href":"https:\/\/www.regionalis.shop\/kolibri-ds\/wp-json\/wp\/v2\/product"}],"about":[{"href":"https:\/\/www.regionalis.shop\/kolibri-ds\/wp-json\/wp\/v2\/types\/product"}],"wp:featuredmedia":[{"embeddable":true,"href":"https:\/\/www.regionalis.shop\/kolibri-ds\/wp-json\/wp\/v2\/media\/2551"}],"wp:attachment":[{"href":"https:\/\/www.regionalis.shop\/kolibri-ds\/wp-json\/wp\/v2\/media?parent=2550"}],"wp:term":[{"taxonomy":"product_brand","embeddable":true,"href":"https:\/\/www.regionalis.shop\/kolibri-ds\/wp-json\/wp\/v2\/product_brand?post=2550"},{"taxonomy":"product_cat","embeddable":true,"href":"https:\/\/www.regionalis.shop\/kolibri-ds\/wp-json\/wp\/v2\/product_cat?post=2550"},{"taxonomy":"product_tag","embeddable":true,"href":"https:\/\/www.regionalis.shop\/kolibri-ds\/wp-json\/wp\/v2\/product_tag?post=2550"}],"curies":[{"name":"wp","href":"https:\/\/api.w.org\/{rel}","templated":true}]}}