{"id":2578,"date":"2025-04-18T00:56:14","date_gmt":"2025-04-17T22:56:14","guid":{"rendered":"https:\/\/www.regionalis.shop\/kolibri-ds\/product\/etagere-blumenmuster-weiss-mit-silberrand\/"},"modified":"2025-04-18T00:56:14","modified_gmt":"2025-04-17T22:56:14","slug":"etagere-blumenmuster-weiss-mit-silberrand","status":"publish","type":"product","link":"https:\/\/www.regionalis.shop\/kolibri-ds\/shop\/etagere-blumenmuster-weiss-mit-silberrand\/","title":{"rendered":"Etagere Blumenmuster Wei\u00df mit Silberrand"},"content":{"rendered":"<p>Geschirr, zu schade f\u00fcr den M\u00fcll! Elegantes Vintage Ikea Geschirr, mit feinem Blumenmuster und Silberrand (au\u00dfer beim obersten Teller)<br \/>\nEs handelt sich hier um ziemlich gro\u00dfe Teller (Platzteller, Speiseteller, Dessertteller)<br \/>\nKann einfach auseinander geschraubt werden.<br \/>\nTeller sind sp\u00fclmaschinenfest<\/p>\n","protected":false},"excerpt":{"rendered":"<p>Geschirr, zu schade f\u00fcr den M\u00fcll! Elegantes Vintage Ikea Geschirr, mit feinem Blumenmuster und Silberrand (au\u00dfer beim obersten Teller) Es handelt sich hier um ziemlich gro\u00dfe Teller (Platzteller, Speiseteller, Dessertteller) Kann einfach auseinander geschraubt werden. Teller sind sp\u00fclmaschinenfest<\/p>\n","protected":false},"featured_media":2579,"template":"","meta":{"_acf_changed":false},"product_brand":[],"product_cat":[127,103],"product_tag":[],"class_list":{"0":"post-2578","1":"product","2":"type-product","3":"status-publish","4":"has-post-thumbnail","6":"product_cat-essen-trinken","7":"product_cat-wohnen-deko","9":"first","10":"instock","11":"purchasable","12":"product-type-simple"},"acf":[],"_links":{"self":[{"href":"https:\/\/www.regionalis.shop\/kolibri-ds\/wp-json\/wp\/v2\/product\/2578","targetHints":{"allow":["GET"]}}],"collection":[{"href":"https:\/\/www.regionalis.shop\/kolibri-ds\/wp-json\/wp\/v2\/product"}],"about":[{"href":"https:\/\/www.regionalis.shop\/kolibri-ds\/wp-json\/wp\/v2\/types\/product"}],"wp:featuredmedia":[{"embeddable":true,"href":"https:\/\/www.regionalis.shop\/kolibri-ds\/wp-json\/wp\/v2\/media\/2579"}],"wp:attachment":[{"href":"https:\/\/www.regionalis.shop\/kolibri-ds\/wp-json\/wp\/v2\/media?parent=2578"}],"wp:term":[{"taxonomy":"product_brand","embeddable":true,"href":"https:\/\/www.regionalis.shop\/kolibri-ds\/wp-json\/wp\/v2\/product_brand?post=2578"},{"taxonomy":"product_cat","embeddable":true,"href":"https:\/\/www.regionalis.shop\/kolibri-ds\/wp-json\/wp\/v2\/product_cat?post=2578"},{"taxonomy":"product_tag","embeddable":true,"href":"https:\/\/www.regionalis.shop\/kolibri-ds\/wp-json\/wp\/v2\/product_tag?post=2578"}],"curies":[{"name":"wp","href":"https:\/\/api.w.org\/{rel}","templated":true}]}}