{"id":2627,"date":"2025-04-18T00:03:26","date_gmt":"2025-04-17T22:03:26","guid":{"rendered":"https:\/\/www.regionalis.shop\/kolibri-ds\/product\/dreieckstuch-erde\/"},"modified":"2025-04-18T00:03:26","modified_gmt":"2025-04-17T22:03:26","slug":"dreieckstuch-erde","status":"publish","type":"product","link":"https:\/\/www.regionalis.shop\/kolibri-ds\/shop\/dreieckstuch-erde\/","title":{"rendered":"Dreieckstuch Erde"},"content":{"rendered":"<p>Gro\u00dfes Dreieckstuch<br \/>\nSchenkell\u00e4nge \u00fcber 145cm<\/p>\n<p>Kann wendeseitig getragen werden, je nach Laune<\/p>\n","protected":false},"excerpt":{"rendered":"<p>Gro\u00dfes Dreieckstuch Schenkell\u00e4nge \u00fcber 145cm Kann wendeseitig getragen werden, je nach Laune<\/p>\n","protected":false},"featured_media":2628,"template":"","meta":{"_acf_changed":false},"product_brand":[],"product_cat":[37,67],"product_tag":[],"class_list":{"0":"post-2627","1":"product","2":"type-product","3":"status-publish","4":"has-post-thumbnail","6":"product_cat-accessoires","7":"product_cat-schals-halstuecher","9":"first","10":"instock","11":"purchasable","12":"product-type-simple"},"acf":[],"_links":{"self":[{"href":"https:\/\/www.regionalis.shop\/kolibri-ds\/wp-json\/wp\/v2\/product\/2627","targetHints":{"allow":["GET"]}}],"collection":[{"href":"https:\/\/www.regionalis.shop\/kolibri-ds\/wp-json\/wp\/v2\/product"}],"about":[{"href":"https:\/\/www.regionalis.shop\/kolibri-ds\/wp-json\/wp\/v2\/types\/product"}],"wp:featuredmedia":[{"embeddable":true,"href":"https:\/\/www.regionalis.shop\/kolibri-ds\/wp-json\/wp\/v2\/media\/2628"}],"wp:attachment":[{"href":"https:\/\/www.regionalis.shop\/kolibri-ds\/wp-json\/wp\/v2\/media?parent=2627"}],"wp:term":[{"taxonomy":"product_brand","embeddable":true,"href":"https:\/\/www.regionalis.shop\/kolibri-ds\/wp-json\/wp\/v2\/product_brand?post=2627"},{"taxonomy":"product_cat","embeddable":true,"href":"https:\/\/www.regionalis.shop\/kolibri-ds\/wp-json\/wp\/v2\/product_cat?post=2627"},{"taxonomy":"product_tag","embeddable":true,"href":"https:\/\/www.regionalis.shop\/kolibri-ds\/wp-json\/wp\/v2\/product_tag?post=2627"}],"curies":[{"name":"wp","href":"https:\/\/api.w.org\/{rel}","templated":true}]}}