{"id":2640,"date":"2025-04-18T00:03:07","date_gmt":"2025-04-17T22:03:07","guid":{"rendered":"https:\/\/www.regionalis.shop\/kolibri-ds\/product\/dreieckstuch-schwarz-weiss\/"},"modified":"2025-04-18T00:03:07","modified_gmt":"2025-04-17T22:03:07","slug":"dreieckstuch-schwarz-weiss","status":"publish","type":"product","link":"https:\/\/www.regionalis.shop\/kolibri-ds\/shop\/dreieckstuch-schwarz-weiss\/","title":{"rendered":"Dreieckstuch Schwarz\/Wei\u00df"},"content":{"rendered":"<p>Gro\u00dfes Dreieckstuch<br \/>\nSchenkell\u00e4nge \u00fcber 145cm<br \/>\nBaumwolle, Leinen und Samt<br \/>\nKann wendeseitig getragen werden, je nach Laune<\/p>\n","protected":false},"excerpt":{"rendered":"<p>Gro\u00dfes Dreieckstuch Schenkell\u00e4nge \u00fcber 145cm Baumwolle, Leinen und Samt Kann wendeseitig getragen werden, je nach Laune<\/p>\n","protected":false},"featured_media":2641,"template":"","meta":{"_acf_changed":false},"product_brand":[],"product_cat":[37,67],"product_tag":[],"class_list":{"0":"post-2640","1":"product","2":"type-product","3":"status-publish","4":"has-post-thumbnail","6":"product_cat-accessoires","7":"product_cat-schals-halstuecher","9":"first","10":"instock","11":"purchasable","12":"product-type-simple"},"acf":[],"_links":{"self":[{"href":"https:\/\/www.regionalis.shop\/kolibri-ds\/wp-json\/wp\/v2\/product\/2640","targetHints":{"allow":["GET"]}}],"collection":[{"href":"https:\/\/www.regionalis.shop\/kolibri-ds\/wp-json\/wp\/v2\/product"}],"about":[{"href":"https:\/\/www.regionalis.shop\/kolibri-ds\/wp-json\/wp\/v2\/types\/product"}],"wp:featuredmedia":[{"embeddable":true,"href":"https:\/\/www.regionalis.shop\/kolibri-ds\/wp-json\/wp\/v2\/media\/2641"}],"wp:attachment":[{"href":"https:\/\/www.regionalis.shop\/kolibri-ds\/wp-json\/wp\/v2\/media?parent=2640"}],"wp:term":[{"taxonomy":"product_brand","embeddable":true,"href":"https:\/\/www.regionalis.shop\/kolibri-ds\/wp-json\/wp\/v2\/product_brand?post=2640"},{"taxonomy":"product_cat","embeddable":true,"href":"https:\/\/www.regionalis.shop\/kolibri-ds\/wp-json\/wp\/v2\/product_cat?post=2640"},{"taxonomy":"product_tag","embeddable":true,"href":"https:\/\/www.regionalis.shop\/kolibri-ds\/wp-json\/wp\/v2\/product_tag?post=2640"}],"curies":[{"name":"wp","href":"https:\/\/api.w.org\/{rel}","templated":true}]}}