{"id":2695,"date":"2025-04-17T23:36:46","date_gmt":"2025-04-17T21:36:46","guid":{"rendered":"https:\/\/www.regionalis.shop\/kolibri-ds\/product\/christbaumkugel-mittel\/"},"modified":"2025-04-17T23:36:46","modified_gmt":"2025-04-17T21:36:46","slug":"christbaumkugel-mittel","status":"publish","type":"product","link":"https:\/\/www.regionalis.shop\/kolibri-ds\/shop\/christbaumkugel-mittel\/","title":{"rendered":"Christbaumkugel &#8211; Mittel"},"content":{"rendered":"<p>Christbaumkugel<\/p>\n<p>Dies ist ein Upcyclingprodukt aus alten B\u00fcchern &#8211; genauer gesagt, aus dem, was bei der Produktion meiner B\u00fccherlampen \u00fcbrig bleibt.<br \/>\nDie B\u00e4nder zum Aufh\u00e4ngen k\u00f6nnen und werden variieren<\/p>\n<p>Es gibt sie in 3 Gr\u00f6\u00dfen<br \/>\n5cm =Klein<br \/>\n8cm = Mittel<br \/>\n10cm =Gro\u00df<\/p>\n","protected":false},"excerpt":{"rendered":"<p>Christbaumkugel Dies ist ein Upcyclingprodukt aus alten B\u00fcchern &#8211; genauer gesagt, aus dem, was bei der Produktion meiner B\u00fccherlampen \u00fcbrig bleibt. Die B\u00e4nder zum Aufh\u00e4ngen k\u00f6nnen und werden variieren Es gibt sie in 3 Gr\u00f6\u00dfen 5cm =Klein 8cm = Mittel 10cm =Gro\u00df<\/p>\n","protected":false},"featured_media":2696,"template":"","meta":{"_acf_changed":false},"product_brand":[],"product_cat":[169,103],"product_tag":[],"class_list":{"0":"post-2695","1":"product","2":"type-product","3":"status-publish","4":"has-post-thumbnail","6":"product_cat-sonstiges-wohnen-deko","7":"product_cat-wohnen-deko","9":"first","10":"instock","11":"purchasable","12":"product-type-simple"},"acf":[],"_links":{"self":[{"href":"https:\/\/www.regionalis.shop\/kolibri-ds\/wp-json\/wp\/v2\/product\/2695","targetHints":{"allow":["GET"]}}],"collection":[{"href":"https:\/\/www.regionalis.shop\/kolibri-ds\/wp-json\/wp\/v2\/product"}],"about":[{"href":"https:\/\/www.regionalis.shop\/kolibri-ds\/wp-json\/wp\/v2\/types\/product"}],"wp:featuredmedia":[{"embeddable":true,"href":"https:\/\/www.regionalis.shop\/kolibri-ds\/wp-json\/wp\/v2\/media\/2696"}],"wp:attachment":[{"href":"https:\/\/www.regionalis.shop\/kolibri-ds\/wp-json\/wp\/v2\/media?parent=2695"}],"wp:term":[{"taxonomy":"product_brand","embeddable":true,"href":"https:\/\/www.regionalis.shop\/kolibri-ds\/wp-json\/wp\/v2\/product_brand?post=2695"},{"taxonomy":"product_cat","embeddable":true,"href":"https:\/\/www.regionalis.shop\/kolibri-ds\/wp-json\/wp\/v2\/product_cat?post=2695"},{"taxonomy":"product_tag","embeddable":true,"href":"https:\/\/www.regionalis.shop\/kolibri-ds\/wp-json\/wp\/v2\/product_tag?post=2695"}],"curies":[{"name":"wp","href":"https:\/\/api.w.org\/{rel}","templated":true}]}}