{"id":2745,"date":"2025-04-17T23:35:00","date_gmt":"2025-04-17T21:35:00","guid":{"rendered":"https:\/\/www.regionalis.shop\/kolibri-ds\/product\/dreieckstuch-schmetterling\/"},"modified":"2025-04-17T23:35:00","modified_gmt":"2025-04-17T21:35:00","slug":"dreieckstuch-schmetterling","status":"publish","type":"product","link":"https:\/\/www.regionalis.shop\/kolibri-ds\/shop\/dreieckstuch-schmetterling\/","title":{"rendered":"Dreieckstuch Schmetterling"},"content":{"rendered":"<p>Gro\u00dfes Dreieckstuch<br \/>\nSchenkell\u00e4nge \u00fcber 150cm<br \/>\n100% Baumwolle<br \/>\nKann wendeseitig getragen werden, je nach Laune<\/p>\n","protected":false},"excerpt":{"rendered":"<p>Gro\u00dfes Dreieckstuch Schenkell\u00e4nge \u00fcber 150cm 100% Baumwolle Kann wendeseitig getragen werden, je nach Laune<\/p>\n","protected":false},"featured_media":2746,"template":"","meta":{"_acf_changed":false},"product_brand":[],"product_cat":[37,67],"product_tag":[],"class_list":{"0":"post-2745","1":"product","2":"type-product","3":"status-publish","4":"has-post-thumbnail","6":"product_cat-accessoires","7":"product_cat-schals-halstuecher","9":"first","10":"instock","11":"purchasable","12":"product-type-simple"},"acf":[],"_links":{"self":[{"href":"https:\/\/www.regionalis.shop\/kolibri-ds\/wp-json\/wp\/v2\/product\/2745","targetHints":{"allow":["GET"]}}],"collection":[{"href":"https:\/\/www.regionalis.shop\/kolibri-ds\/wp-json\/wp\/v2\/product"}],"about":[{"href":"https:\/\/www.regionalis.shop\/kolibri-ds\/wp-json\/wp\/v2\/types\/product"}],"wp:featuredmedia":[{"embeddable":true,"href":"https:\/\/www.regionalis.shop\/kolibri-ds\/wp-json\/wp\/v2\/media\/2746"}],"wp:attachment":[{"href":"https:\/\/www.regionalis.shop\/kolibri-ds\/wp-json\/wp\/v2\/media?parent=2745"}],"wp:term":[{"taxonomy":"product_brand","embeddable":true,"href":"https:\/\/www.regionalis.shop\/kolibri-ds\/wp-json\/wp\/v2\/product_brand?post=2745"},{"taxonomy":"product_cat","embeddable":true,"href":"https:\/\/www.regionalis.shop\/kolibri-ds\/wp-json\/wp\/v2\/product_cat?post=2745"},{"taxonomy":"product_tag","embeddable":true,"href":"https:\/\/www.regionalis.shop\/kolibri-ds\/wp-json\/wp\/v2\/product_tag?post=2745"}],"curies":[{"name":"wp","href":"https:\/\/api.w.org\/{rel}","templated":true}]}}