{"id":2766,"date":"2025-04-17T23:18:03","date_gmt":"2025-04-17T21:18:03","guid":{"rendered":"https:\/\/www.regionalis.shop\/kolibri-ds\/product\/jausensackerl-sommer\/"},"modified":"2025-04-17T23:18:03","modified_gmt":"2025-04-17T21:18:03","slug":"jausensackerl-sommer","status":"publish","type":"product","link":"https:\/\/www.regionalis.shop\/kolibri-ds\/shop\/jausensackerl-sommer\/","title":{"rendered":"Jausensackerl Sommer"},"content":{"rendered":"<p>PUR beschichtete Baumwolle<br \/>\nKann zusammengerollt werden, daher purzelt der Inhalt nicht herum<br \/>\n30\u00b0C Schonw\u00e4sche in der Waschmaschine m\u00f6glich<br \/>\nF\u00fcr die Jause, aber auch zum Beispiel f\u00fcr das Schwimmbad geeignet, um die nassen Badesachen zu transportieren,&#8230;<\/p>\n","protected":false},"excerpt":{"rendered":"<p>PUR beschichtete Baumwolle Kann zusammengerollt werden, daher purzelt der Inhalt nicht herum 30\u00b0C Schonw\u00e4sche in der Waschmaschine m\u00f6glich F\u00fcr die Jause, aber auch zum Beispiel f\u00fcr das Schwimmbad geeignet, um die nassen Badesachen zu transportieren,&#8230;<\/p>\n","protected":false},"featured_media":2767,"template":"","meta":{"_acf_changed":false},"product_brand":[],"product_cat":[168,95],"product_tag":[],"class_list":{"0":"post-2766","1":"product","2":"type-product","3":"status-publish","4":"has-post-thumbnail","6":"product_cat-sonstiges-taschen","7":"product_cat-taschen","9":"first","10":"instock","11":"purchasable","12":"product-type-simple"},"acf":[],"_links":{"self":[{"href":"https:\/\/www.regionalis.shop\/kolibri-ds\/wp-json\/wp\/v2\/product\/2766","targetHints":{"allow":["GET"]}}],"collection":[{"href":"https:\/\/www.regionalis.shop\/kolibri-ds\/wp-json\/wp\/v2\/product"}],"about":[{"href":"https:\/\/www.regionalis.shop\/kolibri-ds\/wp-json\/wp\/v2\/types\/product"}],"wp:featuredmedia":[{"embeddable":true,"href":"https:\/\/www.regionalis.shop\/kolibri-ds\/wp-json\/wp\/v2\/media\/2767"}],"wp:attachment":[{"href":"https:\/\/www.regionalis.shop\/kolibri-ds\/wp-json\/wp\/v2\/media?parent=2766"}],"wp:term":[{"taxonomy":"product_brand","embeddable":true,"href":"https:\/\/www.regionalis.shop\/kolibri-ds\/wp-json\/wp\/v2\/product_brand?post=2766"},{"taxonomy":"product_cat","embeddable":true,"href":"https:\/\/www.regionalis.shop\/kolibri-ds\/wp-json\/wp\/v2\/product_cat?post=2766"},{"taxonomy":"product_tag","embeddable":true,"href":"https:\/\/www.regionalis.shop\/kolibri-ds\/wp-json\/wp\/v2\/product_tag?post=2766"}],"curies":[{"name":"wp","href":"https:\/\/api.w.org\/{rel}","templated":true}]}}