{"id":2769,"date":"2025-04-17T23:17:42","date_gmt":"2025-04-17T21:17:42","guid":{"rendered":"https:\/\/www.regionalis.shop\/kolibri-ds\/product\/passhuelle\/"},"modified":"2025-04-17T23:17:42","modified_gmt":"2025-04-17T21:17:42","slug":"passhuelle","status":"publish","type":"product","link":"https:\/\/www.regionalis.shop\/kolibri-ds\/shop\/passhuelle\/","title":{"rendered":"Passh\u00fclle"},"content":{"rendered":"<p>Reisepassh\u00fclle aus Vinylwachstuch<br \/>\nRobust und abwaschbar<br \/>\nReiselust mit der individuellen Note.<br \/>\nInnen befinden sich Einschubf\u00e4cher f\u00fcr zum Beispiel das Ticket, Gep\u00e4cksabschnitt, Visum,&#8230;<\/p>\n","protected":false},"excerpt":{"rendered":"<p>Reisepassh\u00fclle aus Vinylwachstuch Robust und abwaschbar Reiselust mit der individuellen Note. Innen befinden sich Einschubf\u00e4cher f\u00fcr zum Beispiel das Ticket, Gep\u00e4cksabschnitt, Visum,&#8230;<\/p>\n","protected":false},"featured_media":2770,"template":"","meta":{"_acf_changed":false},"product_brand":[],"product_cat":[37,65],"product_tag":[],"class_list":{"0":"post-2769","1":"product","2":"type-product","3":"status-publish","4":"has-post-thumbnail","6":"product_cat-accessoires","7":"product_cat-reisepasshuellen","9":"first","10":"instock","11":"purchasable","12":"product-type-simple"},"acf":[],"_links":{"self":[{"href":"https:\/\/www.regionalis.shop\/kolibri-ds\/wp-json\/wp\/v2\/product\/2769","targetHints":{"allow":["GET"]}}],"collection":[{"href":"https:\/\/www.regionalis.shop\/kolibri-ds\/wp-json\/wp\/v2\/product"}],"about":[{"href":"https:\/\/www.regionalis.shop\/kolibri-ds\/wp-json\/wp\/v2\/types\/product"}],"wp:featuredmedia":[{"embeddable":true,"href":"https:\/\/www.regionalis.shop\/kolibri-ds\/wp-json\/wp\/v2\/media\/2770"}],"wp:attachment":[{"href":"https:\/\/www.regionalis.shop\/kolibri-ds\/wp-json\/wp\/v2\/media?parent=2769"}],"wp:term":[{"taxonomy":"product_brand","embeddable":true,"href":"https:\/\/www.regionalis.shop\/kolibri-ds\/wp-json\/wp\/v2\/product_brand?post=2769"},{"taxonomy":"product_cat","embeddable":true,"href":"https:\/\/www.regionalis.shop\/kolibri-ds\/wp-json\/wp\/v2\/product_cat?post=2769"},{"taxonomy":"product_tag","embeddable":true,"href":"https:\/\/www.regionalis.shop\/kolibri-ds\/wp-json\/wp\/v2\/product_tag?post=2769"}],"curies":[{"name":"wp","href":"https:\/\/api.w.org\/{rel}","templated":true}]}}