{"id":2798,"date":"2025-04-17T23:16:06","date_gmt":"2025-04-17T21:16:06","guid":{"rendered":"https:\/\/www.regionalis.shop\/kolibri-ds\/product\/schuerze-hemd-blauhestreift\/"},"modified":"2025-04-17T23:16:06","modified_gmt":"2025-04-17T21:16:06","slug":"schuerze-hemd-blauhestreift","status":"publish","type":"product","link":"https:\/\/www.regionalis.shop\/kolibri-ds\/shop\/schuerze-hemd-blauhestreift\/","title":{"rendered":"Sch\u00fcrze- Hemd Blauhestreift"},"content":{"rendered":"<p>Kochsch\u00fcrze aus ausgemustertem Hemd.<br \/>\nKnopfleiste bis zur Tasche funktionsf\u00e4hig, f\u00fcr ein leichtes an-und ablegen.<\/p>\n","protected":false},"excerpt":{"rendered":"<p>Kochsch\u00fcrze aus ausgemustertem Hemd. Knopfleiste bis zur Tasche funktionsf\u00e4hig, f\u00fcr ein leichtes an-und ablegen.<\/p>\n","protected":false},"featured_media":2799,"template":"","meta":{"_acf_changed":false},"product_brand":[],"product_cat":[169,103],"product_tag":[],"class_list":{"0":"post-2798","1":"product","2":"type-product","3":"status-publish","4":"has-post-thumbnail","6":"product_cat-sonstiges-wohnen-deko","7":"product_cat-wohnen-deko","9":"first","10":"instock","11":"purchasable","12":"product-type-simple"},"acf":[],"_links":{"self":[{"href":"https:\/\/www.regionalis.shop\/kolibri-ds\/wp-json\/wp\/v2\/product\/2798","targetHints":{"allow":["GET"]}}],"collection":[{"href":"https:\/\/www.regionalis.shop\/kolibri-ds\/wp-json\/wp\/v2\/product"}],"about":[{"href":"https:\/\/www.regionalis.shop\/kolibri-ds\/wp-json\/wp\/v2\/types\/product"}],"wp:featuredmedia":[{"embeddable":true,"href":"https:\/\/www.regionalis.shop\/kolibri-ds\/wp-json\/wp\/v2\/media\/2799"}],"wp:attachment":[{"href":"https:\/\/www.regionalis.shop\/kolibri-ds\/wp-json\/wp\/v2\/media?parent=2798"}],"wp:term":[{"taxonomy":"product_brand","embeddable":true,"href":"https:\/\/www.regionalis.shop\/kolibri-ds\/wp-json\/wp\/v2\/product_brand?post=2798"},{"taxonomy":"product_cat","embeddable":true,"href":"https:\/\/www.regionalis.shop\/kolibri-ds\/wp-json\/wp\/v2\/product_cat?post=2798"},{"taxonomy":"product_tag","embeddable":true,"href":"https:\/\/www.regionalis.shop\/kolibri-ds\/wp-json\/wp\/v2\/product_tag?post=2798"}],"curies":[{"name":"wp","href":"https:\/\/api.w.org\/{rel}","templated":true}]}}