{"id":2801,"date":"2025-04-17T23:15:58","date_gmt":"2025-04-17T21:15:58","guid":{"rendered":"https:\/\/www.regionalis.shop\/kolibri-ds\/product\/schwimmfluegel-tascherl-mit-zipp-pp\/"},"modified":"2025-04-17T23:15:58","modified_gmt":"2025-04-17T21:15:58","slug":"schwimmfluegel-tascherl-mit-zipp-pp","status":"publish","type":"product","link":"https:\/\/www.regionalis.shop\/kolibri-ds\/shop\/schwimmfluegel-tascherl-mit-zipp-pp\/","title":{"rendered":"Schwimmfl\u00fcgel-Tascherl mit Zipp PP"},"content":{"rendered":"<p>Diese Schwimmfl\u00fcgel h\u00e4tten kein Kind mehr getragen. Aber Schnickschnack passt  in diese Tascherl allemal hinein. Zum Beispiel Haarspangerl, Schminke, Geld f\u00fcr die Schwimmbadpommes,&#8230;<\/p>\n","protected":false},"excerpt":{"rendered":"<p>Diese Schwimmfl\u00fcgel h\u00e4tten kein Kind mehr getragen. Aber Schnickschnack passt in diese Tascherl allemal hinein. Zum Beispiel Haarspangerl, Schminke, Geld f\u00fcr die Schwimmbadpommes,&#8230;<\/p>\n","protected":false},"featured_media":2802,"template":"","meta":{"_acf_changed":false},"product_brand":[],"product_cat":[168,95],"product_tag":[],"class_list":{"0":"post-2801","1":"product","2":"type-product","3":"status-publish","4":"has-post-thumbnail","6":"product_cat-sonstiges-taschen","7":"product_cat-taschen","9":"first","10":"instock","11":"purchasable","12":"product-type-simple"},"acf":[],"_links":{"self":[{"href":"https:\/\/www.regionalis.shop\/kolibri-ds\/wp-json\/wp\/v2\/product\/2801","targetHints":{"allow":["GET"]}}],"collection":[{"href":"https:\/\/www.regionalis.shop\/kolibri-ds\/wp-json\/wp\/v2\/product"}],"about":[{"href":"https:\/\/www.regionalis.shop\/kolibri-ds\/wp-json\/wp\/v2\/types\/product"}],"wp:featuredmedia":[{"embeddable":true,"href":"https:\/\/www.regionalis.shop\/kolibri-ds\/wp-json\/wp\/v2\/media\/2802"}],"wp:attachment":[{"href":"https:\/\/www.regionalis.shop\/kolibri-ds\/wp-json\/wp\/v2\/media?parent=2801"}],"wp:term":[{"taxonomy":"product_brand","embeddable":true,"href":"https:\/\/www.regionalis.shop\/kolibri-ds\/wp-json\/wp\/v2\/product_brand?post=2801"},{"taxonomy":"product_cat","embeddable":true,"href":"https:\/\/www.regionalis.shop\/kolibri-ds\/wp-json\/wp\/v2\/product_cat?post=2801"},{"taxonomy":"product_tag","embeddable":true,"href":"https:\/\/www.regionalis.shop\/kolibri-ds\/wp-json\/wp\/v2\/product_tag?post=2801"}],"curies":[{"name":"wp","href":"https:\/\/api.w.org\/{rel}","templated":true}]}}