{"id":2816,"date":"2025-04-17T23:12:52","date_gmt":"2025-04-17T21:12:52","guid":{"rendered":"https:\/\/www.regionalis.shop\/kolibri-ds\/product\/armband-boot\/"},"modified":"2025-04-17T23:12:52","modified_gmt":"2025-04-17T21:12:52","slug":"armband-boot","status":"publish","type":"product","link":"https:\/\/www.regionalis.shop\/kolibri-ds\/shop\/armband-boot\/","title":{"rendered":"Armband Boot"},"content":{"rendered":"<p>Gr\u00f6\u00dfenverstellbares Armband. Metall nickelfrei, Band gewachste Baumwolle <\/p>\n<p>Boot in Silber, Gold oder Ros\u00e9gold<br \/>\nEinfach die gew\u00fcnschte Farbe des Bandes bei der Bestellung bekannt geben, es gibt (fast) alle Farben des Regenbogens.<\/p>\n","protected":false},"excerpt":{"rendered":"<p>Gr\u00f6\u00dfenverstellbares Armband. Metall nickelfrei, Band gewachste Baumwolle Boot in Silber, Gold oder Ros\u00e9gold Einfach die gew\u00fcnschte Farbe des Bandes bei der Bestellung bekannt geben, es gibt (fast) alle Farben des Regenbogens.<\/p>\n","protected":false},"featured_media":2817,"template":"","meta":{"_acf_changed":false},"product_brand":[],"product_cat":[110,70],"product_tag":[],"class_list":{"0":"post-2816","1":"product","2":"type-product","3":"status-publish","4":"has-post-thumbnail","6":"product_cat-armbaender","7":"product_cat-schmuck","9":"first","10":"instock","11":"purchasable","12":"product-type-simple"},"acf":[],"_links":{"self":[{"href":"https:\/\/www.regionalis.shop\/kolibri-ds\/wp-json\/wp\/v2\/product\/2816","targetHints":{"allow":["GET"]}}],"collection":[{"href":"https:\/\/www.regionalis.shop\/kolibri-ds\/wp-json\/wp\/v2\/product"}],"about":[{"href":"https:\/\/www.regionalis.shop\/kolibri-ds\/wp-json\/wp\/v2\/types\/product"}],"wp:featuredmedia":[{"embeddable":true,"href":"https:\/\/www.regionalis.shop\/kolibri-ds\/wp-json\/wp\/v2\/media\/2817"}],"wp:attachment":[{"href":"https:\/\/www.regionalis.shop\/kolibri-ds\/wp-json\/wp\/v2\/media?parent=2816"}],"wp:term":[{"taxonomy":"product_brand","embeddable":true,"href":"https:\/\/www.regionalis.shop\/kolibri-ds\/wp-json\/wp\/v2\/product_brand?post=2816"},{"taxonomy":"product_cat","embeddable":true,"href":"https:\/\/www.regionalis.shop\/kolibri-ds\/wp-json\/wp\/v2\/product_cat?post=2816"},{"taxonomy":"product_tag","embeddable":true,"href":"https:\/\/www.regionalis.shop\/kolibri-ds\/wp-json\/wp\/v2\/product_tag?post=2816"}],"curies":[{"name":"wp","href":"https:\/\/api.w.org\/{rel}","templated":true}]}}