{"id":2835,"date":"2026-01-16T12:45:24","date_gmt":"2026-01-16T11:45:24","guid":{"rendered":"https:\/\/www.regionalis.shop\/kolibri-ds\/?post_type=product&#038;p=2835"},"modified":"2026-01-16T13:35:23","modified_gmt":"2026-01-16T12:35:23","slug":"ring-hase","status":"publish","type":"product","link":"https:\/\/www.regionalis.shop\/kolibri-ds\/shop\/ring-hase\/","title":{"rendered":"Ring Hase"},"content":{"rendered":"<p>Gr\u00f6\u00dfenverstellbarer Ring, nickelfrei mit Glascabochons mit Hasenmotiven<br \/>\nGew\u00fcnschtes Motiv bei der Bestellung, bitte nennen<br \/>\n1) Hase mit Haarkranz<br \/>\n2) Hase mit Haarkranz und Blumen<br \/>\n3) Hase mit Haarkranz und Blumenranke<br \/>\n4) Hase Braun mit Blumenranke<br \/>\n5) Hase Braun mit Ostereiern<\/p>\n","protected":false},"excerpt":{"rendered":"<p>Gr\u00f6\u00dfenverstellbarer Ring, nickelfrei mit Glascabochons mit Hasenmotiven Gew\u00fcnschtes Motiv bei der Bestellung, bitte nennen 1) Hase mit Haarkranz 2) Hase mit Haarkranz und Blumen 3) Hase mit Haarkranz und Blumenranke 4) Hase Braun mit Blumenranke 5) Hase Braun mit Ostereiern<\/p>\n","protected":false},"featured_media":0,"template":"","meta":{"_acf_changed":false},"product_brand":[],"product_cat":[165,70],"product_tag":[],"class_list":{"0":"post-2835","1":"product","2":"type-product","3":"status-publish","5":"product_cat-ringe","6":"product_cat-schmuck","8":"first","9":"instock","10":"purchasable","11":"product-type-simple"},"acf":[],"_links":{"self":[{"href":"https:\/\/www.regionalis.shop\/kolibri-ds\/wp-json\/wp\/v2\/product\/2835","targetHints":{"allow":["GET"]}}],"collection":[{"href":"https:\/\/www.regionalis.shop\/kolibri-ds\/wp-json\/wp\/v2\/product"}],"about":[{"href":"https:\/\/www.regionalis.shop\/kolibri-ds\/wp-json\/wp\/v2\/types\/product"}],"wp:attachment":[{"href":"https:\/\/www.regionalis.shop\/kolibri-ds\/wp-json\/wp\/v2\/media?parent=2835"}],"wp:term":[{"taxonomy":"product_brand","embeddable":true,"href":"https:\/\/www.regionalis.shop\/kolibri-ds\/wp-json\/wp\/v2\/product_brand?post=2835"},{"taxonomy":"product_cat","embeddable":true,"href":"https:\/\/www.regionalis.shop\/kolibri-ds\/wp-json\/wp\/v2\/product_cat?post=2835"},{"taxonomy":"product_tag","embeddable":true,"href":"https:\/\/www.regionalis.shop\/kolibri-ds\/wp-json\/wp\/v2\/product_tag?post=2835"}],"curies":[{"name":"wp","href":"https:\/\/api.w.org\/{rel}","templated":true}]}}