{"id":862,"date":"2025-05-24T13:44:06","date_gmt":"2025-05-24T11:44:06","guid":{"rendered":"https:\/\/starter.stage.shop-it.at\/?page_id=862"},"modified":"2025-10-23T15:21:37","modified_gmt":"2025-10-23T13:21:37","slug":"startseite","status":"publish","type":"page","link":"https:\/\/www.regionalis.shop\/kraeutermadame\/","title":{"rendered":"Startseite"},"content":{"rendered":"<section>\n        <div class=\"header-image\">\n            <img decoding=\"async\" src=\"https:\/\/www.regionalis.shop\/app\/uploads\/sites\/310\/5545_2022_02_17_11_17_38_539134884.jpg\" alt=\"\">\n        <\/div>\n    \n    <\/section>\n    <section>\n    <div class=\"header-title\">\n        <h1 class=\"h2\">Willkommen bei Kr\u00e4utermadame<\/h1>\n    <\/div>\n            <h2 class=\"h3\">Handgemacht in 5071<\/h2>\n                <p>Mein Name ist Alex und ich nenne mich die Kr\u00e4utermadame.<br \/>\nIch bin gelernte K\u00f6chin, diplomierte Kr\u00e4uterp\u00e4dagogin und Mama von zwei kleinen Kindern.<br \/>\nIch habe mich immer mehr in die Geschm\u00e4cker der Wildpflanzen verliebt. Nicht nur auf die Zubereitung von Speisen habe ich mich spezialisiert, sondern auch auf die vielf\u00e4ltige Verwendung der Kr\u00e4uter. Ich stelle zum Gro\u00dfteil meine Naturkosmetik selbst her, wie Salben, Seifen, Cremen und Tinkturen. Ich lade euch ein euch von meiner Passion und Liebe zu Wildkr\u00e4utern begeistern zu lassen. Ob beim R\u00e4uchern, Kochen, Fermentieren oder auf einer meiner gef\u00fchrten Kr\u00e4uterexpeditionen.<br \/>\nF\u00fcr Jung und Alt, f\u00fcr urban und l\u00e4ndlich f\u00fcr jeden Geschmack ist etwas dabei.<br \/>\nIch braue meinen eigenen Kombucha und fermentiere ihn mit Wildkr\u00e4utern. So entstand auch mein neustes Projekt: ,, Die Kombucha Seife&#8220;<br \/>\nSeid gespannt, ich habe noch viele tolle Ideen.<\/p>\n\n    \n    <h3>Produkte<\/h3>\n\n    <div class=\"woocommerce columns-3 \"><ul class=\"products columns-3\">\n<li class=\"product type-product post-1057 status-publish first instock product_cat-freizeit-lifestyle product_cat-raeucherwerk has-post-thumbnail purchasable product-type-simple\">\n\t<a href=\"https:\/\/www.regionalis.shop\/kraeutermadame\/shop\/raeucherstoevchen\/\" class=\"woocommerce-LoopProduct-link woocommerce-loop-product__link\"><div class=\"wc-block-grid__product-image\"><img loading=\"lazy\" decoding=\"async\" width=\"420\" height=\"420\" src=\"https:\/\/www.regionalis.shop\/app\/uploads\/sites\/310\/5545_2022_11_14_08_33_20_352221390.jpg\" class=\"attachment-large size-large\" alt=\"R\u00e4ucherst\u00f6vchen\" srcset=\"https:\/\/www.regionalis.shop\/app\/uploads\/sites\/310\/5545_2022_11_14_08_33_20_352221390.jpg 420w, https:\/\/www.regionalis.shop\/app\/uploads\/sites\/310\/5545_2022_11_14_08_33_20_352221390-300x300.jpg 300w, https:\/\/www.regionalis.shop\/app\/uploads\/sites\/310\/5545_2022_11_14_08_33_20_352221390-150x150.jpg 150w, https:\/\/www.regionalis.shop\/app\/uploads\/sites\/310\/5545_2022_11_14_08_33_20_352221390-100x100.jpg 100w\" sizes=\"auto, (max-width: 420px) 100vw, 420px\" \/><\/div><h2 class=\"woocommerce-loop-product__title\">R\u00e4ucherst\u00f6vchen<\/h2>\n\t<span class=\"price\"><span class=\"woocommerce-Price-amount amount\"><bdi>38,50&nbsp;<span class=\"woocommerce-Price-currencySymbol\">&euro;<\/span><\/bdi><\/span><\/span>\n<\/a><\/li>\n<li class=\"product type-product post-1052 status-publish instock product_cat-freizeit-lifestyle product_cat-raeucherwerk has-post-thumbnail purchasable product-type-simple\">\n\t<a href=\"https:\/\/www.regionalis.shop\/kraeutermadame\/shop\/raeuchermischung-mit-zirbenwuerfel\/\" class=\"woocommerce-LoopProduct-link woocommerce-loop-product__link\"><div class=\"wc-block-grid__product-image\"><img loading=\"lazy\" decoding=\"async\" width=\"420\" height=\"420\" src=\"https:\/\/www.regionalis.shop\/app\/uploads\/sites\/310\/5545_2022_11_14_08_12_48_328030063.jpg\" class=\"attachment-large size-large\" alt=\"R\u00e4uchermischung mit Zirbenw\u00fcrfel\" srcset=\"https:\/\/www.regionalis.shop\/app\/uploads\/sites\/310\/5545_2022_11_14_08_12_48_328030063.jpg 420w, https:\/\/www.regionalis.shop\/app\/uploads\/sites\/310\/5545_2022_11_14_08_12_48_328030063-300x300.jpg 300w, https:\/\/www.regionalis.shop\/app\/uploads\/sites\/310\/5545_2022_11_14_08_12_48_328030063-150x150.jpg 150w, https:\/\/www.regionalis.shop\/app\/uploads\/sites\/310\/5545_2022_11_14_08_12_48_328030063-100x100.jpg 100w\" sizes=\"auto, (max-width: 420px) 100vw, 420px\" \/><\/div><h2 class=\"woocommerce-loop-product__title\">R\u00e4uchermischung mit Zirbenw\u00fcrfel<\/h2>\n\t<span class=\"price\"><span class=\"woocommerce-Price-amount amount\"><bdi>14,50&nbsp;<span class=\"woocommerce-Price-currencySymbol\">&euro;<\/span><\/bdi><\/span><\/span>\n<\/a><\/li>\n<li class=\"product type-product post-1066 status-publish last instock product_cat-freizeit-lifestyle product_cat-raeucherwerk has-post-thumbnail purchasable product-type-simple\">\n\t<a href=\"https:\/\/www.regionalis.shop\/kraeutermadame\/shop\/raeucherset-klein-inklusiv-raeuchermischung-und-teelicht\/\" class=\"woocommerce-LoopProduct-link woocommerce-loop-product__link\"><div class=\"wc-block-grid__product-image\"><img loading=\"lazy\" decoding=\"async\" width=\"420\" height=\"420\" src=\"https:\/\/www.regionalis.shop\/app\/uploads\/sites\/310\/5545_2022_02_17_21_08_20_154652072.jpg\" class=\"attachment-large size-large\" alt=\"R\u00e4ucherset klein inklusiv R\u00e4uchermischung und Teelicht\" srcset=\"https:\/\/www.regionalis.shop\/app\/uploads\/sites\/310\/5545_2022_02_17_21_08_20_154652072.jpg 420w, https:\/\/www.regionalis.shop\/app\/uploads\/sites\/310\/5545_2022_02_17_21_08_20_154652072-300x300.jpg 300w, https:\/\/www.regionalis.shop\/app\/uploads\/sites\/310\/5545_2022_02_17_21_08_20_154652072-150x150.jpg 150w, https:\/\/www.regionalis.shop\/app\/uploads\/sites\/310\/5545_2022_02_17_21_08_20_154652072-100x100.jpg 100w\" sizes=\"auto, (max-width: 420px) 100vw, 420px\" \/><\/div><h2 class=\"woocommerce-loop-product__title\">R\u00e4ucherset klein inklusiv R\u00e4uchermischung und Teelicht<\/h2>\n\t<span class=\"price\"><span class=\"woocommerce-Price-amount amount\"><bdi>48,00&nbsp;<span class=\"woocommerce-Price-currencySymbol\">&euro;<\/span><\/bdi><\/span><\/span>\n<\/a><\/li>\n<\/ul>\n<\/div>\n    <p>\n        <a href=\"https:\/\/www.regionalis.shop\/kraeutermadame\/shop\/\" class=\"btn btn-primary btn-icon-right\">\n            Alle Produkte <i class=\"bi bi-arrow-right-short\"><\/i>\n        <\/a>\n    <\/p>\n<\/section>\n\n<div data-block-name=\"woocommerce\/store-notices\" class=\"wc-block-store-notices woocommerce alignwide alignwide wp-block-woocommerce-store-notices\"><div class=\"woocommerce-notices-wrapper\"><\/div><\/div>","protected":false},"excerpt":{"rendered":"","protected":false},"author":1,"featured_media":0,"parent":0,"menu_order":0,"comment_status":"closed","ping_status":"closed","template":"template-home.blade.php","meta":{"_acf_changed":false,"footnotes":""},"class_list":["post-862","page","type-page","status-publish","hentry"],"acf":[],"_links":{"self":[{"href":"https:\/\/www.regionalis.shop\/kraeutermadame\/wp-json\/wp\/v2\/pages\/862","targetHints":{"allow":["GET"]}}],"collection":[{"href":"https:\/\/www.regionalis.shop\/kraeutermadame\/wp-json\/wp\/v2\/pages"}],"about":[{"href":"https:\/\/www.regionalis.shop\/kraeutermadame\/wp-json\/wp\/v2\/types\/page"}],"author":[{"embeddable":true,"href":"https:\/\/www.regionalis.shop\/kraeutermadame\/wp-json\/wp\/v2\/users\/1"}],"replies":[{"embeddable":true,"href":"https:\/\/www.regionalis.shop\/kraeutermadame\/wp-json\/wp\/v2\/comments?post=862"}],"version-history":[{"count":28,"href":"https:\/\/www.regionalis.shop\/kraeutermadame\/wp-json\/wp\/v2\/pages\/862\/revisions"}],"predecessor-version":[{"id":1041,"href":"https:\/\/www.regionalis.shop\/kraeutermadame\/wp-json\/wp\/v2\/pages\/862\/revisions\/1041"}],"wp:attachment":[{"href":"https:\/\/www.regionalis.shop\/kraeutermadame\/wp-json\/wp\/v2\/media?parent=862"}],"curies":[{"name":"wp","href":"https:\/\/api.w.org\/{rel}","templated":true}]}}