{"id":1052,"date":"2025-04-18T08:32:59","date_gmt":"2025-04-18T06:32:59","guid":{"rendered":"https:\/\/www.regionalis.shop\/kraeutermadame\/product\/raeuchermischung-mit-zirbenwuerfel\/"},"modified":"2025-04-18T08:32:59","modified_gmt":"2025-04-18T06:32:59","slug":"raeuchermischung-mit-zirbenwuerfel","status":"publish","type":"product","link":"https:\/\/www.regionalis.shop\/kraeutermadame\/shop\/raeuchermischung-mit-zirbenwuerfel\/","title":{"rendered":"R\u00e4uchermischung mit Zirbenw\u00fcrfel"},"content":{"rendered":"<p>Meine R\u00e4uchermischungen befinden sich in wieder verwendbaren Reagenzgl\u00e4sern. Sollte das Glas leer werden, kann es f\u00fcr frische sowie Trockenblumen verwendet werden.<br \/>\nF\u00fcllmenge liegt bei  53ml, je nach R\u00e4ucherwerk individuell schwer. Es gibt die angegebenen Mischungen nur solange der Vorrat reicht. Aber keine Angst, es gibt immer wieder neue Variationen und somit ein tolles Sortiment. Alle Zutaten der R\u00e4uchermischungen (au\u00dfer die au\u00dfereurop\u00e4ischen Harze) wurden von mir selbst gepfl\u00fcckt, gesammelt und getrocknet. Achtung: Bei Asthma oder Atemwegserkrankungen, sowie Kindern und Allergiker. Nicht jede R\u00e4uchermischung ist f\u00fcr diese Gruppe geeignet.<\/p>\n","protected":false},"excerpt":{"rendered":"<p>Meine R\u00e4uchermischungen befinden sich in wieder verwendbaren Reagenzgl\u00e4sern. Sollte das Glas leer werden, kann es f\u00fcr frische sowie Trockenblumen verwendet werden. F\u00fcllmenge liegt bei 53ml, je nach R\u00e4ucherwerk individuell schwer. Es gibt die angegebenen Mischungen nur solange der Vorrat reicht. Aber keine Angst, es gibt immer wieder neue Variationen und somit ein tolles Sortiment. Alle &hellip; <a href=\"https:\/\/www.regionalis.shop\/kraeutermadame\/shop\/raeuchermischung-mit-zirbenwuerfel\/\">Continued<\/a><\/p>\n","protected":false},"featured_media":1053,"template":"","meta":{"_acf_changed":false},"product_brand":[],"product_cat":[41,64],"product_tag":[],"class_list":{"0":"post-1052","1":"product","2":"type-product","3":"status-publish","4":"has-post-thumbnail","6":"product_cat-freizeit-lifestyle","7":"product_cat-raeucherwerk","9":"first","10":"instock","11":"purchasable","12":"product-type-simple"},"acf":[],"_links":{"self":[{"href":"https:\/\/www.regionalis.shop\/kraeutermadame\/wp-json\/wp\/v2\/product\/1052","targetHints":{"allow":["GET"]}}],"collection":[{"href":"https:\/\/www.regionalis.shop\/kraeutermadame\/wp-json\/wp\/v2\/product"}],"about":[{"href":"https:\/\/www.regionalis.shop\/kraeutermadame\/wp-json\/wp\/v2\/types\/product"}],"wp:featuredmedia":[{"embeddable":true,"href":"https:\/\/www.regionalis.shop\/kraeutermadame\/wp-json\/wp\/v2\/media\/1053"}],"wp:attachment":[{"href":"https:\/\/www.regionalis.shop\/kraeutermadame\/wp-json\/wp\/v2\/media?parent=1052"}],"wp:term":[{"taxonomy":"product_brand","embeddable":true,"href":"https:\/\/www.regionalis.shop\/kraeutermadame\/wp-json\/wp\/v2\/product_brand?post=1052"},{"taxonomy":"product_cat","embeddable":true,"href":"https:\/\/www.regionalis.shop\/kraeutermadame\/wp-json\/wp\/v2\/product_cat?post=1052"},{"taxonomy":"product_tag","embeddable":true,"href":"https:\/\/www.regionalis.shop\/kraeutermadame\/wp-json\/wp\/v2\/product_tag?post=1052"}],"curies":[{"name":"wp","href":"https:\/\/api.w.org\/{rel}","templated":true}]}}