{"id":1061,"date":"2025-04-18T06:03:39","date_gmt":"2025-04-18T04:03:39","guid":{"rendered":"https:\/\/www.regionalis.shop\/kraeutermadame\/product\/raeucherset-keramitkstoevchen-raeuchermischung\/"},"modified":"2025-04-18T06:03:39","modified_gmt":"2025-04-18T04:03:39","slug":"raeucherset-keramitkstoevchen-raeuchermischung","status":"publish","type":"product","link":"https:\/\/www.regionalis.shop\/kraeutermadame\/shop\/raeucherset-keramitkstoevchen-raeuchermischung\/","title":{"rendered":"R\u00e4ucherset Keramitkst\u00f6vchen &#038; R\u00e4uchermischung"},"content":{"rendered":"<p>Gro\u00df: ca. 14 cm Durchmesser und eine H\u00f6he von 12 cm<\/p>\n<p>Das Besondere an diesen R\u00e4ucherschalen: Der Duft des R\u00e4ucherwerkes zieht sich langsam und fein durch den Raum. Nicht nur optisch ein Hingucker, es ist robust und wird auch nicht zu hei\u00df.<br \/>\nF\u00fcr mich sind sie einfach perfekt, die Handhabung ist einfach und unkompliziert.<br \/>\nDa es alles handgemachte Einzelst\u00fccke sind garantiere ich nicht f\u00fcr die exakte Gr\u00f6\u00dfe.<br \/>\nDazu gibt es zwei verschiedene R\u00e4uchermischungen, einmal die Osterspezial Mischung und einmal eine reinigende Fr\u00fchlingsmischung.<br \/>\nDie St\u00f6vchen sind ein toller Blickfang im Eingangsbereich. Auch f\u00fcr Restaurants, Shops oder Hotels geeignet.<\/p>\n","protected":false},"excerpt":{"rendered":"<p>Gro\u00df: ca. 14 cm Durchmesser und eine H\u00f6he von 12 cm Das Besondere an diesen R\u00e4ucherschalen: Der Duft des R\u00e4ucherwerkes zieht sich langsam und fein durch den Raum. Nicht nur optisch ein Hingucker, es ist robust und wird auch nicht zu hei\u00df. F\u00fcr mich sind sie einfach perfekt, die Handhabung ist einfach und unkompliziert. Da &hellip; <a href=\"https:\/\/www.regionalis.shop\/kraeutermadame\/shop\/raeucherset-keramitkstoevchen-raeuchermischung\/\">Continued<\/a><\/p>\n","protected":false},"featured_media":1062,"template":"","meta":{"_acf_changed":false},"product_brand":[],"product_cat":[41,64],"product_tag":[],"class_list":{"0":"post-1061","1":"product","2":"type-product","3":"status-publish","4":"has-post-thumbnail","6":"product_cat-freizeit-lifestyle","7":"product_cat-raeucherwerk","9":"first","10":"instock","11":"purchasable","12":"product-type-simple"},"acf":[],"_links":{"self":[{"href":"https:\/\/www.regionalis.shop\/kraeutermadame\/wp-json\/wp\/v2\/product\/1061","targetHints":{"allow":["GET"]}}],"collection":[{"href":"https:\/\/www.regionalis.shop\/kraeutermadame\/wp-json\/wp\/v2\/product"}],"about":[{"href":"https:\/\/www.regionalis.shop\/kraeutermadame\/wp-json\/wp\/v2\/types\/product"}],"wp:featuredmedia":[{"embeddable":true,"href":"https:\/\/www.regionalis.shop\/kraeutermadame\/wp-json\/wp\/v2\/media\/1062"}],"wp:attachment":[{"href":"https:\/\/www.regionalis.shop\/kraeutermadame\/wp-json\/wp\/v2\/media?parent=1061"}],"wp:term":[{"taxonomy":"product_brand","embeddable":true,"href":"https:\/\/www.regionalis.shop\/kraeutermadame\/wp-json\/wp\/v2\/product_brand?post=1061"},{"taxonomy":"product_cat","embeddable":true,"href":"https:\/\/www.regionalis.shop\/kraeutermadame\/wp-json\/wp\/v2\/product_cat?post=1061"},{"taxonomy":"product_tag","embeddable":true,"href":"https:\/\/www.regionalis.shop\/kraeutermadame\/wp-json\/wp\/v2\/product_tag?post=1061"}],"curies":[{"name":"wp","href":"https:\/\/api.w.org\/{rel}","templated":true}]}}