{"id":1069,"date":"2025-04-18T06:02:56","date_gmt":"2025-04-18T04:02:56","guid":{"rendered":"https:\/\/www.regionalis.shop\/kraeutermadame\/product\/kombucha-ringelblumen-algen-seife\/"},"modified":"2025-04-18T06:02:56","modified_gmt":"2025-04-18T04:02:56","slug":"kombucha-ringelblumen-algen-seife","status":"publish","type":"product","link":"https:\/\/www.regionalis.shop\/kraeutermadame\/shop\/kombucha-ringelblumen-algen-seife\/","title":{"rendered":"Kombucha- Ringelblumen- Algen Seife"},"content":{"rendered":"<p>Ringelblumen Kombucha Algen Seife, sie steht f\u00fcr pure Pflanzenpower f\u00fcr die Haut. Bestehend aus den ersten Fr\u00fchlingskr\u00e4utern wie Brennnessel, Taubnessel, Vogelmiere und Gundermann wird sie mit der duftenden Ringelblume veredelt. Die Kraft bekommt sie durch den Kombucha Pilz &#038; die Spirulina Alge. Es ist nicht nur eine Seife, sondern ein Bodybar f\u00fcr den ganzen K\u00f6rper. Sie verstr\u00f6mt einen wunderbar zarten Duft nach Frische &#038; Fr\u00fchling.<\/p>\n","protected":false},"excerpt":{"rendered":"<p>Ringelblumen Kombucha Algen Seife, sie steht f\u00fcr pure Pflanzenpower f\u00fcr die Haut. Bestehend aus den ersten Fr\u00fchlingskr\u00e4utern wie Brennnessel, Taubnessel, Vogelmiere und Gundermann wird sie mit der duftenden Ringelblume veredelt. Die Kraft bekommt sie durch den Kombucha Pilz &#038; die Spirulina Alge. Es ist nicht nur eine Seife, sondern ein Bodybar f\u00fcr den ganzen K\u00f6rper. &hellip; <a href=\"https:\/\/www.regionalis.shop\/kraeutermadame\/shop\/kombucha-ringelblumen-algen-seife\/\">Continued<\/a><\/p>\n","protected":false},"featured_media":1070,"template":"","meta":{"_acf_changed":false},"product_brand":[],"product_cat":[52,76],"product_tag":[],"class_list":{"0":"post-1069","1":"product","2":"type-product","3":"status-publish","4":"has-post-thumbnail","6":"product_cat-kosmetika","7":"product_cat-seifen","9":"first","10":"instock","11":"purchasable","12":"product-type-simple"},"acf":[],"_links":{"self":[{"href":"https:\/\/www.regionalis.shop\/kraeutermadame\/wp-json\/wp\/v2\/product\/1069","targetHints":{"allow":["GET"]}}],"collection":[{"href":"https:\/\/www.regionalis.shop\/kraeutermadame\/wp-json\/wp\/v2\/product"}],"about":[{"href":"https:\/\/www.regionalis.shop\/kraeutermadame\/wp-json\/wp\/v2\/types\/product"}],"wp:featuredmedia":[{"embeddable":true,"href":"https:\/\/www.regionalis.shop\/kraeutermadame\/wp-json\/wp\/v2\/media\/1070"}],"wp:attachment":[{"href":"https:\/\/www.regionalis.shop\/kraeutermadame\/wp-json\/wp\/v2\/media?parent=1069"}],"wp:term":[{"taxonomy":"product_brand","embeddable":true,"href":"https:\/\/www.regionalis.shop\/kraeutermadame\/wp-json\/wp\/v2\/product_brand?post=1069"},{"taxonomy":"product_cat","embeddable":true,"href":"https:\/\/www.regionalis.shop\/kraeutermadame\/wp-json\/wp\/v2\/product_cat?post=1069"},{"taxonomy":"product_tag","embeddable":true,"href":"https:\/\/www.regionalis.shop\/kraeutermadame\/wp-json\/wp\/v2\/product_tag?post=1069"}],"curies":[{"name":"wp","href":"https:\/\/api.w.org\/{rel}","templated":true}]}}