{"id":1074,"date":"2025-04-18T06:02:56","date_gmt":"2025-04-18T04:02:56","guid":{"rendered":"https:\/\/www.regionalis.shop\/kraeutermadame\/product\/raeuchermischung-ostern\/"},"modified":"2025-04-18T06:02:56","modified_gmt":"2025-04-18T04:02:56","slug":"raeuchermischung-ostern","status":"publish","type":"product","link":"https:\/\/www.regionalis.shop\/kraeutermadame\/shop\/raeuchermischung-ostern\/","title":{"rendered":"R\u00e4uchermischung Ostern"},"content":{"rendered":"<p>R\u00e4uchermischung Oster Special<br \/>\nZutaten: Palmk\u00e4tzchen, Ringelblume, Hagebutte, Rose, Lavendel, Zitronenverbene, Malve. Eine fruchtig leichte Mischung f\u00fcr eine gem\u00fctliche Atmosph\u00e4re und gute Stimmung. Perfekt f\u00fcr den Fr\u00fchlingsbeginn und die Osterzeit<\/p>\n","protected":false},"excerpt":{"rendered":"<p>R\u00e4uchermischung Oster Special Zutaten: Palmk\u00e4tzchen, Ringelblume, Hagebutte, Rose, Lavendel, Zitronenverbene, Malve. Eine fruchtig leichte Mischung f\u00fcr eine gem\u00fctliche Atmosph\u00e4re und gute Stimmung. Perfekt f\u00fcr den Fr\u00fchlingsbeginn und die Osterzeit<\/p>\n","protected":false},"featured_media":1075,"template":"","meta":{"_acf_changed":false},"product_brand":[],"product_cat":[41,64],"product_tag":[],"class_list":{"0":"post-1074","1":"product","2":"type-product","3":"status-publish","4":"has-post-thumbnail","6":"product_cat-freizeit-lifestyle","7":"product_cat-raeucherwerk","9":"first","10":"instock","11":"purchasable","12":"product-type-simple"},"acf":[],"_links":{"self":[{"href":"https:\/\/www.regionalis.shop\/kraeutermadame\/wp-json\/wp\/v2\/product\/1074","targetHints":{"allow":["GET"]}}],"collection":[{"href":"https:\/\/www.regionalis.shop\/kraeutermadame\/wp-json\/wp\/v2\/product"}],"about":[{"href":"https:\/\/www.regionalis.shop\/kraeutermadame\/wp-json\/wp\/v2\/types\/product"}],"wp:featuredmedia":[{"embeddable":true,"href":"https:\/\/www.regionalis.shop\/kraeutermadame\/wp-json\/wp\/v2\/media\/1075"}],"wp:attachment":[{"href":"https:\/\/www.regionalis.shop\/kraeutermadame\/wp-json\/wp\/v2\/media?parent=1074"}],"wp:term":[{"taxonomy":"product_brand","embeddable":true,"href":"https:\/\/www.regionalis.shop\/kraeutermadame\/wp-json\/wp\/v2\/product_brand?post=1074"},{"taxonomy":"product_cat","embeddable":true,"href":"https:\/\/www.regionalis.shop\/kraeutermadame\/wp-json\/wp\/v2\/product_cat?post=1074"},{"taxonomy":"product_tag","embeddable":true,"href":"https:\/\/www.regionalis.shop\/kraeutermadame\/wp-json\/wp\/v2\/product_tag?post=1074"}],"curies":[{"name":"wp","href":"https:\/\/api.w.org\/{rel}","templated":true}]}}