{"id":1042,"date":"2025-10-23T16:14:07","date_gmt":"2025-10-23T14:14:07","guid":{"rendered":"https:\/\/www.regionalis.shop\/kraeuterwerkstatt-natur-aromamanufaktur\/?page_id=1042"},"modified":"2025-10-23T16:16:34","modified_gmt":"2025-10-23T14:16:34","slug":"impressum","status":"publish","type":"page","link":"https:\/\/www.regionalis.shop\/kraeuterwerkstatt-natur-aromamanufaktur\/impressum\/","title":{"rendered":"Impressum"},"content":{"rendered":"<section>\n            <p>Herzlich willkommen in der Kr\u00e4uterwerkstatt! <\/p>\n<p>Die KR\u00c4UTERWERKSTATT ist eine kleine Manufaktur im Norden von Graz. &#8211;Das Ergebnis sind &#8222;&#8230;nat\u00fcrliche und vor allem ehrliche Naturprodukte ohne k\u00fcnstliche Zus\u00e4tze&#8230;&#8220; hergestellt in der Steiermark!&#8211;<\/p>\n<p>Wir stecken viel  Liebe und Sorgfalt in die Herstellung unserer Sch\u00e4tze, kreieren immer wieder Neues und geben mit jedem St\u00fcck, dass die KR\u00c4UTERWERKSTATT verl\u00e4sst auch ein St\u00fcck uraltes Wissen \u00fcber die Kraft der Heilkr\u00e4uter weiter.<\/p>\n<p>Unsere Produkte sollen Wohlbefinden f\u00fcr Mensch und Tier schaffen, den K\u00f6rper pflegen und Seele und Geist st\u00e4rken. Und zwar auf nat\u00fcrliche Weise. Das ist die Philosophie der KR\u00c4UTERWERKSTATT.<\/p>\n<p>Unsere Naturprodukte \u00fcberzeugen durch ihre Vielfalt, die hohe Qualit\u00e4t der Inhaltsstoffe, ihre ansprechende Aufmachung und die regionale und nachhaltige Fertigung in \u00d6sterreich.<\/p>\n\n    <\/section>","protected":false},"excerpt":{"rendered":"","protected":false},"author":1,"featured_media":0,"parent":0,"menu_order":0,"comment_status":"closed","ping_status":"closed","template":"","meta":{"_acf_changed":false,"footnotes":""},"class_list":["post-1042","page","type-page","status-publish","hentry"],"acf":[],"_links":{"self":[{"href":"https:\/\/www.regionalis.shop\/kraeuterwerkstatt-natur-aromamanufaktur\/wp-json\/wp\/v2\/pages\/1042","targetHints":{"allow":["GET"]}}],"collection":[{"href":"https:\/\/www.regionalis.shop\/kraeuterwerkstatt-natur-aromamanufaktur\/wp-json\/wp\/v2\/pages"}],"about":[{"href":"https:\/\/www.regionalis.shop\/kraeuterwerkstatt-natur-aromamanufaktur\/wp-json\/wp\/v2\/types\/page"}],"author":[{"embeddable":true,"href":"https:\/\/www.regionalis.shop\/kraeuterwerkstatt-natur-aromamanufaktur\/wp-json\/wp\/v2\/users\/1"}],"replies":[{"embeddable":true,"href":"https:\/\/www.regionalis.shop\/kraeuterwerkstatt-natur-aromamanufaktur\/wp-json\/wp\/v2\/comments?post=1042"}],"version-history":[{"count":2,"href":"https:\/\/www.regionalis.shop\/kraeuterwerkstatt-natur-aromamanufaktur\/wp-json\/wp\/v2\/pages\/1042\/revisions"}],"predecessor-version":[{"id":1044,"href":"https:\/\/www.regionalis.shop\/kraeuterwerkstatt-natur-aromamanufaktur\/wp-json\/wp\/v2\/pages\/1042\/revisions\/1044"}],"wp:attachment":[{"href":"https:\/\/www.regionalis.shop\/kraeuterwerkstatt-natur-aromamanufaktur\/wp-json\/wp\/v2\/media?parent=1042"}],"curies":[{"name":"wp","href":"https:\/\/api.w.org\/{rel}","templated":true}]}}