{"id":862,"date":"2025-05-24T13:44:06","date_gmt":"2025-05-24T11:44:06","guid":{"rendered":"https:\/\/starter.stage.shop-it.at\/?page_id=862"},"modified":"2025-10-23T15:21:37","modified_gmt":"2025-10-23T13:21:37","slug":"startseite","status":"publish","type":"page","link":"https:\/\/www.regionalis.shop\/kraeuterwerkstatt-natur-aromamanufaktur\/","title":{"rendered":"Startseite"},"content":{"rendered":"<section>\n    <div class=\"header-title\">\n        <h1 class=\"h2\">Willkommen bei KR\u00c4UTERWERKSTATT Natur-&amp; Aromamanufaktur<\/h1>\n    <\/div>\n            <h2 class=\"h3\">Handgemacht in Gratwein-Stra\u00dfengel<\/h2>\n                <p>Herzlich willkommen in der Kr\u00e4uterwerkstatt! <\/p>\n<p>Die KR\u00c4UTERWERKSTATT ist eine kleine Manufaktur im Norden von Graz. &#8211;Das Ergebnis sind &#8222;&#8230;nat\u00fcrliche und vor allem ehrliche Naturprodukte ohne k\u00fcnstliche Zus\u00e4tze&#8230;&#8220; hergestellt in der Steiermark!&#8211;<\/p>\n<p>Wir stecken viel  Liebe und Sorgfalt in die Herstellung unserer Sch\u00e4tze, kreieren immer wieder Neues und geben mit jedem St\u00fcck, dass die KR\u00c4UTERWERKSTATT verl\u00e4sst auch ein St\u00fcck uraltes Wissen \u00fcber die Kraft der Heilkr\u00e4uter weiter.<\/p>\n<p>Unsere Produkte sollen Wohlbefinden f\u00fcr Mensch und Tier schaffen, den K\u00f6rper pflegen und Seele und Geist st\u00e4rken. Und zwar auf nat\u00fcrliche Weise. Das ist die Philosophie der KR\u00c4UTERWERKSTATT.<\/p>\n<p>Unsere Naturprodukte \u00fcberzeugen durch ihre Vielfalt, die hohe Qualit\u00e4t der Inhaltsstoffe, ihre ansprechende Aufmachung und die regionale und nachhaltige Fertigung in \u00d6sterreich.<\/p>\n\n    \n    <h3>Produkte<\/h3>\n\n    <div class=\"woocommerce columns-3 \"><ul class=\"products columns-3\">\n<li class=\"product type-product post-1052 status-publish first instock product_cat-aromasprays-duftoele product_cat-freizeit-lifestyle has-post-thumbnail purchasable product-type-simple\">\n\t<a href=\"https:\/\/www.regionalis.shop\/kraeuterwerkstatt-natur-aromamanufaktur\/shop\/aromaspray-kuechenfein\/\" class=\"woocommerce-LoopProduct-link woocommerce-loop-product__link\"><div class=\"wc-block-grid__product-image\"><img loading=\"lazy\" decoding=\"async\" width=\"1024\" height=\"1024\" src=\"https:\/\/www.regionalis.shop\/app\/uploads\/sites\/311\/5700_2023_01_28_15_37_49_672958127.png\" class=\"attachment-large size-large\" alt=\"Aromaspray K\u00dcCHENFEIN\" srcset=\"https:\/\/www.regionalis.shop\/app\/uploads\/sites\/311\/5700_2023_01_28_15_37_49_672958127.png 1024w, https:\/\/www.regionalis.shop\/app\/uploads\/sites\/311\/5700_2023_01_28_15_37_49_672958127-300x300.png 300w, https:\/\/www.regionalis.shop\/app\/uploads\/sites\/311\/5700_2023_01_28_15_37_49_672958127-150x150.png 150w, https:\/\/www.regionalis.shop\/app\/uploads\/sites\/311\/5700_2023_01_28_15_37_49_672958127-768x768.png 768w, https:\/\/www.regionalis.shop\/app\/uploads\/sites\/311\/5700_2023_01_28_15_37_49_672958127-600x600.png 600w, https:\/\/www.regionalis.shop\/app\/uploads\/sites\/311\/5700_2023_01_28_15_37_49_672958127-100x100.png 100w\" sizes=\"auto, (max-width: 1024px) 100vw, 1024px\" \/><\/div><h2 class=\"woocommerce-loop-product__title\">Aromaspray K\u00dcCHENFEIN<\/h2>\n\t<span class=\"price\"><span class=\"woocommerce-Price-amount amount\"><bdi>14,90&nbsp;<span class=\"woocommerce-Price-currencySymbol\">&euro;<\/span><\/bdi><\/span><\/span>\n<\/a><\/li>\n<li class=\"product type-product post-1058 status-publish instock product_cat-null product_cat-sonstiges has-post-thumbnail purchasable product-type-simple\">\n\t<a href=\"https:\/\/www.regionalis.shop\/kraeuterwerkstatt-natur-aromamanufaktur\/shop\/pflege-hautoel-tierpflege\/\" class=\"woocommerce-LoopProduct-link woocommerce-loop-product__link\"><div class=\"wc-block-grid__product-image\"><img loading=\"lazy\" decoding=\"async\" width=\"1024\" height=\"1024\" src=\"https:\/\/www.regionalis.shop\/app\/uploads\/sites\/311\/5700_2023_01_22_19_08_56_565441514.png\" class=\"attachment-large size-large\" alt=\"Pflege-HAUT\u00d6L (Tierpflege)\" srcset=\"https:\/\/www.regionalis.shop\/app\/uploads\/sites\/311\/5700_2023_01_22_19_08_56_565441514.png 1024w, https:\/\/www.regionalis.shop\/app\/uploads\/sites\/311\/5700_2023_01_22_19_08_56_565441514-300x300.png 300w, https:\/\/www.regionalis.shop\/app\/uploads\/sites\/311\/5700_2023_01_22_19_08_56_565441514-150x150.png 150w, https:\/\/www.regionalis.shop\/app\/uploads\/sites\/311\/5700_2023_01_22_19_08_56_565441514-768x768.png 768w, https:\/\/www.regionalis.shop\/app\/uploads\/sites\/311\/5700_2023_01_22_19_08_56_565441514-600x600.png 600w, https:\/\/www.regionalis.shop\/app\/uploads\/sites\/311\/5700_2023_01_22_19_08_56_565441514-100x100.png 100w\" sizes=\"auto, (max-width: 1024px) 100vw, 1024px\" \/><\/div><h2 class=\"woocommerce-loop-product__title\">Pflege-HAUT\u00d6L (Tierpflege)<\/h2>\n\t<span class=\"price\"><span class=\"woocommerce-Price-amount amount\"><bdi>12,90&nbsp;<span class=\"woocommerce-Price-currencySymbol\">&euro;<\/span><\/bdi><\/span><\/span>\n<\/a><\/li>\n<li class=\"product type-product post-1055 status-publish last instock product_cat-aromasprays-duftoele product_cat-freizeit-lifestyle has-post-thumbnail purchasable product-type-simple\">\n\t<a href=\"https:\/\/www.regionalis.shop\/kraeuterwerkstatt-natur-aromamanufaktur\/shop\/wuffelmuffel-felldeo-parfum-tierpflege\/\" class=\"woocommerce-LoopProduct-link woocommerce-loop-product__link\"><div class=\"wc-block-grid__product-image\"><img loading=\"lazy\" decoding=\"async\" width=\"1024\" height=\"1024\" src=\"https:\/\/www.regionalis.shop\/app\/uploads\/sites\/311\/5700_2023_01_22_19_10_47_476540010.png\" class=\"attachment-large size-large\" alt=\"WUFFELMUFFEL Felldeo &amp; Parfum (Tierpflege)\" srcset=\"https:\/\/www.regionalis.shop\/app\/uploads\/sites\/311\/5700_2023_01_22_19_10_47_476540010.png 1024w, https:\/\/www.regionalis.shop\/app\/uploads\/sites\/311\/5700_2023_01_22_19_10_47_476540010-300x300.png 300w, https:\/\/www.regionalis.shop\/app\/uploads\/sites\/311\/5700_2023_01_22_19_10_47_476540010-150x150.png 150w, https:\/\/www.regionalis.shop\/app\/uploads\/sites\/311\/5700_2023_01_22_19_10_47_476540010-768x768.png 768w, https:\/\/www.regionalis.shop\/app\/uploads\/sites\/311\/5700_2023_01_22_19_10_47_476540010-600x600.png 600w, https:\/\/www.regionalis.shop\/app\/uploads\/sites\/311\/5700_2023_01_22_19_10_47_476540010-100x100.png 100w\" sizes=\"auto, (max-width: 1024px) 100vw, 1024px\" \/><\/div><h2 class=\"woocommerce-loop-product__title\">WUFFELMUFFEL Felldeo &#038; Parfum (Tierpflege)<\/h2>\n\t<span class=\"price\"><span class=\"woocommerce-Price-amount amount\"><bdi>14,90&nbsp;<span class=\"woocommerce-Price-currencySymbol\">&euro;<\/span><\/bdi><\/span><\/span>\n<\/a><\/li>\n<\/ul>\n<\/div>\n    <p>\n        <a href=\"https:\/\/www.regionalis.shop\/kraeuterwerkstatt-natur-aromamanufaktur\/shop\/\" class=\"btn btn-primary btn-icon-right\">\n            Alle Produkte <i class=\"bi bi-arrow-right-short\"><\/i>\n        <\/a>\n    <\/p>\n<\/section>\n\n<div data-block-name=\"woocommerce\/store-notices\" class=\"wc-block-store-notices woocommerce alignwide alignwide wp-block-woocommerce-store-notices\"><div class=\"woocommerce-notices-wrapper\"><\/div><\/div>","protected":false},"excerpt":{"rendered":"","protected":false},"author":1,"featured_media":0,"parent":0,"menu_order":0,"comment_status":"closed","ping_status":"closed","template":"template-home.blade.php","meta":{"_acf_changed":false,"footnotes":""},"class_list":["post-862","page","type-page","status-publish","hentry"],"acf":[],"_links":{"self":[{"href":"https:\/\/www.regionalis.shop\/kraeuterwerkstatt-natur-aromamanufaktur\/wp-json\/wp\/v2\/pages\/862","targetHints":{"allow":["GET"]}}],"collection":[{"href":"https:\/\/www.regionalis.shop\/kraeuterwerkstatt-natur-aromamanufaktur\/wp-json\/wp\/v2\/pages"}],"about":[{"href":"https:\/\/www.regionalis.shop\/kraeuterwerkstatt-natur-aromamanufaktur\/wp-json\/wp\/v2\/types\/page"}],"author":[{"embeddable":true,"href":"https:\/\/www.regionalis.shop\/kraeuterwerkstatt-natur-aromamanufaktur\/wp-json\/wp\/v2\/users\/1"}],"replies":[{"embeddable":true,"href":"https:\/\/www.regionalis.shop\/kraeuterwerkstatt-natur-aromamanufaktur\/wp-json\/wp\/v2\/comments?post=862"}],"version-history":[{"count":28,"href":"https:\/\/www.regionalis.shop\/kraeuterwerkstatt-natur-aromamanufaktur\/wp-json\/wp\/v2\/pages\/862\/revisions"}],"predecessor-version":[{"id":1041,"href":"https:\/\/www.regionalis.shop\/kraeuterwerkstatt-natur-aromamanufaktur\/wp-json\/wp\/v2\/pages\/862\/revisions\/1041"}],"wp:attachment":[{"href":"https:\/\/www.regionalis.shop\/kraeuterwerkstatt-natur-aromamanufaktur\/wp-json\/wp\/v2\/media?parent=862"}],"curies":[{"name":"wp","href":"https:\/\/api.w.org\/{rel}","templated":true}]}}