{"id":1052,"date":"2025-04-18T09:35:49","date_gmt":"2025-04-18T07:35:49","guid":{"rendered":"https:\/\/www.regionalis.shop\/kraeuterwerkstatt-natur-aromamanufaktur\/product\/aromaspray-kuechenfein\/"},"modified":"2025-04-18T09:35:49","modified_gmt":"2025-04-18T07:35:49","slug":"aromaspray-kuechenfein","status":"publish","type":"product","link":"https:\/\/www.regionalis.shop\/kraeuterwerkstatt-natur-aromamanufaktur\/shop\/aromaspray-kuechenfein\/","title":{"rendered":"Aromaspray K\u00dcCHENFEIN"},"content":{"rendered":"<p>Aromaspray K\u00dcCHENFEIN<br \/>\nSchlechte Ger\u00fcche\u2026? Zwiebel, Knoblauch oder Fisch\u2026? Kein Problem. Zaubere schnell &#038; einfach Frische in dein Zuhause&#8230;! Ger\u00fcchen nat\u00fcrlich entgegenwirken, die Raumluft reinigen und erfrischen. Diese besonders frische Mischung 100% naturreiner \u00e4therischer \u00d6le unterst\u00fctzt auf nat\u00fcrliche Weise die Neutralisation von schlechten Ger\u00fcchen in der K\u00fcche, im Bad und in Wohnr\u00e4umen. <\/p>\n<p>Was sind Aromasprays&#8230;? \u2013 Wohlbefinden nat\u00fcrlich f\u00f6rdern.<br \/>\nAromasprays sind die ideale M\u00f6glichkeit ein angenehmes Wohlf\u00fchlklima zu schaffen und gleichzeitig das Wohlbefinden zu f\u00f6rdern. Diese Aromasprays enthalten 100% naturreine \u00e4therische \u00d6le und sind frei von Konservierungsmitteln und Farbstoffen. <\/p>\n<p>Was ist drin&#8230;? Rezeptur mit Pfefferminze, Zitrone, &#8230;.<\/p>\n<p>ANWENDUNG: Vor Gebrauch gut sch\u00fctteln und 3-4 Spr\u00fcher im Raum oder Umgebung verteilen.<br \/>\n100ml Zerst\u00e4uber<\/p>\n<p>Hinweis: Zur Raumbeduftung. Keine Arznei, kein Biozid und nicht zur Einnahme. Kinder unter 6 Jahren nur unter Aufsicht, nicht in die Augen spr\u00fchen. Keinesfalls fordere ich dazu auf, eine \u00e4rztliche Behandlung oder Medikation abzubrechen oder sogar zu ersetzen. Heilversprechen gebe ich in keinster Weise ab und ich verspreche auch nichts Derartiges. Hinweise zu Wirkung und Anwendung lt. Literatur.<\/p>\n","protected":false},"excerpt":{"rendered":"<p>Aromaspray K\u00dcCHENFEIN Schlechte Ger\u00fcche\u2026? Zwiebel, Knoblauch oder Fisch\u2026? Kein Problem. Zaubere schnell &#038; einfach Frische in dein Zuhause&#8230;! Ger\u00fcchen nat\u00fcrlich entgegenwirken, die Raumluft reinigen und erfrischen. Diese besonders frische Mischung 100% naturreiner \u00e4therischer \u00d6le unterst\u00fctzt auf nat\u00fcrliche Weise die Neutralisation von schlechten Ger\u00fcchen in der K\u00fcche, im Bad und in Wohnr\u00e4umen. Was sind Aromasprays&#8230;? \u2013 &hellip; <a href=\"https:\/\/www.regionalis.shop\/kraeuterwerkstatt-natur-aromamanufaktur\/shop\/aromaspray-kuechenfein\/\">Continued<\/a><\/p>\n","protected":false},"featured_media":1053,"template":"","meta":{"_acf_changed":false},"product_brand":[],"product_cat":[111,41],"product_tag":[],"class_list":{"0":"post-1052","1":"product","2":"type-product","3":"status-publish","4":"has-post-thumbnail","6":"product_cat-aromasprays-duftoele","7":"product_cat-freizeit-lifestyle","9":"first","10":"instock","11":"purchasable","12":"product-type-simple"},"acf":[],"_links":{"self":[{"href":"https:\/\/www.regionalis.shop\/kraeuterwerkstatt-natur-aromamanufaktur\/wp-json\/wp\/v2\/product\/1052","targetHints":{"allow":["GET"]}}],"collection":[{"href":"https:\/\/www.regionalis.shop\/kraeuterwerkstatt-natur-aromamanufaktur\/wp-json\/wp\/v2\/product"}],"about":[{"href":"https:\/\/www.regionalis.shop\/kraeuterwerkstatt-natur-aromamanufaktur\/wp-json\/wp\/v2\/types\/product"}],"wp:featuredmedia":[{"embeddable":true,"href":"https:\/\/www.regionalis.shop\/kraeuterwerkstatt-natur-aromamanufaktur\/wp-json\/wp\/v2\/media\/1053"}],"wp:attachment":[{"href":"https:\/\/www.regionalis.shop\/kraeuterwerkstatt-natur-aromamanufaktur\/wp-json\/wp\/v2\/media?parent=1052"}],"wp:term":[{"taxonomy":"product_brand","embeddable":true,"href":"https:\/\/www.regionalis.shop\/kraeuterwerkstatt-natur-aromamanufaktur\/wp-json\/wp\/v2\/product_brand?post=1052"},{"taxonomy":"product_cat","embeddable":true,"href":"https:\/\/www.regionalis.shop\/kraeuterwerkstatt-natur-aromamanufaktur\/wp-json\/wp\/v2\/product_cat?post=1052"},{"taxonomy":"product_tag","embeddable":true,"href":"https:\/\/www.regionalis.shop\/kraeuterwerkstatt-natur-aromamanufaktur\/wp-json\/wp\/v2\/product_tag?post=1052"}],"curies":[{"name":"wp","href":"https:\/\/api.w.org\/{rel}","templated":true}]}}