{"id":1055,"date":"2025-04-18T09:31:21","date_gmt":"2025-04-18T07:31:21","guid":{"rendered":"https:\/\/www.regionalis.shop\/kraeuterwerkstatt-natur-aromamanufaktur\/product\/wuffelmuffel-felldeo-parfum-tierpflege\/"},"modified":"2025-04-18T09:31:21","modified_gmt":"2025-04-18T07:31:21","slug":"wuffelmuffel-felldeo-parfum-tierpflege","status":"publish","type":"product","link":"https:\/\/www.regionalis.shop\/kraeuterwerkstatt-natur-aromamanufaktur\/shop\/wuffelmuffel-felldeo-parfum-tierpflege\/","title":{"rendered":"WUFFELMUFFEL Felldeo &#038; Parfum (Tierpflege)"},"content":{"rendered":"<p>WUFFELMUFFEL. Nat\u00fcrliches Felldeo &#038; Hundeparfum<br \/>\nHergestellt in \u00d6sterreich aus rein pflanzlichen, hochwertigen und nat\u00fcrlichen Rohstoffen. Mit einer Duftmischung aus 100% naturreinen \u00e4therischen \u00d6len. <\/p>\n<p>Auf nat\u00fcrliche Weisen gegen unangenehme Ger\u00fcche. Diese speziell auf Fellnasen abgestimmte Duftkomposition aus naturreinen \u00e4therischen \u00d6len hat einen wunderbar dezenten, frisch-fruchtigen Duft, neutralisiert unangenehme Ger\u00fcche auf nat\u00fcrliche Weise und vermittelt langanhaltende Frische.<\/p>\n<p>F\u00dcR WELCHE HUNDERASSE<\/p>\n<p>F\u00fcr alle Hunderassen bestens geeignet.<\/p>\n<p>ANWENDUNG<\/p>\n<p>Gut sch\u00fctteln und bei Bedarf aus einer Entfernung von 15-20cm auf das Fell aufspr\u00fchen, Kontakt mit den Augen vermeiden. <\/p>\n<p>DAS BESONDERE<\/p>\n<p>100% nat\u00fcrlich<br \/>\naus besten Rohstoffen<br \/>\nrein pflanzlich<br \/>\nmit naturreinen \u00e4ther. \u00d6len<br \/>\nohne Konservierungsstoffe<br \/>\nhergestellt in \u00d6sterreich<br \/>\n100ml Zerst\u00e4uber<\/p>\n<p>Inhaltsstoffe in Deutsch:<br \/>\nWasser, Alkohol, \u00e4therische \u00d6le Orange, Krauseminze.<\/p>\n<p>Ingredients:  <\/p>\n<p>AQUA, ALCOHOL, CITRUS AURANTIUM DULCIS OIL, MENTHA SPICITA HERB OIL, CITRAL*, CITRONELLOL*, GERANIOL*, LIMONENE*, LINALOOL*. <\/p>\n<p> *nat\u00fcrlicher Bestandteil\u00e4therischer \u00d6le. <\/p>\n<p>Hinweis: Bestimmt f\u00fcr die Tierpflege, keine Arznei und kein Biozid.<\/p>\n","protected":false},"excerpt":{"rendered":"<p>WUFFELMUFFEL. Nat\u00fcrliches Felldeo &#038; Hundeparfum Hergestellt in \u00d6sterreich aus rein pflanzlichen, hochwertigen und nat\u00fcrlichen Rohstoffen. Mit einer Duftmischung aus 100% naturreinen \u00e4therischen \u00d6len. Auf nat\u00fcrliche Weisen gegen unangenehme Ger\u00fcche. Diese speziell auf Fellnasen abgestimmte Duftkomposition aus naturreinen \u00e4therischen \u00d6len hat einen wunderbar dezenten, frisch-fruchtigen Duft, neutralisiert unangenehme Ger\u00fcche auf nat\u00fcrliche Weise und vermittelt langanhaltende Frische. &hellip; <a href=\"https:\/\/www.regionalis.shop\/kraeuterwerkstatt-natur-aromamanufaktur\/shop\/wuffelmuffel-felldeo-parfum-tierpflege\/\">Continued<\/a><\/p>\n","protected":false},"featured_media":1056,"template":"","meta":{"_acf_changed":false},"product_brand":[],"product_cat":[111,41],"product_tag":[],"class_list":{"0":"post-1055","1":"product","2":"type-product","3":"status-publish","4":"has-post-thumbnail","6":"product_cat-aromasprays-duftoele","7":"product_cat-freizeit-lifestyle","9":"first","10":"instock","11":"purchasable","12":"product-type-simple"},"acf":[],"_links":{"self":[{"href":"https:\/\/www.regionalis.shop\/kraeuterwerkstatt-natur-aromamanufaktur\/wp-json\/wp\/v2\/product\/1055","targetHints":{"allow":["GET"]}}],"collection":[{"href":"https:\/\/www.regionalis.shop\/kraeuterwerkstatt-natur-aromamanufaktur\/wp-json\/wp\/v2\/product"}],"about":[{"href":"https:\/\/www.regionalis.shop\/kraeuterwerkstatt-natur-aromamanufaktur\/wp-json\/wp\/v2\/types\/product"}],"wp:featuredmedia":[{"embeddable":true,"href":"https:\/\/www.regionalis.shop\/kraeuterwerkstatt-natur-aromamanufaktur\/wp-json\/wp\/v2\/media\/1056"}],"wp:attachment":[{"href":"https:\/\/www.regionalis.shop\/kraeuterwerkstatt-natur-aromamanufaktur\/wp-json\/wp\/v2\/media?parent=1055"}],"wp:term":[{"taxonomy":"product_brand","embeddable":true,"href":"https:\/\/www.regionalis.shop\/kraeuterwerkstatt-natur-aromamanufaktur\/wp-json\/wp\/v2\/product_brand?post=1055"},{"taxonomy":"product_cat","embeddable":true,"href":"https:\/\/www.regionalis.shop\/kraeuterwerkstatt-natur-aromamanufaktur\/wp-json\/wp\/v2\/product_cat?post=1055"},{"taxonomy":"product_tag","embeddable":true,"href":"https:\/\/www.regionalis.shop\/kraeuterwerkstatt-natur-aromamanufaktur\/wp-json\/wp\/v2\/product_tag?post=1055"}],"curies":[{"name":"wp","href":"https:\/\/api.w.org\/{rel}","templated":true}]}}