{"id":1058,"date":"2025-04-18T09:31:21","date_gmt":"2025-04-18T07:31:21","guid":{"rendered":"https:\/\/www.regionalis.shop\/kraeuterwerkstatt-natur-aromamanufaktur\/product\/pflege-hautoel-tierpflege\/"},"modified":"2025-04-18T09:31:21","modified_gmt":"2025-04-18T07:31:21","slug":"pflege-hautoel-tierpflege","status":"publish","type":"product","link":"https:\/\/www.regionalis.shop\/kraeuterwerkstatt-natur-aromamanufaktur\/shop\/pflege-hautoel-tierpflege\/","title":{"rendered":"Pflege-HAUT\u00d6L (Tierpflege)"},"content":{"rendered":"<p>Nat\u00fcrliches HAUT\u00d6L f\u00fcr Hunde zur Hautpflege und bei Irritationen<br \/>\nHergestellt in \u00d6sterreich aus rein pflanzlichen, hochwertigen und nat\u00fcrlichen Rohstoffen. Mit Ringelblumen- und Sanddornfruchtfleisch\u00f6l und 100% naturreinem \u00e4therischem \u00d6l. <\/p>\n<p>Zur Pflege irritierter Haut sowie zur Nachpflege von bereits verschlossenen kleinen Wunden. Dieses Haut\u00f6l macht die Haut weich und geschmeidig, unterst\u00fctzt die Wundheilung und hat einen positiven Effekt auf die Narbenbildung. <\/p>\n<p>F\u00dcR WELCHE HUNDERASSE<\/p>\n<p>F\u00fcr alle Hunderassen bestens geeignet &#8211; auch f\u00fcr empfindliche Haut.<\/p>\n<p>ANWENDUNG<\/p>\n<p>Bei Bedarf mehrmals t\u00e4glich auf die betroffene Hautstelle oder die bereits verschlossene Wunde auftragen, um die Regeneration zu unterst\u00fctzen und die Haut zu pflegen. <\/p>\n<p>DAS BESONDERE<\/p>\n<p>100% nat\u00fcrlich<br \/>\naus besten Rohstoffen<br \/>\nrein pflanzlich<br \/>\nmit naturreinen \u00e4ther. \u00d6len<br \/>\nohne Konservierungsstoffe<br \/>\nhergestellt in \u00d6sterreich<br \/>\n50ml Braunglas\/Pipette<\/p>\n<p>Inhaltsstoffe in Deutsch:<br \/>\nRingelblumen\u00f6l, Sanddornfruchtfleisch\u00f6l, \u00e4therische \u00d6le Lavendel, Vitamin E.<\/p>\n<p>Ingredients:  <\/p>\n<p>GLYCINE SOJA OIL, HIPPOPHAE RHAMNOIDES FRUIT OIL, LAVANDULA ANGUSTIFOLIA OIL, CALENDULA OFFICINALIS FLOWER EXTRACT, TOCOPHEROL, LIMONENE*, LINALOOL*. <\/p>\n<p> *nat\u00fcrlicher Bestandteil\u00e4therischer \u00d6le. <\/p>\n<p>Hinweis: Bestimmt f\u00fcr die Tierpflege, keine Arznei und kein Biozid.<\/p>\n","protected":false},"excerpt":{"rendered":"<p>Nat\u00fcrliches HAUT\u00d6L f\u00fcr Hunde zur Hautpflege und bei Irritationen Hergestellt in \u00d6sterreich aus rein pflanzlichen, hochwertigen und nat\u00fcrlichen Rohstoffen. Mit Ringelblumen- und Sanddornfruchtfleisch\u00f6l und 100% naturreinem \u00e4therischem \u00d6l. Zur Pflege irritierter Haut sowie zur Nachpflege von bereits verschlossenen kleinen Wunden. Dieses Haut\u00f6l macht die Haut weich und geschmeidig, unterst\u00fctzt die Wundheilung und hat einen positiven &hellip; <a href=\"https:\/\/www.regionalis.shop\/kraeuterwerkstatt-natur-aromamanufaktur\/shop\/pflege-hautoel-tierpflege\/\">Continued<\/a><\/p>\n","protected":false},"featured_media":1059,"template":"","meta":{"_acf_changed":false},"product_brand":[],"product_cat":[162,83],"product_tag":[],"class_list":{"0":"post-1058","1":"product","2":"type-product","3":"status-publish","4":"has-post-thumbnail","6":"product_cat-null","7":"product_cat-sonstiges","9":"first","10":"instock","11":"purchasable","12":"product-type-simple"},"acf":[],"_links":{"self":[{"href":"https:\/\/www.regionalis.shop\/kraeuterwerkstatt-natur-aromamanufaktur\/wp-json\/wp\/v2\/product\/1058","targetHints":{"allow":["GET"]}}],"collection":[{"href":"https:\/\/www.regionalis.shop\/kraeuterwerkstatt-natur-aromamanufaktur\/wp-json\/wp\/v2\/product"}],"about":[{"href":"https:\/\/www.regionalis.shop\/kraeuterwerkstatt-natur-aromamanufaktur\/wp-json\/wp\/v2\/types\/product"}],"wp:featuredmedia":[{"embeddable":true,"href":"https:\/\/www.regionalis.shop\/kraeuterwerkstatt-natur-aromamanufaktur\/wp-json\/wp\/v2\/media\/1059"}],"wp:attachment":[{"href":"https:\/\/www.regionalis.shop\/kraeuterwerkstatt-natur-aromamanufaktur\/wp-json\/wp\/v2\/media?parent=1058"}],"wp:term":[{"taxonomy":"product_brand","embeddable":true,"href":"https:\/\/www.regionalis.shop\/kraeuterwerkstatt-natur-aromamanufaktur\/wp-json\/wp\/v2\/product_brand?post=1058"},{"taxonomy":"product_cat","embeddable":true,"href":"https:\/\/www.regionalis.shop\/kraeuterwerkstatt-natur-aromamanufaktur\/wp-json\/wp\/v2\/product_cat?post=1058"},{"taxonomy":"product_tag","embeddable":true,"href":"https:\/\/www.regionalis.shop\/kraeuterwerkstatt-natur-aromamanufaktur\/wp-json\/wp\/v2\/product_tag?post=1058"}],"curies":[{"name":"wp","href":"https:\/\/api.w.org\/{rel}","templated":true}]}}