{"id":1064,"date":"2025-04-18T09:30:29","date_gmt":"2025-04-18T07:30:29","guid":{"rendered":"https:\/\/www.regionalis.shop\/kraeuterwerkstatt-natur-aromamanufaktur\/product\/pflegeshampoo-duschgel-kamille\/"},"modified":"2025-04-18T09:30:29","modified_gmt":"2025-04-18T07:30:29","slug":"pflegeshampoo-duschgel-kamille","status":"publish","type":"product","link":"https:\/\/www.regionalis.shop\/kraeuterwerkstatt-natur-aromamanufaktur\/shop\/pflegeshampoo-duschgel-kamille\/","title":{"rendered":"Pflegeshampoo (Duschgel) KAMILLE"},"content":{"rendered":"<p>Pflegeshampoo mit KAMILLE &#8211; die milde Pflege f\u00fcr die ganze Familie!<br \/>\nAls mildes Pflege-Shampoo pflegt es strapaziertes Haar, beruhigt gereizte Kopfhaut und versorgt es dank hochwertiger Pflanzen\u00f6le mit Feuchtigkeit.<br \/>\nMit Kamillenextrakt, Kokos\u00f6l und hochwertigen Pflanzen\u00f6len.<\/p>\n<p>Kamille ist bekannt f\u00fcr ihre entz\u00fcndungshemmenden Eigenschaften, das ist genau der richtige Inhaltsstoff f\u00fcr ein sanftes Shampoo. Es pflegt deine Haare, Kopfhaut und K\u00f6rper ohne zu belasten. Besonders gut geeignet f\u00fcr feines und empfindliches Haar sowie f\u00fcr blondes Haar. Aber auch normales Haar ist mit diesem Shampoo optimal gepflegt \u2013 ein Shampoo f\u00fcr die ganze Familie eben. <\/p>\n<p>Inhaltsstoffe wie Parabene, Palm\u00f6l, Silikone oder Erd\u00f6l suchst du in diesem Produkt vergebens. Dieses Pflegeshampoo wird aus hochwertigen sowie nat\u00fcrlichen Zutaten hergestellt. So pflegt es auf ganz nat\u00fcrliche Weise Haar und Haut. Dieses Pflegeprodukt ist auch f\u00fcr empfindliches Haar- und Hauttypen bestens geeignet! Es w\u00e4scht gr\u00fcndlich und schonend. <\/p>\n<p>Besonders geeignet&#8230;.<br \/>\nbei empfindlichem, feinen u. strapaziertem Haar<br \/>\nf\u00fcr normales Haar<br \/>\nf\u00fcr die besonders milde Haarw\u00e4sche<br \/>\nberuhigt die Kopfhaut<br \/>\nAnwendung<br \/>\nDieses Shampoo ist hochkonzentriert und deswegen sehr ergiebig. So reicht schon eine kleine Menge f\u00fcr eine effektive Haarw\u00e4sche und Duscherlebnis. <\/p>\n<p>330ml<br \/>\nIngredients: Aqua, Sodium Laureth Sulfate, Cocamidopropyl Betaine, Lauryl Glucoside, Coco-Gucoside, Glyceryl Oleate, Parfum, Sheep Milk, Chamomilla Recutita Flower Extract, Glycerin, Sodium Chloride, Glycol Distearate, Laureth-4, Guar Hydroxypropyltrimonium Chloride, Phenoxyethanol, Benzoic Acid, Dehydroacetic Acid, Citric Acid, Glycerin, Formic Acid, Potasium Sorbate, Sodium Benzoate, Citric Acid, Coumarin*, Hexyl Cinnamal*, Linalool*.<\/p>\n<p>*nat\u00fcrlicher Bestandteil \u00e4therischer \u00d6le.<\/p>\n","protected":false},"excerpt":{"rendered":"<p>Pflegeshampoo mit KAMILLE &#8211; die milde Pflege f\u00fcr die ganze Familie! Als mildes Pflege-Shampoo pflegt es strapaziertes Haar, beruhigt gereizte Kopfhaut und versorgt es dank hochwertiger Pflanzen\u00f6le mit Feuchtigkeit. Mit Kamillenextrakt, Kokos\u00f6l und hochwertigen Pflanzen\u00f6len. Kamille ist bekannt f\u00fcr ihre entz\u00fcndungshemmenden Eigenschaften, das ist genau der richtige Inhaltsstoff f\u00fcr ein sanftes Shampoo. Es pflegt deine &hellip; <a href=\"https:\/\/www.regionalis.shop\/kraeuterwerkstatt-natur-aromamanufaktur\/shop\/pflegeshampoo-duschgel-kamille\/\">Continued<\/a><\/p>\n","protected":false},"featured_media":1065,"template":"","meta":{"_acf_changed":false},"product_brand":[],"product_cat":[140,52],"product_tag":[],"class_list":{"0":"post-1064","1":"product","2":"type-product","3":"status-publish","4":"has-post-thumbnail","6":"product_cat-haar-bartpflege","7":"product_cat-kosmetika","9":"first","10":"instock","11":"purchasable","12":"product-type-simple"},"acf":[],"_links":{"self":[{"href":"https:\/\/www.regionalis.shop\/kraeuterwerkstatt-natur-aromamanufaktur\/wp-json\/wp\/v2\/product\/1064","targetHints":{"allow":["GET"]}}],"collection":[{"href":"https:\/\/www.regionalis.shop\/kraeuterwerkstatt-natur-aromamanufaktur\/wp-json\/wp\/v2\/product"}],"about":[{"href":"https:\/\/www.regionalis.shop\/kraeuterwerkstatt-natur-aromamanufaktur\/wp-json\/wp\/v2\/types\/product"}],"wp:featuredmedia":[{"embeddable":true,"href":"https:\/\/www.regionalis.shop\/kraeuterwerkstatt-natur-aromamanufaktur\/wp-json\/wp\/v2\/media\/1065"}],"wp:attachment":[{"href":"https:\/\/www.regionalis.shop\/kraeuterwerkstatt-natur-aromamanufaktur\/wp-json\/wp\/v2\/media?parent=1064"}],"wp:term":[{"taxonomy":"product_brand","embeddable":true,"href":"https:\/\/www.regionalis.shop\/kraeuterwerkstatt-natur-aromamanufaktur\/wp-json\/wp\/v2\/product_brand?post=1064"},{"taxonomy":"product_cat","embeddable":true,"href":"https:\/\/www.regionalis.shop\/kraeuterwerkstatt-natur-aromamanufaktur\/wp-json\/wp\/v2\/product_cat?post=1064"},{"taxonomy":"product_tag","embeddable":true,"href":"https:\/\/www.regionalis.shop\/kraeuterwerkstatt-natur-aromamanufaktur\/wp-json\/wp\/v2\/product_tag?post=1064"}],"curies":[{"name":"wp","href":"https:\/\/api.w.org\/{rel}","templated":true}]}}