{"id":1072,"date":"2025-04-18T09:30:29","date_gmt":"2025-04-18T07:30:29","guid":{"rendered":"https:\/\/www.regionalis.shop\/kraeuterwerkstatt-natur-aromamanufaktur\/product\/raeuchermischung-reinigung\/"},"modified":"2025-04-18T09:30:29","modified_gmt":"2025-04-18T07:30:29","slug":"raeuchermischung-reinigung","status":"publish","type":"product","link":"https:\/\/www.regionalis.shop\/kraeuterwerkstatt-natur-aromamanufaktur\/shop\/raeuchermischung-reinigung\/","title":{"rendered":"R\u00e4uchermischung REINIGUNG"},"content":{"rendered":"<p>Die R\u00e4uchermischung REINIGUNG reinigt und kl\u00e4rt R\u00e4ume und vertreibt unerw\u00fcnschte, negative Fremdenergien.<br \/>\nHergestellt in Handarbeit aus erlesenen Kr\u00e4utern, Beeren und Bl\u00fcten. Zur Reinigung und Kl\u00e4rung von R\u00e4umen von unerw\u00fcnschten Energien. <\/p>\n<p>DAS R\u00c4UCHERN <\/p>\n<p>Das sanfte Glimmen und die edlen D\u00fcfte sind ein Erlebnis f\u00fcr alle Sinne haben eine beruhigende Wirkung auf Geist und Psyche. So kannst du durch das R\u00e4uchern nicht nur R\u00e4ume beduften, sondern dein seelisches Gleichgewicht wieder herstellen und dir selbst auf nat\u00fcrliche Weise eine kleine Auszeit vom stressigen Alltag zaubern. <\/p>\n<p>DER DUFT<\/p>\n<p>Ein heimeliger Duft, der R\u00e4ume reinigt und diese mit Klarheit erf\u00fcllt. <\/p>\n<p>WAS IST DRIN&#8230;?<\/p>\n<p>Diese feine R\u00e4uchermischung enth\u00e4lt ausschlie\u00dflich nat\u00fcrliche, pflanzliche R\u00e4ucherstoffe \u2013 darunter Salbei, Wacholder, Beifu\u00df, Lavendelbl\u00fcten und Schafgarbe. <\/p>\n<p>DIE ANWENDUNG<\/p>\n<p>R\u00e4ucherst\u00f6vchen: Ein R\u00e4ucherst\u00f6vchen ist geeignet, wenn es gen\u00fcgend Abstand zwischen der W\u00e4rmequelle (Teelicht) und dem R\u00e4ucherstoff aufweist. Denn nur durch diese gleichm\u00e4\u00dfige Erw\u00e4rmung werden die R\u00e4ucherstoffe langsam verglimmt und die Duftstoffe sehr schonend und langsam freigesetzt. R\u00e4ucherschalen: F\u00fclle deine R\u00e4ucherschale mit etwas R\u00e4uchersand und entz\u00fcnde die R\u00e4ucherkohle. Verf\u00e4rbt sich diese wei\u00df, platziere sie auf dem Sandbett und lege etwas R\u00e4uchergut darauf. Nun k\u00f6nnen sich die Kr\u00e4uter optimal entfalten.  <\/p>\n<p>75ml Glastiegel<\/p>\n<p>Zur Raumbeduftung.<\/p>\n","protected":false},"excerpt":{"rendered":"<p>Die R\u00e4uchermischung REINIGUNG reinigt und kl\u00e4rt R\u00e4ume und vertreibt unerw\u00fcnschte, negative Fremdenergien. Hergestellt in Handarbeit aus erlesenen Kr\u00e4utern, Beeren und Bl\u00fcten. Zur Reinigung und Kl\u00e4rung von R\u00e4umen von unerw\u00fcnschten Energien. DAS R\u00c4UCHERN Das sanfte Glimmen und die edlen D\u00fcfte sind ein Erlebnis f\u00fcr alle Sinne haben eine beruhigende Wirkung auf Geist und Psyche. So kannst &hellip; <a href=\"https:\/\/www.regionalis.shop\/kraeuterwerkstatt-natur-aromamanufaktur\/shop\/raeuchermischung-reinigung\/\">Continued<\/a><\/p>\n","protected":false},"featured_media":1073,"template":"","meta":{"_acf_changed":false},"product_brand":[],"product_cat":[41,64],"product_tag":[],"class_list":{"0":"post-1072","1":"product","2":"type-product","3":"status-publish","4":"has-post-thumbnail","6":"product_cat-freizeit-lifestyle","7":"product_cat-raeucherwerk","9":"first","10":"instock","11":"purchasable","12":"product-type-simple"},"acf":[],"_links":{"self":[{"href":"https:\/\/www.regionalis.shop\/kraeuterwerkstatt-natur-aromamanufaktur\/wp-json\/wp\/v2\/product\/1072","targetHints":{"allow":["GET"]}}],"collection":[{"href":"https:\/\/www.regionalis.shop\/kraeuterwerkstatt-natur-aromamanufaktur\/wp-json\/wp\/v2\/product"}],"about":[{"href":"https:\/\/www.regionalis.shop\/kraeuterwerkstatt-natur-aromamanufaktur\/wp-json\/wp\/v2\/types\/product"}],"wp:featuredmedia":[{"embeddable":true,"href":"https:\/\/www.regionalis.shop\/kraeuterwerkstatt-natur-aromamanufaktur\/wp-json\/wp\/v2\/media\/1073"}],"wp:attachment":[{"href":"https:\/\/www.regionalis.shop\/kraeuterwerkstatt-natur-aromamanufaktur\/wp-json\/wp\/v2\/media?parent=1072"}],"wp:term":[{"taxonomy":"product_brand","embeddable":true,"href":"https:\/\/www.regionalis.shop\/kraeuterwerkstatt-natur-aromamanufaktur\/wp-json\/wp\/v2\/product_brand?post=1072"},{"taxonomy":"product_cat","embeddable":true,"href":"https:\/\/www.regionalis.shop\/kraeuterwerkstatt-natur-aromamanufaktur\/wp-json\/wp\/v2\/product_cat?post=1072"},{"taxonomy":"product_tag","embeddable":true,"href":"https:\/\/www.regionalis.shop\/kraeuterwerkstatt-natur-aromamanufaktur\/wp-json\/wp\/v2\/product_tag?post=1072"}],"curies":[{"name":"wp","href":"https:\/\/api.w.org\/{rel}","templated":true}]}}