{"id":1075,"date":"2025-04-18T09:30:29","date_gmt":"2025-04-18T07:30:29","guid":{"rendered":"https:\/\/www.regionalis.shop\/kraeuterwerkstatt-natur-aromamanufaktur\/product\/naturseife-fellseife-handgesiedet-tierpflege\/"},"modified":"2025-04-18T09:30:29","modified_gmt":"2025-04-18T07:30:29","slug":"naturseife-fellseife-handgesiedet-tierpflege","status":"publish","type":"product","link":"https:\/\/www.regionalis.shop\/kraeuterwerkstatt-natur-aromamanufaktur\/shop\/naturseife-fellseife-handgesiedet-tierpflege\/","title":{"rendered":"Naturseife FELLSEIFE handgesiedet (Tierpflege)"},"content":{"rendered":"<p>Handgesiedete FELLSEIFE f\u00fcr Hunde<br \/>\nHergestellt in Handarbeit aus rein pflanzlichen und hochwertigen \u00d6len. Mit Oliven\u00f6l, Kokos\u00f6l, Raps\u00f6l, Sonnenblumen\u00f6l, Rizinus\u00f6l und 100% naturreinen \u00e4therischen \u00d6len.<\/p>\n<p>Auch der vierbeinige Liebling muss zu Hause gebadet werden. Aber herk\u00f6mmliche Pflegeprodukte f\u00fcr Hunde enthalten meist chemische Tenside, die die Haut austrocknen und sch\u00e4digen k\u00f6nnen. Und auch zu starker Duft, ist nichts f\u00fcr sensible Hundenasen. Daher ist Naturseife eine wunderbare und besonders nat\u00fcrliche Alternative. <\/p>\n<p>DER DUFT <\/p>\n<p>Diese Seife ist nur leicht beduftet, um das Wohlbefinden des Vierbeiners nicht einzuschr\u00e4nken. Enthalten ist 100% naturreines \u00e4therisches \u00d6l, welches auch noch eine parasitenabweisende Wirkung hat. <\/p>\n<p>F\u00dcR WELCHE HUNDERASSE<\/p>\n<p>F\u00fcr alle Hunderassen bestens geeignet \u2013 auch f\u00fcr empfindliche Haut.<\/p>\n<p>DIE HERSTELLUNG <\/p>\n<p>Diese Seife enth\u00e4lt nur hochwertige Rohstoffe. Das nat\u00fcrliche Glyzerin \u2013 welches bei der Verseifung entsteht \u2013 bleibt bei der schonenden Herstellung erhalten und macht diese Seife besonders hautvertr\u00e4glich. <\/p>\n<p>DAS BESONDERE<\/p>\n<p>handgesiedet und nat\u00fcrlich<br \/>\nmit Oliven, Kokos\u00f6l-, Sonnenblumen-, Raps- u. Rizinus\u00f6l<br \/>\n100% naturreinem \u00e4ther. \u00d6l<br \/>\nrein pflanzlich und vegan<br \/>\nhergestellt in \u00d6sterreich<br \/>\nvon Hand verpackt ohne Plastik<br \/>\nfrei von Konservierungsstoffen<br \/>\n120g Frischgewicht<\/p>\n<p>Inhaltsstoffe in Deutsch:<br \/>\nOliven\u00f6l, Kokos\u00f6l, nat\u00fcrliches Glycerin, Raps\u00f6l, Sonnenblumen\u00f6l, Ricinus\u00f6l, \u00e4ther. Eukalyptus\u00f6l, Farbpigment. <\/p>\n<p>Ingredients:  <\/p>\n<p>SODIUM OLIVATE, SODIUM COCOATE, GLYCERIN, CANOLA OIL, HELIANTHUS ANNUUS SEED OIL, RICINUS COMMUNIS SEED OIL, EUKALYPTUS GLOBULUS LEAF OIL, LIMONENE*, LINALOOL*, CI 77019, 77491.<br \/>\n *nat\u00fcrlicher Bestandteil \u00e4therischer \u00d6le. <\/p>\n<p>Hinweis: Bestimmt f\u00fcr die Tierpflege, keine Arznei und kein Biozid.<\/p>\n","protected":false},"excerpt":{"rendered":"<p>Handgesiedete FELLSEIFE f\u00fcr Hunde Hergestellt in Handarbeit aus rein pflanzlichen und hochwertigen \u00d6len. Mit Oliven\u00f6l, Kokos\u00f6l, Raps\u00f6l, Sonnenblumen\u00f6l, Rizinus\u00f6l und 100% naturreinen \u00e4therischen \u00d6len. Auch der vierbeinige Liebling muss zu Hause gebadet werden. Aber herk\u00f6mmliche Pflegeprodukte f\u00fcr Hunde enthalten meist chemische Tenside, die die Haut austrocknen und sch\u00e4digen k\u00f6nnen. Und auch zu starker Duft, ist &hellip; <a href=\"https:\/\/www.regionalis.shop\/kraeuterwerkstatt-natur-aromamanufaktur\/shop\/naturseife-fellseife-handgesiedet-tierpflege\/\">Continued<\/a><\/p>\n","protected":false},"featured_media":1076,"template":"","meta":{"_acf_changed":false},"product_brand":[],"product_cat":[52,76],"product_tag":[],"class_list":{"0":"post-1075","1":"product","2":"type-product","3":"status-publish","4":"has-post-thumbnail","6":"product_cat-kosmetika","7":"product_cat-seifen","9":"first","10":"instock","11":"purchasable","12":"product-type-simple"},"acf":[],"_links":{"self":[{"href":"https:\/\/www.regionalis.shop\/kraeuterwerkstatt-natur-aromamanufaktur\/wp-json\/wp\/v2\/product\/1075","targetHints":{"allow":["GET"]}}],"collection":[{"href":"https:\/\/www.regionalis.shop\/kraeuterwerkstatt-natur-aromamanufaktur\/wp-json\/wp\/v2\/product"}],"about":[{"href":"https:\/\/www.regionalis.shop\/kraeuterwerkstatt-natur-aromamanufaktur\/wp-json\/wp\/v2\/types\/product"}],"wp:featuredmedia":[{"embeddable":true,"href":"https:\/\/www.regionalis.shop\/kraeuterwerkstatt-natur-aromamanufaktur\/wp-json\/wp\/v2\/media\/1076"}],"wp:attachment":[{"href":"https:\/\/www.regionalis.shop\/kraeuterwerkstatt-natur-aromamanufaktur\/wp-json\/wp\/v2\/media?parent=1075"}],"wp:term":[{"taxonomy":"product_brand","embeddable":true,"href":"https:\/\/www.regionalis.shop\/kraeuterwerkstatt-natur-aromamanufaktur\/wp-json\/wp\/v2\/product_brand?post=1075"},{"taxonomy":"product_cat","embeddable":true,"href":"https:\/\/www.regionalis.shop\/kraeuterwerkstatt-natur-aromamanufaktur\/wp-json\/wp\/v2\/product_cat?post=1075"},{"taxonomy":"product_tag","embeddable":true,"href":"https:\/\/www.regionalis.shop\/kraeuterwerkstatt-natur-aromamanufaktur\/wp-json\/wp\/v2\/product_tag?post=1075"}],"curies":[{"name":"wp","href":"https:\/\/api.w.org\/{rel}","templated":true}]}}