{"id":1083,"date":"2025-04-18T09:30:29","date_gmt":"2025-04-18T07:30:29","guid":{"rendered":"https:\/\/www.regionalis.shop\/kraeuterwerkstatt-natur-aromamanufaktur\/product\/fellwaechter-pflegespray-tierpflege\/"},"modified":"2025-04-18T09:30:29","modified_gmt":"2025-04-18T07:30:29","slug":"fellwaechter-pflegespray-tierpflege","status":"publish","type":"product","link":"https:\/\/www.regionalis.shop\/kraeuterwerkstatt-natur-aromamanufaktur\/shop\/fellwaechter-pflegespray-tierpflege\/","title":{"rendered":"FELLW\u00c4CHTER Pflegespray (Tierpflege)"},"content":{"rendered":"<p>FELLW\u00c4CHTER. Nat\u00fcrlicher Pflegespray f\u00fcr Hunde mit Mehrwert<br \/>\nHergestellt in \u00d6sterreich aus rein pflanzlichen, hochwertigen und nat\u00fcrlichen Rohstoffen. Mit Schwarzk\u00fcmmel\u00f6l und 100% naturreinen \u00e4therischen \u00d6len. <\/p>\n<p>Fellpflegespray mit wertvollem Pflanzen\u00f6l, einer Mischung aus 100% naturreinen \u00e4therischen \u00d6len und einem tollen Nebeneffekt. <\/p>\n<p>D\u00fcfte, welche wir Menschen lieben, haben auf l\u00e4stige Gesellen, wie Zecken, Fl\u00f6he, usw. eine absto\u00dfende Wirkung und vertreiben diese auf nat\u00fcrliche Weise. <\/p>\n<p>F\u00dcR WELCHE HUNDERASSE<\/p>\n<p>F\u00fcr alle Hunderassen bestens geeignet \u2013 auch f\u00fcr empfindliche Haut. <\/p>\n<p>ANWENDUNG<\/p>\n<p>Gut sch\u00fctteln und bei Bedarf entweder 1-2 Spr\u00fcher ins K\u00f6rbchen oder 3-4 Spr\u00fcher in der Umgebung verteilen.<\/p>\n<p>DAS BESONDERE<\/p>\n<p>100% nat\u00fcrlich<br \/>\nmit parasitenabweisendem Duft<br \/>\naus besten Rohstoffen<br \/>\nrein pflanzlich<br \/>\nmit naturreinen \u00e4ther. \u00d6len<br \/>\nohne Konservierungsstoffe<br \/>\nhergestellt in \u00d6sterreich<br \/>\n200ml Zerst\u00e4uber<\/p>\n<p>Inhaltsstoffe in Deutsch:<br \/>\nWasser, Schwarzk\u00fcmmel\u00f6l, Neem\u00f6l-Emulgator, \u00e4therische \u00d6le Eukalyptus, Zitrone, Pfefferminze, Teebaum. <\/p>\n<p>Ingredients:<br \/>\nAQUA, NIGELLA SATIVA SEED OIL, POLYOXYETHYLENFETTS\u00c4REESTER, TRIGLYCERIDETHOXYLAT, EUCALYPTUS GLOBULUS LEAF OIL, CITRUS LIMON PEEL OIL, MENTHA PIPERITA OIL, MELALEUCA ALTERNIFOLIA LEAF OIL, LIMONENE, CITRAL, CITRONELLOL, GERANIOL, LINALOOL.<br \/>\n*nat\u00fcrlicher Bestandteil \u00e4therischer \u00d6le. <\/p>\n<p>Hinweis: Bestimmt f\u00fcr die Tierpflege, keine Arznei und kein Biozid.<\/p>\n","protected":false},"excerpt":{"rendered":"<p>FELLW\u00c4CHTER. Nat\u00fcrlicher Pflegespray f\u00fcr Hunde mit Mehrwert Hergestellt in \u00d6sterreich aus rein pflanzlichen, hochwertigen und nat\u00fcrlichen Rohstoffen. Mit Schwarzk\u00fcmmel\u00f6l und 100% naturreinen \u00e4therischen \u00d6len. Fellpflegespray mit wertvollem Pflanzen\u00f6l, einer Mischung aus 100% naturreinen \u00e4therischen \u00d6len und einem tollen Nebeneffekt. D\u00fcfte, welche wir Menschen lieben, haben auf l\u00e4stige Gesellen, wie Zecken, Fl\u00f6he, usw. eine absto\u00dfende Wirkung &hellip; <a href=\"https:\/\/www.regionalis.shop\/kraeuterwerkstatt-natur-aromamanufaktur\/shop\/fellwaechter-pflegespray-tierpflege\/\">Continued<\/a><\/p>\n","protected":false},"featured_media":1084,"template":"","meta":{"_acf_changed":false},"product_brand":[],"product_cat":[162,83],"product_tag":[],"class_list":{"0":"post-1083","1":"product","2":"type-product","3":"status-publish","4":"has-post-thumbnail","6":"product_cat-null","7":"product_cat-sonstiges","9":"first","10":"instock","11":"purchasable","12":"product-type-simple"},"acf":[],"_links":{"self":[{"href":"https:\/\/www.regionalis.shop\/kraeuterwerkstatt-natur-aromamanufaktur\/wp-json\/wp\/v2\/product\/1083","targetHints":{"allow":["GET"]}}],"collection":[{"href":"https:\/\/www.regionalis.shop\/kraeuterwerkstatt-natur-aromamanufaktur\/wp-json\/wp\/v2\/product"}],"about":[{"href":"https:\/\/www.regionalis.shop\/kraeuterwerkstatt-natur-aromamanufaktur\/wp-json\/wp\/v2\/types\/product"}],"wp:featuredmedia":[{"embeddable":true,"href":"https:\/\/www.regionalis.shop\/kraeuterwerkstatt-natur-aromamanufaktur\/wp-json\/wp\/v2\/media\/1084"}],"wp:attachment":[{"href":"https:\/\/www.regionalis.shop\/kraeuterwerkstatt-natur-aromamanufaktur\/wp-json\/wp\/v2\/media?parent=1083"}],"wp:term":[{"taxonomy":"product_brand","embeddable":true,"href":"https:\/\/www.regionalis.shop\/kraeuterwerkstatt-natur-aromamanufaktur\/wp-json\/wp\/v2\/product_brand?post=1083"},{"taxonomy":"product_cat","embeddable":true,"href":"https:\/\/www.regionalis.shop\/kraeuterwerkstatt-natur-aromamanufaktur\/wp-json\/wp\/v2\/product_cat?post=1083"},{"taxonomy":"product_tag","embeddable":true,"href":"https:\/\/www.regionalis.shop\/kraeuterwerkstatt-natur-aromamanufaktur\/wp-json\/wp\/v2\/product_tag?post=1083"}],"curies":[{"name":"wp","href":"https:\/\/api.w.org\/{rel}","templated":true}]}}