{"id":1086,"date":"2025-04-18T09:30:29","date_gmt":"2025-04-18T07:30:29","guid":{"rendered":"https:\/\/www.regionalis.shop\/kraeuterwerkstatt-natur-aromamanufaktur\/product\/pfoetchen-pflegebalsam-tierpflege\/"},"modified":"2025-04-18T09:30:29","modified_gmt":"2025-04-18T07:30:29","slug":"pfoetchen-pflegebalsam-tierpflege","status":"publish","type":"product","link":"https:\/\/www.regionalis.shop\/kraeuterwerkstatt-natur-aromamanufaktur\/shop\/pfoetchen-pflegebalsam-tierpflege\/","title":{"rendered":"PF\u00d6TCHEN-Pflegebalsam (Tierpflege)"},"content":{"rendered":"<p>Nat\u00fcrliches PF\u00d6TCHEN-PFLEGE-BALSAM f\u00fcr Hunde<br \/>\nHergestellt in \u00d6sterreich aus rein pflanzlichen, hochwertigen und nat\u00fcrlichen Rohstoffen. Mit Ringelblumen- und Jojoba\u00f6l, Sheabutter, Kokos\u00f6l und Bienenwachs \u2013 unbeduftet. <\/p>\n<p>Durch starke Beanspruchung k\u00f6nnen sensible Hundepfoten austrocknen und rissig werden. Dieser Pf\u00f6tchen-Pflege-Balsam unterst\u00fctzt, wenn Hundepf\u00f6tchen leiden und verhindert das Austrocknen, indem es die Pfoten weich und geschmeidig h\u00e4lt. <\/p>\n<p>Die wasserabweisenden Inhaltsstoffen lassen Wasser und Schnee einfach  abperlen und sch\u00fctzen die Pfoten wie eine zweite Haut. Dadurch kann auch das Risiko von Verletzungen minimiert werden.  <\/p>\n<p>F\u00fcr die intensive orange Farbe sorgt der hohe Anteil an Ringelblume. <\/p>\n<p>F\u00dcR WELCHE HUNDERASSE<\/p>\n<p>F\u00fcr alle Hunderassen bestens geeignet &#8211; auch f\u00fcr empfindliche Haut.<\/p>\n<p>ANWENDUNG<\/p>\n<p>Den Balsam f\u00fcr den akuten Einsatz einfach vor dem Spaziergang auf und zwischen den Pfotenballen auftragen und sanft einmassieren. Pr\u00e4ventiv kann er mehrmals t\u00e4glich zur Pflege angewandt werden. Abends aufgetragen, pflegt der Balsam die Hundepfoten noch intensiver. HINWEIS: Das Ablecken der Pfoten ist kein Problem! <\/p>\n<p>DAS BESONDERE<\/p>\n<p>100% nat\u00fcrlich<br \/>\naus besten Rohstoffen<br \/>\nrein pflanzlich<br \/>\nunbeduftet<br \/>\nohne Konservierungsstoffe<br \/>\nhergestellt in \u00d6sterreich<br \/>\n50g Glastiegel<\/p>\n<p>Inhaltsstoffe in Deutsch:<br \/>\nRingelblumen\u00f6l, Jojoba\u00f6l, Bienenwachs, Kakaobutter, Kokos\u00f6l, Vitamin E. <\/p>\n<p>Ingredients:  <\/p>\n<p>GLYCINE SOJA OIL, SIMMONDSIA CHINENSIS SEED OIL, CERA ALBA, BUTYROSPERMUM PARKII BUTTER, COCOS NUCIFERA OIL, CALENDULA OFFICINALIS FLOWER EXTRACT, TOCOPHEROL. <\/p>\n<p>Hinweis: Bestimmt f\u00fcr die Tierpflege, keine Arznei und kein Biozid.<\/p>\n","protected":false},"excerpt":{"rendered":"<p>Nat\u00fcrliches PF\u00d6TCHEN-PFLEGE-BALSAM f\u00fcr Hunde Hergestellt in \u00d6sterreich aus rein pflanzlichen, hochwertigen und nat\u00fcrlichen Rohstoffen. Mit Ringelblumen- und Jojoba\u00f6l, Sheabutter, Kokos\u00f6l und Bienenwachs \u2013 unbeduftet. Durch starke Beanspruchung k\u00f6nnen sensible Hundepfoten austrocknen und rissig werden. Dieser Pf\u00f6tchen-Pflege-Balsam unterst\u00fctzt, wenn Hundepf\u00f6tchen leiden und verhindert das Austrocknen, indem es die Pfoten weich und geschmeidig h\u00e4lt. Die wasserabweisenden Inhaltsstoffen &hellip; <a href=\"https:\/\/www.regionalis.shop\/kraeuterwerkstatt-natur-aromamanufaktur\/shop\/pfoetchen-pflegebalsam-tierpflege\/\">Continued<\/a><\/p>\n","protected":false},"featured_media":1087,"template":"","meta":{"_acf_changed":false},"product_brand":[],"product_cat":[162,83],"product_tag":[],"class_list":{"0":"post-1086","1":"product","2":"type-product","3":"status-publish","4":"has-post-thumbnail","6":"product_cat-null","7":"product_cat-sonstiges","9":"first","10":"instock","11":"purchasable","12":"product-type-simple"},"acf":[],"_links":{"self":[{"href":"https:\/\/www.regionalis.shop\/kraeuterwerkstatt-natur-aromamanufaktur\/wp-json\/wp\/v2\/product\/1086","targetHints":{"allow":["GET"]}}],"collection":[{"href":"https:\/\/www.regionalis.shop\/kraeuterwerkstatt-natur-aromamanufaktur\/wp-json\/wp\/v2\/product"}],"about":[{"href":"https:\/\/www.regionalis.shop\/kraeuterwerkstatt-natur-aromamanufaktur\/wp-json\/wp\/v2\/types\/product"}],"wp:featuredmedia":[{"embeddable":true,"href":"https:\/\/www.regionalis.shop\/kraeuterwerkstatt-natur-aromamanufaktur\/wp-json\/wp\/v2\/media\/1087"}],"wp:attachment":[{"href":"https:\/\/www.regionalis.shop\/kraeuterwerkstatt-natur-aromamanufaktur\/wp-json\/wp\/v2\/media?parent=1086"}],"wp:term":[{"taxonomy":"product_brand","embeddable":true,"href":"https:\/\/www.regionalis.shop\/kraeuterwerkstatt-natur-aromamanufaktur\/wp-json\/wp\/v2\/product_brand?post=1086"},{"taxonomy":"product_cat","embeddable":true,"href":"https:\/\/www.regionalis.shop\/kraeuterwerkstatt-natur-aromamanufaktur\/wp-json\/wp\/v2\/product_cat?post=1086"},{"taxonomy":"product_tag","embeddable":true,"href":"https:\/\/www.regionalis.shop\/kraeuterwerkstatt-natur-aromamanufaktur\/wp-json\/wp\/v2\/product_tag?post=1086"}],"curies":[{"name":"wp","href":"https:\/\/api.w.org\/{rel}","templated":true}]}}