{"id":1090,"date":"2025-04-18T09:30:29","date_gmt":"2025-04-18T07:30:29","guid":{"rendered":"https:\/\/www.regionalis.shop\/kraeuterwerkstatt-natur-aromamanufaktur\/product\/aromaspray-fellkind-tierpflege\/"},"modified":"2025-04-18T09:30:29","modified_gmt":"2025-04-18T07:30:29","slug":"aromaspray-fellkind-tierpflege","status":"publish","type":"product","link":"https:\/\/www.regionalis.shop\/kraeuterwerkstatt-natur-aromamanufaktur\/shop\/aromaspray-fellkind-tierpflege\/","title":{"rendered":"Aromaspray FELLKIND (Tierpflege)"},"content":{"rendered":"<p>Aromaspray FELLKIND zur Entspannung und Beruhigung bei Stress und Angst<br \/>\nHergestellt in \u00d6sterreich aus rein pflanzlichen, hochwertigen und nat\u00fcrlichen Rohstoffen. Mit einer Duftmischung aus 100% naturreinen \u00e4therischen \u00d6len. <\/p>\n<p>Mit nat\u00fcrlichen \u00e4therischen \u00d6len ist man in der Lage, \u00c4ngste, Stress und Unbehagen auszuleiten und durch Ruhe, Frieden und Gelassenheit zu ersetzen. <\/p>\n<p>Dieser kuschlige Aromaspray vermittelt Geborgenheit und unterst\u00fctzt deine Fellnase bei Angstzust\u00e4nden, beim alleine bleiben und in ungewohntem Umfeld. Weiters f\u00f6rdert diese spezielle Duftmischung die Entspannung bei Stress, an aufregenden Tagen, auf Reisen und in neuer Umgebung. <\/p>\n<p>F\u00dcR WELCHE HUNDERASSE<\/p>\n<p>F\u00fcr alle Hunderassen bestens geeignet.<\/p>\n<p>ANWENDUNG<\/p>\n<p>Gut sch\u00fctteln und bei Bedarf entweder 1-2 Spr\u00fcher ins K\u00f6rbchen oder 3-4 Spr\u00fcher in der Umgebung verteilen.<\/p>\n<p>DAS BESONDERE<\/p>\n<p>100% nat\u00fcrlich<br \/>\naus besten Rohstoffen<br \/>\nrein pflanzlich<br \/>\nmit naturreinen \u00e4ther. \u00d6len<br \/>\nohne Konservierungsstoffe<br \/>\nhergestellt in \u00d6sterreich<br \/>\n100ml Zerst\u00e4uber<\/p>\n<p>Inhaltsstoffe in Deutsch:<br \/>\nWasser, Alkohol, \u00e4therische \u00d6le Lavendel, Orange, Mandarine, Vanilleextrakt.<\/p>\n<p>Ingredients:  <\/p>\n<p>AQUA, ALCOHOL, LAVANDULA ANGUSTIFOLIA OIL, CITRUS AURANTIUM DULCIS OIL, CITRUS RETICULATA PEEL OIL, VANILLA EXTRACT, LIMONENE*, LINALOOL*, CITRAL*, CITRONELLOL*, GERANIOL*. <\/p>\n<p> *nat\u00fcrlicher Bestandteil \u00e4therischer \u00d6le. <\/p>\n<p>Hinweis: Bestimmt f\u00fcr die Tierpflege, keine Arznei und kein Biozid.<\/p>\n","protected":false},"excerpt":{"rendered":"<p>Aromaspray FELLKIND zur Entspannung und Beruhigung bei Stress und Angst Hergestellt in \u00d6sterreich aus rein pflanzlichen, hochwertigen und nat\u00fcrlichen Rohstoffen. Mit einer Duftmischung aus 100% naturreinen \u00e4therischen \u00d6len. Mit nat\u00fcrlichen \u00e4therischen \u00d6len ist man in der Lage, \u00c4ngste, Stress und Unbehagen auszuleiten und durch Ruhe, Frieden und Gelassenheit zu ersetzen. Dieser kuschlige Aromaspray vermittelt Geborgenheit &hellip; <a href=\"https:\/\/www.regionalis.shop\/kraeuterwerkstatt-natur-aromamanufaktur\/shop\/aromaspray-fellkind-tierpflege\/\">Continued<\/a><\/p>\n","protected":false},"featured_media":1091,"template":"","meta":{"_acf_changed":false},"product_brand":[],"product_cat":[111,41],"product_tag":[],"class_list":{"0":"post-1090","1":"product","2":"type-product","3":"status-publish","4":"has-post-thumbnail","6":"product_cat-aromasprays-duftoele","7":"product_cat-freizeit-lifestyle","9":"first","10":"instock","11":"purchasable","12":"product-type-simple"},"acf":[],"_links":{"self":[{"href":"https:\/\/www.regionalis.shop\/kraeuterwerkstatt-natur-aromamanufaktur\/wp-json\/wp\/v2\/product\/1090","targetHints":{"allow":["GET"]}}],"collection":[{"href":"https:\/\/www.regionalis.shop\/kraeuterwerkstatt-natur-aromamanufaktur\/wp-json\/wp\/v2\/product"}],"about":[{"href":"https:\/\/www.regionalis.shop\/kraeuterwerkstatt-natur-aromamanufaktur\/wp-json\/wp\/v2\/types\/product"}],"wp:featuredmedia":[{"embeddable":true,"href":"https:\/\/www.regionalis.shop\/kraeuterwerkstatt-natur-aromamanufaktur\/wp-json\/wp\/v2\/media\/1091"}],"wp:attachment":[{"href":"https:\/\/www.regionalis.shop\/kraeuterwerkstatt-natur-aromamanufaktur\/wp-json\/wp\/v2\/media?parent=1090"}],"wp:term":[{"taxonomy":"product_brand","embeddable":true,"href":"https:\/\/www.regionalis.shop\/kraeuterwerkstatt-natur-aromamanufaktur\/wp-json\/wp\/v2\/product_brand?post=1090"},{"taxonomy":"product_cat","embeddable":true,"href":"https:\/\/www.regionalis.shop\/kraeuterwerkstatt-natur-aromamanufaktur\/wp-json\/wp\/v2\/product_cat?post=1090"},{"taxonomy":"product_tag","embeddable":true,"href":"https:\/\/www.regionalis.shop\/kraeuterwerkstatt-natur-aromamanufaktur\/wp-json\/wp\/v2\/product_tag?post=1090"}],"curies":[{"name":"wp","href":"https:\/\/api.w.org\/{rel}","templated":true}]}}